{"id":12834,"date":"2024-04-09T01:08:23","date_gmt":"2024-04-09T01:08:23","guid":{"rendered":"https:\/\/simfoniya.az\/?post_type=product&#038;p=12834"},"modified":"2025-01-28T12:51:45","modified_gmt":"2025-01-28T12:51:45","slug":"grespania-bahamas-blanco-30x90","status":"publish","type":"product","link":"https:\/\/simfoniya.az\/en\/product\/grespania-bahamas-blanco-30x90\/","title":{"rendered":"Grespania Bahamas"},"content":{"rendered":"<div class=\"flex max-w-full flex-col flex-grow\">\n<div class=\"min-h-8 text-message flex w-full flex-col items-end gap-2 whitespace-normal break-words [.text-message+&amp;]:mt-5\" dir=\"auto\" data-message-author-role=\"assistant\" data-message-id=\"1e18df28-edbb-498d-bd85-e6ceaff01ac6\" data-message-model-slug=\"gpt-4o\">\n<div class=\"flex w-full flex-col gap-1 empty:hidden first:pt-[3px]\">\n<div class=\"markdown prose w-full break-words dark:prose-invert light\">\n<p>Bu plit\u0259 a\u011f r\u0259ngd\u0259dir v\u0259 \u00fcf\u00fcqi zolaql\u0131 bir dizayna malikdir. Zolaqlar\u0131n m\u00fcxt\u0259lif qal\u0131nl\u0131qlar\u0131 v\u0259 d\u00fcz\u00fcl\u00fc\u015f\u00fc divara inc\u0259 tekstura v\u0259 d\u0259rinlik \u0259lav\u0259 edir. Minimalist v\u0259 m\u00fcasir interyerl\u0259r \u00fc\u00e7\u00fcn ideal se\u00e7imdir, x\u00fcsusil\u0259 i\u015f\u0131ql\u0131 v\u0259 geni\u015f m\u0259kanlarda istifad\u0259 oluna bil\u0259r.<\/p>\n<\/div>\n<\/div>\n<\/div>\n<\/div>\n<div class=\"mb-2 flex gap-3 empty:hidden -ml-2\">\n<div class=\"items-center justify-start rounded-xl p-1 flex\">\n<div class=\"flex items-center\"><button class=\"rounded-lg text-token-text-secondary hover:bg-token-main-surface-secondary\" aria-label=\"Read aloud\" data-testid=\"voice-play-turn-action-button\"><\/button><button class=\"rounded-lg text-token-text-secondary hover:bg-token-main-surface-secondary\" aria-label=\"\u041a\u043e\u043f\u0438\u0440\u043e\u0432\u0430\u0442\u044c\" data-testid=\"copy-turn-action-button\"><\/button><\/p>\n<div class=\"flex\"><\/div>\n<div class=\"flex items-center pb-0\"><\/div>\n<\/div>\n<\/div>\n<\/div>\n","protected":false},"excerpt":{"rendered":"<p>This tile is white in color and has a horizontal stripe design. The different thicknesses and arrangements of the stripes add subtle texture and depth to the wall. It is an ideal choice for minimalist and modern interiors, especially in bright and spacious spaces.<\/p>","protected":false},"featured_media":15832,"comment_status":"closed","ping_status":"closed","template":"","meta":[],"product_brand":[],"product_cat":[1662,1658,403,76,1660,1657,1661],"product_tag":[72,71,68,69,73,67,70],"collection":[],"brand":[312],"category_2":[],"catergory_brand":[],"class_list":{"0":"post-12834","1":"product","2":"type-product","3":"status-publish","4":"has-post-thumbnail","6":"product_cat-decorative-tiles","7":"product_cat-floor-tiles","8":"product_cat-bathroom-tiles","9":"product_cat-all","10":"product_cat-kitchen-tiles","11":"product_cat-ceramic-tiles","12":"product_cat-exterior-tiles","13":"product_tag-bath-tiles","14":"product_tag-bedroom-tiles","15":"product_tag-ceramic","16":"product_tag-ceramic-tiles","17":"product_tag-interior-tiles","18":"product_tag-tiles","19":"product_tag-wall-tiltes","20":"brand-grespania","22":"first","23":"instock","24":"shipping-taxable","25":"product-type-simple"},"_links":{"self":[{"href":"https:\/\/simfoniya.az\/en\/wp-json\/wp\/v2\/product\/12834","targetHints":{"allow":["GET"]}}],"collection":[{"href":"https:\/\/simfoniya.az\/en\/wp-json\/wp\/v2\/product"}],"about":[{"href":"https:\/\/simfoniya.az\/en\/wp-json\/wp\/v2\/types\/product"}],"replies":[{"embeddable":true,"href":"https:\/\/simfoniya.az\/en\/wp-json\/wp\/v2\/comments?post=12834"}],"wp:featuredmedia":[{"embeddable":true,"href":"https:\/\/simfoniya.az\/en\/wp-json\/wp\/v2\/media\/15832"}],"wp:attachment":[{"href":"https:\/\/simfoniya.az\/en\/wp-json\/wp\/v2\/media?parent=12834"}],"wp:term":[{"taxonomy":"product_brand","embeddable":true,"href":"https:\/\/simfoniya.az\/en\/wp-json\/wp\/v2\/product_brand?post=12834"},{"taxonomy":"product_cat","embeddable":true,"href":"https:\/\/simfoniya.az\/en\/wp-json\/wp\/v2\/product_cat?post=12834"},{"taxonomy":"product_tag","embeddable":true,"href":"https:\/\/simfoniya.az\/en\/wp-json\/wp\/v2\/product_tag?post=12834"},{"taxonomy":"collection","embeddable":true,"href":"https:\/\/simfoniya.az\/en\/wp-json\/wp\/v2\/collection?post=12834"},{"taxonomy":"brand","embeddable":true,"href":"https:\/\/simfoniya.az\/en\/wp-json\/wp\/v2\/brand?post=12834"},{"taxonomy":"category_2","embeddable":true,"href":"https:\/\/simfoniya.az\/en\/wp-json\/wp\/v2\/category_2?post=12834"},{"taxonomy":"catergory_brand","embeddable":true,"href":"https:\/\/simfoniya.az\/en\/wp-json\/wp\/v2\/catergory_brand?post=12834"}],"curies":[{"name":"wp","href":"https:\/\/api.w.org\/{rel}","templated":true}]}}