{"id":12835,"date":"2024-04-09T01:08:23","date_gmt":"2024-04-09T01:08:23","guid":{"rendered":"https:\/\/simfoniya.az\/?post_type=product&#038;p=12835"},"modified":"2025-01-28T12:52:04","modified_gmt":"2025-01-28T12:52:04","slug":"grespania-bahamas-negro-30x90","status":"publish","type":"product","link":"https:\/\/simfoniya.az\/en\/product\/grespania-bahamas-negro-30x90\/","title":{"rendered":"Grespania Bahamas"},"content":{"rendered":"<div class=\"flex max-w-full flex-col flex-grow\">\n<div class=\"min-h-8 text-message flex w-full flex-col items-end gap-2 whitespace-normal break-words [.text-message+&amp;]:mt-5\" dir=\"auto\" data-message-author-role=\"assistant\" data-message-id=\"3cf024fd-fc95-444d-8b60-61253f1c45dc\" data-message-model-slug=\"gpt-4o\">\n<div class=\"flex w-full flex-col gap-1 empty:hidden first:pt-[3px]\">\n<div class=\"markdown prose w-full break-words dark:prose-invert light\">\n<p>Zolaqlar\u0131n f\u0259rqli qal\u0131nl\u0131qlar\u0131 v\u0259 m\u00fcxt\u0259lif s\u0259viyy\u0259l\u0259rd\u0259 yerl\u0259\u015fm\u0259si divara tekstura v\u0259 d\u0259rinlik qat\u0131r. M\u00fcasir v\u0259 z\u0259rif interyerl\u0259r \u00fc\u00e7\u00fcn uy\u011fundur, x\u00fcsusil\u0259 qaranl\u0131q v\u0259 dramatik atmosfer yaratmaq ist\u0259y\u0259n m\u0259kanlarda istifad\u0259 edil\u0259 bil\u0259r.<\/p>\n<\/div>\n<\/div>\n<\/div>\n<\/div>\n<div class=\"mb-2 flex gap-3 empty:hidden -ml-2\">\n<div class=\"items-center justify-start rounded-xl p-1 flex\">\n<div class=\"flex items-center\"><button class=\"rounded-lg text-token-text-secondary hover:bg-token-main-surface-secondary\" aria-label=\"Read aloud\" data-testid=\"voice-play-turn-action-button\"><\/button><button class=\"rounded-lg text-token-text-secondary hover:bg-token-main-surface-secondary\" aria-label=\"\u041a\u043e\u043f\u0438\u0440\u043e\u0432\u0430\u0442\u044c\" data-testid=\"copy-turn-action-button\"><\/button><\/p>\n<div class=\"flex\"><\/div>\n<div class=\"flex items-center pb-0\"><\/div>\n<\/div>\n<\/div>\n<\/div>\n","protected":false},"excerpt":{"rendered":"<p>The different thicknesses and placement of the strips at different levels add texture and depth to the wall. Suitable for modern and elegant interiors, it can be used especially in spaces that want to create a dark and dramatic atmosphere.<\/p>","protected":false},"featured_media":15834,"comment_status":"closed","ping_status":"closed","template":"","meta":[],"product_brand":[],"product_cat":[1662,1658,1660,1657,1661,76,403],"product_tag":[72,71,68,69,73,67,70],"collection":[],"brand":[312],"category_2":[],"catergory_brand":[],"class_list":{"0":"post-12835","1":"product","2":"type-product","3":"status-publish","4":"has-post-thumbnail","6":"product_cat-decorative-tiles","7":"product_cat-floor-tiles","8":"product_cat-kitchen-tiles","9":"product_cat-ceramic-tiles","10":"product_cat-exterior-tiles","11":"product_cat-all","12":"product_cat-bathroom-tiles","13":"product_tag-bath-tiles","14":"product_tag-bedroom-tiles","15":"product_tag-ceramic","16":"product_tag-ceramic-tiles","17":"product_tag-interior-tiles","18":"product_tag-tiles","19":"product_tag-wall-tiltes","20":"brand-grespania","22":"first","23":"instock","24":"shipping-taxable","25":"product-type-simple"},"_links":{"self":[{"href":"https:\/\/simfoniya.az\/en\/wp-json\/wp\/v2\/product\/12835","targetHints":{"allow":["GET"]}}],"collection":[{"href":"https:\/\/simfoniya.az\/en\/wp-json\/wp\/v2\/product"}],"about":[{"href":"https:\/\/simfoniya.az\/en\/wp-json\/wp\/v2\/types\/product"}],"replies":[{"embeddable":true,"href":"https:\/\/simfoniya.az\/en\/wp-json\/wp\/v2\/comments?post=12835"}],"wp:featuredmedia":[{"embeddable":true,"href":"https:\/\/simfoniya.az\/en\/wp-json\/wp\/v2\/media\/15834"}],"wp:attachment":[{"href":"https:\/\/simfoniya.az\/en\/wp-json\/wp\/v2\/media?parent=12835"}],"wp:term":[{"taxonomy":"product_brand","embeddable":true,"href":"https:\/\/simfoniya.az\/en\/wp-json\/wp\/v2\/product_brand?post=12835"},{"taxonomy":"product_cat","embeddable":true,"href":"https:\/\/simfoniya.az\/en\/wp-json\/wp\/v2\/product_cat?post=12835"},{"taxonomy":"product_tag","embeddable":true,"href":"https:\/\/simfoniya.az\/en\/wp-json\/wp\/v2\/product_tag?post=12835"},{"taxonomy":"collection","embeddable":true,"href":"https:\/\/simfoniya.az\/en\/wp-json\/wp\/v2\/collection?post=12835"},{"taxonomy":"brand","embeddable":true,"href":"https:\/\/simfoniya.az\/en\/wp-json\/wp\/v2\/brand?post=12835"},{"taxonomy":"category_2","embeddable":true,"href":"https:\/\/simfoniya.az\/en\/wp-json\/wp\/v2\/category_2?post=12835"},{"taxonomy":"catergory_brand","embeddable":true,"href":"https:\/\/simfoniya.az\/en\/wp-json\/wp\/v2\/catergory_brand?post=12835"}],"curies":[{"name":"wp","href":"https:\/\/api.w.org\/{rel}","templated":true}]}}