{"id":12962,"date":"2024-04-09T01:09:40","date_gmt":"2024-04-09T01:09:40","guid":{"rendered":"https:\/\/simfoniya.az\/?post_type=product&#038;p=12962"},"modified":"2024-11-04T11:48:52","modified_gmt":"2024-11-04T11:48:52","slug":"grespania-palace-rodas-ne-59x59","status":"publish","type":"product","link":"https:\/\/simfoniya.az\/en\/product\/grespania-palace-rodas-ne-59x59\/","title":{"rendered":"Grespania Palace"},"content":{"rendered":"<div class=\"flex max-w-full flex-col flex-grow\">\n<div class=\"min-h-8 text-message flex w-full flex-col items-end gap-2 whitespace-normal break-words [.text-message+&amp;]:mt-5\" dir=\"auto\" data-message-author-role=\"assistant\" data-message-id=\"5fcd3c5f-7715-4827-9302-09ab45e77aa6\" data-message-model-slug=\"gpt-4o\">\n<div class=\"flex w-full flex-col gap-1 empty:hidden first:pt-[3px]\">\n<div class=\"markdown prose w-full break-words dark:prose-invert light\">\n<p>Bu m\u0259hsul z\u0259rif qara m\u0259rm\u0259r nax\u0131\u015fl\u0131 plitkad\u0131r. Q\u0131z\u0131l damarl\u0131 dizayn\u0131 il\u0259 m\u0259kanlara l\u00fcks v\u0259 elegant bir toxunu\u015f b\u0259x\u015f edir. Hem d\u00f6\u015f\u0259m\u0259, h\u0259m d\u0259 divar \u00fc\u00e7\u00fcn istifad\u0259 edil\u0259 bil\u0259r, x\u00fcsusil\u0259 banyolar, m\u0259tb\u0259xl\u0259r v\u0259 salonlar \u00fc\u00e7\u00fcn m\u00fck\u0259mm\u0259l se\u00e7imdir.<\/p>\n<\/div>\n<\/div>\n<\/div>\n<\/div>\n<div class=\"mb-2 flex gap-3 empty:hidden -ml-2\">\n<div class=\"items-center justify-start rounded-xl p-1 flex\">\n<div class=\"flex items-center justify-center rounded-lg text-token-text-secondary\">\n<p>&nbsp;<\/p>\n<div class=\"px-0.5 text-sm font-semibold tabular-nums\"><\/div>\n<\/div>\n<\/div>\n<\/div>\n","protected":false},"excerpt":{"rendered":"<p>This product is an elegant black marble patterned tile. It gives the space a luxurious and elegant touch with its golden vein design. It can be used for both floor and wall, especially perfect choice for bathrooms, kitchens and living rooms. &nbsp;<\/p>","protected":false},"featured_media":16081,"comment_status":"closed","ping_status":"closed","template":"","meta":[],"product_brand":[],"product_cat":[357,76],"product_tag":[72,71,68,69,73,67,70],"collection":[],"brand":[312],"category_2":[],"catergory_brand":[],"class_list":{"0":"post-12962","1":"product","2":"type-product","3":"status-publish","4":"has-post-thumbnail","6":"product_cat-wall-tiles","7":"product_cat-all","8":"product_tag-bath-tiles","9":"product_tag-bedroom-tiles","10":"product_tag-ceramic","11":"product_tag-ceramic-tiles","12":"product_tag-interior-tiles","13":"product_tag-tiles","14":"product_tag-wall-tiltes","15":"brand-grespania","17":"first","18":"outofstock","19":"shipping-taxable","20":"product-type-simple"},"_links":{"self":[{"href":"https:\/\/simfoniya.az\/en\/wp-json\/wp\/v2\/product\/12962","targetHints":{"allow":["GET"]}}],"collection":[{"href":"https:\/\/simfoniya.az\/en\/wp-json\/wp\/v2\/product"}],"about":[{"href":"https:\/\/simfoniya.az\/en\/wp-json\/wp\/v2\/types\/product"}],"replies":[{"embeddable":true,"href":"https:\/\/simfoniya.az\/en\/wp-json\/wp\/v2\/comments?post=12962"}],"wp:featuredmedia":[{"embeddable":true,"href":"https:\/\/simfoniya.az\/en\/wp-json\/wp\/v2\/media\/16081"}],"wp:attachment":[{"href":"https:\/\/simfoniya.az\/en\/wp-json\/wp\/v2\/media?parent=12962"}],"wp:term":[{"taxonomy":"product_brand","embeddable":true,"href":"https:\/\/simfoniya.az\/en\/wp-json\/wp\/v2\/product_brand?post=12962"},{"taxonomy":"product_cat","embeddable":true,"href":"https:\/\/simfoniya.az\/en\/wp-json\/wp\/v2\/product_cat?post=12962"},{"taxonomy":"product_tag","embeddable":true,"href":"https:\/\/simfoniya.az\/en\/wp-json\/wp\/v2\/product_tag?post=12962"},{"taxonomy":"collection","embeddable":true,"href":"https:\/\/simfoniya.az\/en\/wp-json\/wp\/v2\/collection?post=12962"},{"taxonomy":"brand","embeddable":true,"href":"https:\/\/simfoniya.az\/en\/wp-json\/wp\/v2\/brand?post=12962"},{"taxonomy":"category_2","embeddable":true,"href":"https:\/\/simfoniya.az\/en\/wp-json\/wp\/v2\/category_2?post=12962"},{"taxonomy":"catergory_brand","embeddable":true,"href":"https:\/\/simfoniya.az\/en\/wp-json\/wp\/v2\/catergory_brand?post=12962"}],"curies":[{"name":"wp","href":"https:\/\/api.w.org\/{rel}","templated":true}]}}