{"id":12967,"date":"2024-04-09T01:09:42","date_gmt":"2024-04-09T01:09:42","guid":{"rendered":"https:\/\/simfoniya.az\/?post_type=product&#038;p=12967"},"modified":"2025-01-28T13:01:51","modified_gmt":"2025-01-28T13:01:51","slug":"grespania-tepuy-secuoya-30x30","status":"publish","type":"product","link":"https:\/\/simfoniya.az\/en\/product\/grespania-tepuy-secuoya-30x30\/","title":{"rendered":"Grespania Tepuy"},"content":{"rendered":"<div class=\"flex max-w-full flex-col flex-grow\">\n<div class=\"min-h-8 text-message flex w-full flex-col items-end gap-2 whitespace-normal break-words [.text-message+&amp;]:mt-5\" dir=\"auto\" data-message-author-role=\"assistant\" data-message-id=\"32e7ef1c-fd4b-4af8-a035-c45ff0e5d3a2\" data-message-model-slug=\"gpt-4o\">\n<div class=\"flex w-full flex-col gap-1 empty:hidden first:pt-[3px]\">\n<div class=\"markdown prose w-full break-words dark:prose-invert light\">\n<p>Bu m\u0259hsul m\u00fcxt\u0259lif \u00e7alarlarda taxta g\u00f6r\u00fcn\u00fc\u015fl\u00fc mozaika plitkas\u0131d\u0131r. T\u0259bii taxta effektini \u0259ks etdir\u0259n dizayn\u0131 il\u0259 interyerl\u0259r\u0259 isti v\u0259 t\u0259bii atmosfer qatmaq \u00fc\u00e7\u00fcn ideald\u0131r. D\u00f6\u015f\u0259m\u0259 v\u0259 divar \u00f6rt\u00fcy\u00fc \u00fc\u00e7\u00fcn uy\u011fundur.<\/p>\n<\/div>\n<\/div>\n<\/div>\n<\/div>\n<div class=\"mb-2 flex gap-3 empty:hidden -ml-2\">\n<div class=\"items-center justify-start rounded-xl p-1 flex\">\n<div class=\"flex items-center\">\n<p>&nbsp;<\/p>\n<div class=\"flex\"><\/div>\n<div class=\"flex items-center pb-0\"><\/div>\n<\/div>\n<\/div>\n<\/div>\n","protected":false},"excerpt":{"rendered":"<p>This product is a wooden look mosaic tile in different shades. It is ideal for adding a warm and natural atmosphere to interiors with its design reflecting the effect of natural wood. Suitable for floor and wall covering. &nbsp;<\/p>","protected":false},"featured_media":16095,"comment_status":"closed","ping_status":"closed","template":"","meta":[],"product_brand":[],"product_cat":[1659,76,357],"product_tag":[72,71,68,69,73,67,70],"collection":[],"brand":[312],"category_2":[],"catergory_brand":[],"class_list":{"0":"post-12967","1":"product","2":"type-product","3":"status-publish","4":"has-post-thumbnail","6":"product_cat-mosaic","7":"product_cat-all","8":"product_cat-wall-tiles","9":"product_tag-bath-tiles","10":"product_tag-bedroom-tiles","11":"product_tag-ceramic","12":"product_tag-ceramic-tiles","13":"product_tag-interior-tiles","14":"product_tag-tiles","15":"product_tag-wall-tiltes","16":"brand-grespania","18":"first","19":"instock","20":"shipping-taxable","21":"product-type-simple"},"_links":{"self":[{"href":"https:\/\/simfoniya.az\/en\/wp-json\/wp\/v2\/product\/12967","targetHints":{"allow":["GET"]}}],"collection":[{"href":"https:\/\/simfoniya.az\/en\/wp-json\/wp\/v2\/product"}],"about":[{"href":"https:\/\/simfoniya.az\/en\/wp-json\/wp\/v2\/types\/product"}],"replies":[{"embeddable":true,"href":"https:\/\/simfoniya.az\/en\/wp-json\/wp\/v2\/comments?post=12967"}],"wp:featuredmedia":[{"embeddable":true,"href":"https:\/\/simfoniya.az\/en\/wp-json\/wp\/v2\/media\/16095"}],"wp:attachment":[{"href":"https:\/\/simfoniya.az\/en\/wp-json\/wp\/v2\/media?parent=12967"}],"wp:term":[{"taxonomy":"product_brand","embeddable":true,"href":"https:\/\/simfoniya.az\/en\/wp-json\/wp\/v2\/product_brand?post=12967"},{"taxonomy":"product_cat","embeddable":true,"href":"https:\/\/simfoniya.az\/en\/wp-json\/wp\/v2\/product_cat?post=12967"},{"taxonomy":"product_tag","embeddable":true,"href":"https:\/\/simfoniya.az\/en\/wp-json\/wp\/v2\/product_tag?post=12967"},{"taxonomy":"collection","embeddable":true,"href":"https:\/\/simfoniya.az\/en\/wp-json\/wp\/v2\/collection?post=12967"},{"taxonomy":"brand","embeddable":true,"href":"https:\/\/simfoniya.az\/en\/wp-json\/wp\/v2\/brand?post=12967"},{"taxonomy":"category_2","embeddable":true,"href":"https:\/\/simfoniya.az\/en\/wp-json\/wp\/v2\/category_2?post=12967"},{"taxonomy":"catergory_brand","embeddable":true,"href":"https:\/\/simfoniya.az\/en\/wp-json\/wp\/v2\/catergory_brand?post=12967"}],"curies":[{"name":"wp","href":"https:\/\/api.w.org\/{rel}","templated":true}]}}