{"id":13013,"date":"2024-04-09T01:10:09","date_gmt":"2024-04-09T01:10:09","guid":{"rendered":"https:\/\/simfoniya.az\/?post_type=product&#038;p=13013"},"modified":"2025-01-28T13:03:08","modified_gmt":"2025-01-28T13:03:08","slug":"vives-oct-variette-sombra-20x20","status":"publish","type":"product","link":"https:\/\/simfoniya.az\/en\/product\/vives-oct-variette-sombra-20x20\/","title":{"rendered":"Vives Oct. variety Sombra"},"content":{"rendered":"<div class=\"flex max-w-full flex-col flex-grow\">\n<div class=\"min-h-8 text-message flex w-full flex-col items-end gap-2 whitespace-normal break-words [.text-message+&amp;]:mt-5\" dir=\"auto\" data-message-author-role=\"assistant\" data-message-id=\"f4d3799f-f259-4ee5-987e-47797832527d\" data-message-model-slug=\"gpt-4o\">\n<div class=\"flex w-full flex-col gap-1 empty:hidden first:pt-[3px]\">\n<div class=\"markdown prose w-full break-words dark:prose-invert light\">\n<p>Bu plit\u0259 klassik nax\u0131\u015f dizayn\u0131 il\u0259 interyer\u0259 tarixi v\u0259 z\u0259rif toxunu\u015f b\u0259x\u015f edir. H\u0259m d\u00f6\u015f\u0259m\u0259, h\u0259m d\u0259 divar \u00fc\u00e7\u00fcn ideald\u0131r v\u0259 m\u00fcasir m\u0259kanlara \u0259n\u0259n\u0259vi bir atmosfer \u0259lav\u0259 edir.<\/p>\n<\/div>\n<\/div>\n<\/div>\n<\/div>\n<div class=\"mb-2 flex gap-3 empty:hidden -ml-2\">\n<div class=\"items-center justify-start rounded-xl p-1 flex\">\n<div class=\"flex items-center\">\n<p>&nbsp;<\/p>\n<div class=\"flex\"><\/div>\n<div class=\"flex items-center pb-0\"><\/div>\n<\/div>\n<\/div>\n<\/div>\n","protected":false},"excerpt":{"rendered":"<p>This tile gives the interior a historic and elegant touch with its classic pattern design. It is ideal for both floor and wall and adds a traditional atmosphere to modern spaces. &nbsp;<\/p>","protected":false},"featured_media":16201,"comment_status":"closed","ping_status":"closed","template":"","meta":[],"product_brand":[],"product_cat":[1659,76,357],"product_tag":[72,71,68,69,73,67,70],"collection":[],"brand":[313],"category_2":[],"catergory_brand":[],"class_list":{"0":"post-13013","1":"product","2":"type-product","3":"status-publish","4":"has-post-thumbnail","6":"product_cat-mosaic","7":"product_cat-all","8":"product_cat-wall-tiles","9":"product_tag-bath-tiles","10":"product_tag-bedroom-tiles","11":"product_tag-ceramic","12":"product_tag-ceramic-tiles","13":"product_tag-interior-tiles","14":"product_tag-tiles","15":"product_tag-wall-tiltes","16":"brand-vives","18":"first","19":"instock","20":"shipping-taxable","21":"product-type-simple"},"_links":{"self":[{"href":"https:\/\/simfoniya.az\/en\/wp-json\/wp\/v2\/product\/13013","targetHints":{"allow":["GET"]}}],"collection":[{"href":"https:\/\/simfoniya.az\/en\/wp-json\/wp\/v2\/product"}],"about":[{"href":"https:\/\/simfoniya.az\/en\/wp-json\/wp\/v2\/types\/product"}],"replies":[{"embeddable":true,"href":"https:\/\/simfoniya.az\/en\/wp-json\/wp\/v2\/comments?post=13013"}],"wp:featuredmedia":[{"embeddable":true,"href":"https:\/\/simfoniya.az\/en\/wp-json\/wp\/v2\/media\/16201"}],"wp:attachment":[{"href":"https:\/\/simfoniya.az\/en\/wp-json\/wp\/v2\/media?parent=13013"}],"wp:term":[{"taxonomy":"product_brand","embeddable":true,"href":"https:\/\/simfoniya.az\/en\/wp-json\/wp\/v2\/product_brand?post=13013"},{"taxonomy":"product_cat","embeddable":true,"href":"https:\/\/simfoniya.az\/en\/wp-json\/wp\/v2\/product_cat?post=13013"},{"taxonomy":"product_tag","embeddable":true,"href":"https:\/\/simfoniya.az\/en\/wp-json\/wp\/v2\/product_tag?post=13013"},{"taxonomy":"collection","embeddable":true,"href":"https:\/\/simfoniya.az\/en\/wp-json\/wp\/v2\/collection?post=13013"},{"taxonomy":"brand","embeddable":true,"href":"https:\/\/simfoniya.az\/en\/wp-json\/wp\/v2\/brand?post=13013"},{"taxonomy":"category_2","embeddable":true,"href":"https:\/\/simfoniya.az\/en\/wp-json\/wp\/v2\/category_2?post=13013"},{"taxonomy":"catergory_brand","embeddable":true,"href":"https:\/\/simfoniya.az\/en\/wp-json\/wp\/v2\/catergory_brand?post=13013"}],"curies":[{"name":"wp","href":"https:\/\/api.w.org\/{rel}","templated":true}]}}