{"id":15853,"date":"2024-04-30T04:58:17","date_gmt":"2024-04-30T04:58:17","guid":{"rendered":"https:\/\/simfoniya.az\/?post_type=product&#038;p=15853"},"modified":"2024-11-04T11:21:19","modified_gmt":"2024-11-04T11:21:19","slug":"grespania-calcuta-3-blanco-30x90","status":"publish","type":"product","link":"https:\/\/simfoniya.az\/en\/product\/grespania-calcuta-3-blanco-30x90\/","title":{"rendered":"Grespania Calcutta \/ 3 Blanco"},"content":{"rendered":"<div class=\"flex max-w-full flex-col flex-grow\">\n<div class=\"min-h-8 text-message flex w-full flex-col items-end gap-2 whitespace-normal break-words [.text-message+&amp;]:mt-5\" dir=\"auto\" data-message-author-role=\"assistant\" data-message-id=\"b3e42f0a-db7d-4cf3-a7e7-32cc535fb780\" data-message-model-slug=\"gpt-4o\">\n<div class=\"flex w-full flex-col gap-1 empty:hidden first:pt-[3px]\">\n<div class=\"markdown prose w-full break-words dark:prose-invert light\">\n<p>Bu klassik a\u011f fonlu v\u0259 q\u0131z\u0131l\u0131 nax\u0131\u015fl\u0131 plit\u0259, m\u0259kan\u0131n\u0131za z\u0259riflik v\u0259 inc\u0259lik qatmaq \u00fc\u00e7\u00fcn m\u00fck\u0259mm\u0259ldir. D\u0259bd\u0259b\u0259li detallar\u0131 il\u0259 interyeriniz\u0259 f\u0259rqli bir cazib\u0259 \u0259lav\u0259 ed\u0259c\u0259k.<\/p>\n<\/div>\n<\/div>\n<\/div>\n<\/div>\n<div class=\"mb-2 flex gap-3 empty:hidden -ml-2\">\n<div class=\"items-center justify-start rounded-xl p-1 flex\">\n<div class=\"flex items-center\">\n<p>&nbsp;<\/p>\n<div class=\"flex\"><\/div>\n<div class=\"flex items-center pb-0\"><\/div>\n<\/div>\n<\/div>\n<\/div>\n","protected":false},"excerpt":{"rendered":"<p>With its classic white background and gold pattern, this tile is perfect for adding elegance and sophistication to your space. It will add a different charm to your interior with its luxurious details. &nbsp;<\/p>","protected":false},"featured_media":21115,"comment_status":"closed","ping_status":"closed","template":"","meta":[],"product_brand":[],"product_cat":[357,76],"product_tag":[],"collection":[],"brand":[],"category_2":[],"catergory_brand":[],"class_list":{"0":"post-15853","1":"product","2":"type-product","3":"status-publish","4":"has-post-thumbnail","6":"product_cat-wall-tiles","7":"product_cat-all","9":"first","10":"instock","11":"shipping-taxable","12":"product-type-simple"},"_links":{"self":[{"href":"https:\/\/simfoniya.az\/en\/wp-json\/wp\/v2\/product\/15853","targetHints":{"allow":["GET"]}}],"collection":[{"href":"https:\/\/simfoniya.az\/en\/wp-json\/wp\/v2\/product"}],"about":[{"href":"https:\/\/simfoniya.az\/en\/wp-json\/wp\/v2\/types\/product"}],"replies":[{"embeddable":true,"href":"https:\/\/simfoniya.az\/en\/wp-json\/wp\/v2\/comments?post=15853"}],"wp:featuredmedia":[{"embeddable":true,"href":"https:\/\/simfoniya.az\/en\/wp-json\/wp\/v2\/media\/21115"}],"wp:attachment":[{"href":"https:\/\/simfoniya.az\/en\/wp-json\/wp\/v2\/media?parent=15853"}],"wp:term":[{"taxonomy":"product_brand","embeddable":true,"href":"https:\/\/simfoniya.az\/en\/wp-json\/wp\/v2\/product_brand?post=15853"},{"taxonomy":"product_cat","embeddable":true,"href":"https:\/\/simfoniya.az\/en\/wp-json\/wp\/v2\/product_cat?post=15853"},{"taxonomy":"product_tag","embeddable":true,"href":"https:\/\/simfoniya.az\/en\/wp-json\/wp\/v2\/product_tag?post=15853"},{"taxonomy":"collection","embeddable":true,"href":"https:\/\/simfoniya.az\/en\/wp-json\/wp\/v2\/collection?post=15853"},{"taxonomy":"brand","embeddable":true,"href":"https:\/\/simfoniya.az\/en\/wp-json\/wp\/v2\/brand?post=15853"},{"taxonomy":"category_2","embeddable":true,"href":"https:\/\/simfoniya.az\/en\/wp-json\/wp\/v2\/category_2?post=15853"},{"taxonomy":"catergory_brand","embeddable":true,"href":"https:\/\/simfoniya.az\/en\/wp-json\/wp\/v2\/catergory_brand?post=15853"}],"curies":[{"name":"wp","href":"https:\/\/api.w.org\/{rel}","templated":true}]}}