{"id":15869,"date":"2024-04-30T05:11:37","date_gmt":"2024-04-30T05:11:37","guid":{"rendered":"https:\/\/simfoniya.az\/?post_type=product&#038;p=15869"},"modified":"2024-11-04T11:19:44","modified_gmt":"2024-11-04T11:19:44","slug":"grespania-floresta-naranja-30x90","status":"publish","type":"product","link":"https:\/\/simfoniya.az\/en\/product\/grespania-floresta-naranja-30x90\/","title":{"rendered":"Grespania Floresta \/ Naranja"},"content":{"rendered":"<div class=\"flex max-w-full flex-col flex-grow\">\n<div class=\"min-h-8 text-message flex w-full flex-col items-end gap-2 whitespace-normal break-words [.text-message+&amp;]:mt-5\" dir=\"auto\" data-message-author-role=\"assistant\" data-message-id=\"1e2b64cb-7433-46d3-b12e-ccd5841bdcb6\" data-message-model-slug=\"gpt-4o\">\n<div class=\"flex w-full flex-col gap-1 empty:hidden first:pt-[3px]\">\n<div class=\"markdown prose w-full break-words dark:prose-invert light\">\n<p>Bu parlaq nar\u0131nc\u0131 keramika plit\u0259si, yarpaq nax\u0131\u015flar\u0131 il\u0259 g\u00f6z ox\u015fay\u0131r v\u0259 interyer\u0259 canl\u0131l\u0131q qat\u0131r. X\u00fcsusil\u0259 c\u0259sar\u0259tli v\u0259 dinamik dizayn axtaranlar \u00fc\u00e7\u00fcn ideal se\u00e7imdir. R\u0259ngi v\u0259 nax\u0131\u015flar\u0131 il\u0259 vanna ota\u011f\u0131 v\u0259 m\u0259tb\u0259x kimi m\u0259kanlara f\u0259rqli bir t\u0259rz g\u0259tirir.<\/p>\n<\/div>\n<\/div>\n<\/div>\n<\/div>\n<div class=\"mb-2 flex gap-3 empty:hidden -ml-2\">\n<div class=\"items-center justify-start rounded-xl p-1 flex\">\n<div class=\"flex items-center\">\n<p>&nbsp;<\/p>\n<div class=\"flex\"><\/div>\n<div class=\"flex items-center pb-0\"><\/div>\n<\/div>\n<\/div>\n<\/div>\n","protected":false},"excerpt":{"rendered":"<p>This bright orange ceramic tile is eye-catching with its leaf pattern and adds vibrancy to the interior. It is an ideal choice for those looking for a particularly bold and dynamic design. With its color and patterns, it brings a different style to spaces such as bathrooms and kitchens. &nbsp;<\/p>","protected":false},"featured_media":15870,"comment_status":"closed","ping_status":"closed","template":"","meta":[],"product_brand":[],"product_cat":[76,357],"product_tag":[],"collection":[],"brand":[],"category_2":[],"catergory_brand":[],"class_list":{"0":"post-15869","1":"product","2":"type-product","3":"status-publish","4":"has-post-thumbnail","6":"product_cat-all","7":"product_cat-wall-tiles","9":"first","10":"instock","11":"shipping-taxable","12":"product-type-simple"},"_links":{"self":[{"href":"https:\/\/simfoniya.az\/en\/wp-json\/wp\/v2\/product\/15869","targetHints":{"allow":["GET"]}}],"collection":[{"href":"https:\/\/simfoniya.az\/en\/wp-json\/wp\/v2\/product"}],"about":[{"href":"https:\/\/simfoniya.az\/en\/wp-json\/wp\/v2\/types\/product"}],"replies":[{"embeddable":true,"href":"https:\/\/simfoniya.az\/en\/wp-json\/wp\/v2\/comments?post=15869"}],"wp:featuredmedia":[{"embeddable":true,"href":"https:\/\/simfoniya.az\/en\/wp-json\/wp\/v2\/media\/15870"}],"wp:attachment":[{"href":"https:\/\/simfoniya.az\/en\/wp-json\/wp\/v2\/media?parent=15869"}],"wp:term":[{"taxonomy":"product_brand","embeddable":true,"href":"https:\/\/simfoniya.az\/en\/wp-json\/wp\/v2\/product_brand?post=15869"},{"taxonomy":"product_cat","embeddable":true,"href":"https:\/\/simfoniya.az\/en\/wp-json\/wp\/v2\/product_cat?post=15869"},{"taxonomy":"product_tag","embeddable":true,"href":"https:\/\/simfoniya.az\/en\/wp-json\/wp\/v2\/product_tag?post=15869"},{"taxonomy":"collection","embeddable":true,"href":"https:\/\/simfoniya.az\/en\/wp-json\/wp\/v2\/collection?post=15869"},{"taxonomy":"brand","embeddable":true,"href":"https:\/\/simfoniya.az\/en\/wp-json\/wp\/v2\/brand?post=15869"},{"taxonomy":"category_2","embeddable":true,"href":"https:\/\/simfoniya.az\/en\/wp-json\/wp\/v2\/category_2?post=15869"},{"taxonomy":"catergory_brand","embeddable":true,"href":"https:\/\/simfoniya.az\/en\/wp-json\/wp\/v2\/catergory_brand?post=15869"}],"curies":[{"name":"wp","href":"https:\/\/api.w.org\/{rel}","templated":true}]}}