{"id":16112,"date":"2024-05-01T06:42:00","date_gmt":"2024-05-01T06:42:00","guid":{"rendered":"https:\/\/simfoniya.az\/?post_type=product&#038;p=16112"},"modified":"2024-11-04T11:17:57","modified_gmt":"2024-11-04T11:17:57","slug":"grespania-rioja-chev-navy-45x90","status":"publish","type":"product","link":"https:\/\/simfoniya.az\/en\/product\/grespania-rioja-chev-navy-45x90\/","title":{"rendered":"Grespania Rioja \/ Chev navy"},"content":{"rendered":"<div class=\"flex max-w-full flex-col flex-grow\">\n<div class=\"min-h-8 text-message flex w-full flex-col items-end gap-2 whitespace-normal break-words [.text-message+&amp;]:mt-5\" dir=\"auto\" data-message-author-role=\"assistant\" data-message-id=\"b72b0254-b4ba-40f9-ac98-68ee678a7b15\" data-message-model-slug=\"gpt-4o\">\n<div class=\"flex w-full flex-col gap-1 empty:hidden first:pt-[3px]\">\n<div class=\"markdown prose w-full break-words dark:prose-invert light\">\n<p>Bu keramika plit\u0259, m\u00fcxt\u0259lif mavi, q\u0259hv\u0259yi v\u0259 bej r\u0259ngl\u0259rd\u0259n ibar\u0259t diagonal zolaqlara malikdir. Davaml\u0131 v\u0259 estetik c\u0259h\u0259td\u0259n c\u0259lbedici olan bu plit\u0259 h\u0259m d\u00f6\u015f\u0259m\u0259l\u0259rd\u0259, h\u0259m d\u0259 divarlarda istifad\u0259y\u0259 uy\u011fundur, x\u00fcsus\u0259n d\u0259 m\u00fcasir v\u0259 rustik interyerl\u0259r \u00fc\u00e7\u00fcn ideal se\u00e7imdir.<\/p>\n<\/div>\n<\/div>\n<\/div>\n<\/div>\n<div class=\"mb-2 flex gap-3 empty:hidden -ml-2\">\n<div class=\"items-center justify-start rounded-xl p-1 flex\">\n<div class=\"flex items-center\">\n<p>&nbsp;<\/p>\n<div class=\"flex\"><\/div>\n<div class=\"flex items-center pb-0\"><\/div>\n<\/div>\n<\/div>\n<\/div>\n","protected":false},"excerpt":{"rendered":"<p>This ceramic tile has diagonal stripes of different blue, brown and beige colors. Durable and aesthetically appealing, this tile is suitable for use on both floors and walls, making it an ideal choice especially for modern and rustic interiors. &nbsp;<\/p>","protected":false},"featured_media":16113,"comment_status":"closed","ping_status":"closed","template":"","meta":[],"product_brand":[],"product_cat":[76,357],"product_tag":[],"collection":[],"brand":[],"category_2":[],"catergory_brand":[],"class_list":{"0":"post-16112","1":"product","2":"type-product","3":"status-publish","4":"has-post-thumbnail","6":"product_cat-all","7":"product_cat-wall-tiles","9":"first","10":"instock","11":"shipping-taxable","12":"product-type-simple"},"_links":{"self":[{"href":"https:\/\/simfoniya.az\/en\/wp-json\/wp\/v2\/product\/16112","targetHints":{"allow":["GET"]}}],"collection":[{"href":"https:\/\/simfoniya.az\/en\/wp-json\/wp\/v2\/product"}],"about":[{"href":"https:\/\/simfoniya.az\/en\/wp-json\/wp\/v2\/types\/product"}],"replies":[{"embeddable":true,"href":"https:\/\/simfoniya.az\/en\/wp-json\/wp\/v2\/comments?post=16112"}],"wp:featuredmedia":[{"embeddable":true,"href":"https:\/\/simfoniya.az\/en\/wp-json\/wp\/v2\/media\/16113"}],"wp:attachment":[{"href":"https:\/\/simfoniya.az\/en\/wp-json\/wp\/v2\/media?parent=16112"}],"wp:term":[{"taxonomy":"product_brand","embeddable":true,"href":"https:\/\/simfoniya.az\/en\/wp-json\/wp\/v2\/product_brand?post=16112"},{"taxonomy":"product_cat","embeddable":true,"href":"https:\/\/simfoniya.az\/en\/wp-json\/wp\/v2\/product_cat?post=16112"},{"taxonomy":"product_tag","embeddable":true,"href":"https:\/\/simfoniya.az\/en\/wp-json\/wp\/v2\/product_tag?post=16112"},{"taxonomy":"collection","embeddable":true,"href":"https:\/\/simfoniya.az\/en\/wp-json\/wp\/v2\/collection?post=16112"},{"taxonomy":"brand","embeddable":true,"href":"https:\/\/simfoniya.az\/en\/wp-json\/wp\/v2\/brand?post=16112"},{"taxonomy":"category_2","embeddable":true,"href":"https:\/\/simfoniya.az\/en\/wp-json\/wp\/v2\/category_2?post=16112"},{"taxonomy":"catergory_brand","embeddable":true,"href":"https:\/\/simfoniya.az\/en\/wp-json\/wp\/v2\/catergory_brand?post=16112"}],"curies":[{"name":"wp","href":"https:\/\/api.w.org\/{rel}","templated":true}]}}