{"id":16459,"date":"2024-05-03T05:52:11","date_gmt":"2024-05-03T05:52:11","guid":{"rendered":"https:\/\/simfoniya.az\/?post_type=product&#038;p=16459"},"modified":"2024-11-04T11:00:25","modified_gmt":"2024-11-04T11:00:25","slug":"tau-colonna-beige-ang-p-58x58","status":"publish","type":"product","link":"https:\/\/simfoniya.az\/en\/product\/tau-colonna-beige-ang-p-58x58\/","title":{"rendered":"Tau Colonna \/ Beige"},"content":{"rendered":"<div class=\"flex max-w-full flex-col flex-grow\">\n<div class=\"min-h-8 text-message flex w-full flex-col items-end gap-2 whitespace-normal break-words [.text-message+&amp;]:mt-5\" dir=\"auto\" data-message-author-role=\"assistant\" data-message-id=\"81e84be1-189b-4387-b73f-bdb58e847fec\" data-message-model-slug=\"gpt-4o\">\n<div class=\"flex w-full flex-col gap-1 empty:hidden first:pt-[3px]\">\n<div class=\"markdown prose w-full break-words dark:prose-invert light\">\n<p>Bu dekorativ plit\u0259 klassik nax\u0131\u015flarla z\u0259nginl\u0259\u015fdiril\u0259r\u0259k m\u0259kan\u0131n\u0131za x\u00fcsusi z\u0259riflik v\u0259 unikall\u0131q g\u0259tirir. Q\u0259hv\u0259yi tonlardak\u0131 dizayn h\u0259m m\u00fcasir, h\u0259m d\u0259 \u0259n\u0259n\u0259vi interyerl\u0259r \u00fc\u00e7\u00fcn uy\u011fun se\u00e7imdir. H\u0259m d\u00f6\u015f\u0259m\u0259, h\u0259m d\u0259 divar \u00f6rt\u00fckl\u0259ri \u00fc\u00e7\u00fcn m\u00fck\u0259mm\u0259l dekor elementidir.<\/p>\n<\/div>\n<\/div>\n<\/div>\n<\/div>\n<div class=\"mb-2 flex gap-3 empty:hidden -ml-2\">\n<div class=\"items-center justify-start rounded-xl p-1 flex\">\n<div class=\"flex items-center\">\n<p>&nbsp;<\/p>\n<div class=\"flex\"><\/div>\n<div class=\"flex items-center pb-0\"><\/div>\n<\/div>\n<\/div>\n<\/div>\n","protected":false},"excerpt":{"rendered":"<p>Enriched with classic patterns, this decorative tile brings special elegance and uniqueness to your space. The design in brown tones is a suitable choice for both modern and traditional interiors. It is a perfect decor element for both floor and wall coverings. &nbsp;<\/p>","protected":false},"featured_media":16460,"comment_status":"closed","ping_status":"closed","template":"","meta":[],"product_brand":[],"product_cat":[357,76],"product_tag":[],"collection":[],"brand":[],"category_2":[],"catergory_brand":[],"class_list":{"0":"post-16459","1":"product","2":"type-product","3":"status-publish","4":"has-post-thumbnail","6":"product_cat-wall-tiles","7":"product_cat-all","9":"first","10":"instock","11":"shipping-taxable","12":"product-type-simple"},"_links":{"self":[{"href":"https:\/\/simfoniya.az\/en\/wp-json\/wp\/v2\/product\/16459","targetHints":{"allow":["GET"]}}],"collection":[{"href":"https:\/\/simfoniya.az\/en\/wp-json\/wp\/v2\/product"}],"about":[{"href":"https:\/\/simfoniya.az\/en\/wp-json\/wp\/v2\/types\/product"}],"replies":[{"embeddable":true,"href":"https:\/\/simfoniya.az\/en\/wp-json\/wp\/v2\/comments?post=16459"}],"wp:featuredmedia":[{"embeddable":true,"href":"https:\/\/simfoniya.az\/en\/wp-json\/wp\/v2\/media\/16460"}],"wp:attachment":[{"href":"https:\/\/simfoniya.az\/en\/wp-json\/wp\/v2\/media?parent=16459"}],"wp:term":[{"taxonomy":"product_brand","embeddable":true,"href":"https:\/\/simfoniya.az\/en\/wp-json\/wp\/v2\/product_brand?post=16459"},{"taxonomy":"product_cat","embeddable":true,"href":"https:\/\/simfoniya.az\/en\/wp-json\/wp\/v2\/product_cat?post=16459"},{"taxonomy":"product_tag","embeddable":true,"href":"https:\/\/simfoniya.az\/en\/wp-json\/wp\/v2\/product_tag?post=16459"},{"taxonomy":"collection","embeddable":true,"href":"https:\/\/simfoniya.az\/en\/wp-json\/wp\/v2\/collection?post=16459"},{"taxonomy":"brand","embeddable":true,"href":"https:\/\/simfoniya.az\/en\/wp-json\/wp\/v2\/brand?post=16459"},{"taxonomy":"category_2","embeddable":true,"href":"https:\/\/simfoniya.az\/en\/wp-json\/wp\/v2\/category_2?post=16459"},{"taxonomy":"catergory_brand","embeddable":true,"href":"https:\/\/simfoniya.az\/en\/wp-json\/wp\/v2\/catergory_brand?post=16459"}],"curies":[{"name":"wp","href":"https:\/\/api.w.org\/{rel}","templated":true}]}}