{"id":16472,"date":"2024-05-03T05:59:48","date_gmt":"2024-05-03T05:59:48","guid":{"rendered":"https:\/\/simfoniya.az\/?post_type=product&#038;p=16472"},"modified":"2024-11-04T10:58:32","modified_gmt":"2024-11-04T10:58:32","slug":"oset-corindon-parma-14-7x44-2-2","status":"publish","type":"product","link":"https:\/\/simfoniya.az\/en\/product\/oset-corindon-parma-14-7x44-2-2\/","title":{"rendered":"Osset Corindon \/ Parma"},"content":{"rendered":"<div class=\"flex max-w-full flex-col flex-grow\">\n<div class=\"min-h-8 text-message flex w-full flex-col items-end gap-2 whitespace-normal break-words [.text-message+&amp;]:mt-5\" dir=\"auto\" data-message-author-role=\"assistant\" data-message-id=\"05e12082-9745-4c47-a69d-97dabe59ac15\" data-message-model-slug=\"gpt-4o\">\n<div class=\"flex w-full flex-col gap-1 empty:hidden first:pt-[3px]\">\n<div class=\"markdown prose w-full break-words dark:prose-invert light\">\n<p>Bu plit\u0259, t\u0259bii da\u015f v\u0259 a\u011fac toxumas\u0131n\u0131 birl\u0259\u015fdir\u0259n dizayn\u0131 il\u0259 se\u00e7ilir. F\u0259rqli toxumalar v\u0259 tonlar aras\u0131nda yarad\u0131lan kontrast, interyeriniz\u0259 h\u0259m isti, h\u0259m d\u0259 t\u0259bii bir g\u00f6r\u00fcn\u00fc\u015f b\u0259x\u015f edir. H\u0259m divarlar, h\u0259m d\u0259 d\u00f6\u015f\u0259m\u0259l\u0259r \u00fc\u00e7\u00fcn ideal olan bu plit\u0259, m\u0259kan\u0131n\u0131za rustik v\u0259 m\u00fcasir bir t\u0259rz \u0259lav\u0259 edir.<\/p>\n<\/div>\n<\/div>\n<\/div>\n<\/div>\n<div class=\"mb-2 flex gap-3 empty:hidden -ml-2\">\n<div class=\"items-center justify-start rounded-xl p-1 flex\">\n<div class=\"flex items-center\">\n<p>&nbsp;<\/p>\n<div class=\"flex\"><\/div>\n<div class=\"flex items-center pb-0\"><\/div>\n<\/div>\n<\/div>\n<\/div>\n","protected":false},"excerpt":{"rendered":"<p>This tile stands out for its design combining natural stone and wood texture. The contrast created between different textures and tones gives your interior a warm and natural look. Ideal for both walls and floors, this tile adds a rustic yet modern touch to your space. &nbsp;<\/p>","protected":false},"featured_media":16473,"comment_status":"closed","ping_status":"closed","template":"","meta":[],"product_brand":[],"product_cat":[357,76],"product_tag":[],"collection":[],"brand":[],"category_2":[],"catergory_brand":[],"class_list":{"0":"post-16472","1":"product","2":"type-product","3":"status-publish","4":"has-post-thumbnail","6":"product_cat-wall-tiles","7":"product_cat-all","9":"first","10":"instock","11":"sale","12":"shipping-taxable","13":"purchasable","14":"product-type-simple"},"_links":{"self":[{"href":"https:\/\/simfoniya.az\/en\/wp-json\/wp\/v2\/product\/16472","targetHints":{"allow":["GET"]}}],"collection":[{"href":"https:\/\/simfoniya.az\/en\/wp-json\/wp\/v2\/product"}],"about":[{"href":"https:\/\/simfoniya.az\/en\/wp-json\/wp\/v2\/types\/product"}],"replies":[{"embeddable":true,"href":"https:\/\/simfoniya.az\/en\/wp-json\/wp\/v2\/comments?post=16472"}],"wp:featuredmedia":[{"embeddable":true,"href":"https:\/\/simfoniya.az\/en\/wp-json\/wp\/v2\/media\/16473"}],"wp:attachment":[{"href":"https:\/\/simfoniya.az\/en\/wp-json\/wp\/v2\/media?parent=16472"}],"wp:term":[{"taxonomy":"product_brand","embeddable":true,"href":"https:\/\/simfoniya.az\/en\/wp-json\/wp\/v2\/product_brand?post=16472"},{"taxonomy":"product_cat","embeddable":true,"href":"https:\/\/simfoniya.az\/en\/wp-json\/wp\/v2\/product_cat?post=16472"},{"taxonomy":"product_tag","embeddable":true,"href":"https:\/\/simfoniya.az\/en\/wp-json\/wp\/v2\/product_tag?post=16472"},{"taxonomy":"collection","embeddable":true,"href":"https:\/\/simfoniya.az\/en\/wp-json\/wp\/v2\/collection?post=16472"},{"taxonomy":"brand","embeddable":true,"href":"https:\/\/simfoniya.az\/en\/wp-json\/wp\/v2\/brand?post=16472"},{"taxonomy":"category_2","embeddable":true,"href":"https:\/\/simfoniya.az\/en\/wp-json\/wp\/v2\/category_2?post=16472"},{"taxonomy":"catergory_brand","embeddable":true,"href":"https:\/\/simfoniya.az\/en\/wp-json\/wp\/v2\/catergory_brand?post=16472"}],"curies":[{"name":"wp","href":"https:\/\/api.w.org\/{rel}","templated":true}]}}