{"id":17693,"date":"2024-05-31T05:05:36","date_gmt":"2024-05-31T05:05:36","guid":{"rendered":"https:\/\/simfoniya.az\/?post_type=product&#038;p=17693"},"modified":"2024-09-02T18:42:50","modified_gmt":"2024-09-02T18:42:50","slug":"easy-drain-grid-brushed-carre-7-50cm-trap","status":"publish","type":"product","link":"https:\/\/simfoniya.az\/en\/product\/easy-drain-grid-brushed-carre-7-50cm-trap\/","title":{"rendered":"EASY \/ Trap"},"content":{"rendered":"<div class=\"flex max-w-full flex-col flex-grow\">\n<div class=\"min-h-[20px] text-message flex w-full flex-col items-end gap-2 break-words [.text-message+&amp;]:mt-5 overflow-x-auto whitespace-normal\" dir=\"auto\" data-message-author-role=\"assistant\" data-message-id=\"bd3287c0-6777-4185-ad47-01da75051f3d\">\n<div class=\"flex w-full flex-col gap-1 empty:hidden first:pt-[3px]\">\n<div class=\"markdown prose w-full break-words dark:prose-invert light\">\n<p>\u015e\u0131k dizayn\u0131 v\u0259 innovativ \u015f\u0259b\u0259k\u0259 sistemi il\u0259 t\u0131xanmalara qar\u015f\u0131 effektiv qoruma t\u0259min edir, suyun s\u0259rb\u0259st ax\u0131\u015f\u0131n\u0131 t\u0259min edir. Asan t\u0259mizl\u0259n\u0259n v\u0259 bax\u0131m\u0131 rahat olan bu trap, vanna otaqlar\u0131, m\u0259tb\u0259xl\u0259r v\u0259 xidm\u0259t sah\u0259l\u0259ri \u00fc\u00e7\u00fcn m\u00fck\u0259mm\u0259l se\u00e7imdir.<\/p>\n<\/div>\n<\/div>\n<\/div>\n<\/div>\n","protected":false},"excerpt":{"rendered":"<p>With its stylish design and innovative network system, it provides effective protection against blockages and ensures free flow of water. Easy to clean and maintain, this trap is the perfect choice for bathrooms, kitchens and service areas.<\/p>","protected":false},"featured_media":22515,"comment_status":"closed","ping_status":"closed","template":"","meta":[],"product_brand":[],"product_cat":[76],"product_tag":[],"collection":[],"brand":[],"category_2":[],"catergory_brand":[],"class_list":{"0":"post-17693","1":"product","2":"type-product","3":"status-publish","4":"has-post-thumbnail","6":"product_cat-all","8":"first","9":"instock","10":"shipping-taxable","11":"product-type-simple"},"_links":{"self":[{"href":"https:\/\/simfoniya.az\/en\/wp-json\/wp\/v2\/product\/17693","targetHints":{"allow":["GET"]}}],"collection":[{"href":"https:\/\/simfoniya.az\/en\/wp-json\/wp\/v2\/product"}],"about":[{"href":"https:\/\/simfoniya.az\/en\/wp-json\/wp\/v2\/types\/product"}],"replies":[{"embeddable":true,"href":"https:\/\/simfoniya.az\/en\/wp-json\/wp\/v2\/comments?post=17693"}],"wp:featuredmedia":[{"embeddable":true,"href":"https:\/\/simfoniya.az\/en\/wp-json\/wp\/v2\/media\/22515"}],"wp:attachment":[{"href":"https:\/\/simfoniya.az\/en\/wp-json\/wp\/v2\/media?parent=17693"}],"wp:term":[{"taxonomy":"product_brand","embeddable":true,"href":"https:\/\/simfoniya.az\/en\/wp-json\/wp\/v2\/product_brand?post=17693"},{"taxonomy":"product_cat","embeddable":true,"href":"https:\/\/simfoniya.az\/en\/wp-json\/wp\/v2\/product_cat?post=17693"},{"taxonomy":"product_tag","embeddable":true,"href":"https:\/\/simfoniya.az\/en\/wp-json\/wp\/v2\/product_tag?post=17693"},{"taxonomy":"collection","embeddable":true,"href":"https:\/\/simfoniya.az\/en\/wp-json\/wp\/v2\/collection?post=17693"},{"taxonomy":"brand","embeddable":true,"href":"https:\/\/simfoniya.az\/en\/wp-json\/wp\/v2\/brand?post=17693"},{"taxonomy":"category_2","embeddable":true,"href":"https:\/\/simfoniya.az\/en\/wp-json\/wp\/v2\/category_2?post=17693"},{"taxonomy":"catergory_brand","embeddable":true,"href":"https:\/\/simfoniya.az\/en\/wp-json\/wp\/v2\/catergory_brand?post=17693"}],"curies":[{"name":"wp","href":"https:\/\/api.w.org\/{rel}","templated":true}]}}