{"id":17841,"date":"2024-05-31T06:43:38","date_gmt":"2024-05-31T06:43:38","guid":{"rendered":"https:\/\/simfoniya.az\/?post_type=product&#038;p=17841"},"modified":"2024-10-22T10:21:17","modified_gmt":"2024-10-22T10:21:17","slug":"ba-aida-mat-suseli-ref-60sm-qizili","status":"publish","type":"product","link":"https:\/\/simfoniya.az\/en\/product\/ba-aida-mat-suseli-ref-60sm-qizili\/","title":{"rendered":"B&amp;A \/ Ref"},"content":{"rendered":"<p><a style=\"font-size: inherit;\" href=\"https:\/\/simfoniya.az\/en\/product-category\/sanitary-and-bathroom\/accessories\/shelf\/?per_page=30\" target=\"_new\" rel=\"noreferrer noopener\">This transparent glass shelf is decorated with chrome details and will add a modern and elegant look to your bathroom. Its design is both beautiful and functional, allowing you to store your bathroom accessories neatly and neatly. <\/a><span style=\"font-size: inherit;\">.<\/span><\/p>","protected":false},"excerpt":{"rendered":"<p>Bu \u015f\u0259ffaf \u015f\u00fc\u015f\u0259 r\u0259f, xrom detallarla b\u0259z\u0259dilmi\u015fdir v\u0259 hamam\u0131n\u0131za m\u00fcasir v\u0259 z\u0259rif bir g\u00f6r\u00fcn\u00fc\u015f qatar. Dizayn\u0131 h\u0259m g\u00f6z\u0259l, h\u0259m d\u0259 funksionald\u0131r, hamam l\u0259vazimatlar\u0131n\u0131z\u0131 d\u00fczg\u00fcn v\u0259 t\u0259rtibatl\u0131 \u015f\u0259kild\u0259 saxlama\u011fa imkan verir. .<\/p>","protected":false},"featured_media":22839,"comment_status":"closed","ping_status":"closed","template":"","meta":[],"product_brand":[],"product_cat":[1503],"product_tag":[],"collection":[],"brand":[],"category_2":[],"catergory_brand":[],"class_list":{"0":"post-17841","1":"product","2":"type-product","3":"status-publish","4":"has-post-thumbnail","6":"product_cat-guzgu-rf","8":"first","9":"instock","10":"shipping-taxable","11":"product-type-simple"},"_links":{"self":[{"href":"https:\/\/simfoniya.az\/en\/wp-json\/wp\/v2\/product\/17841","targetHints":{"allow":["GET"]}}],"collection":[{"href":"https:\/\/simfoniya.az\/en\/wp-json\/wp\/v2\/product"}],"about":[{"href":"https:\/\/simfoniya.az\/en\/wp-json\/wp\/v2\/types\/product"}],"replies":[{"embeddable":true,"href":"https:\/\/simfoniya.az\/en\/wp-json\/wp\/v2\/comments?post=17841"}],"wp:featuredmedia":[{"embeddable":true,"href":"https:\/\/simfoniya.az\/en\/wp-json\/wp\/v2\/media\/22839"}],"wp:attachment":[{"href":"https:\/\/simfoniya.az\/en\/wp-json\/wp\/v2\/media?parent=17841"}],"wp:term":[{"taxonomy":"product_brand","embeddable":true,"href":"https:\/\/simfoniya.az\/en\/wp-json\/wp\/v2\/product_brand?post=17841"},{"taxonomy":"product_cat","embeddable":true,"href":"https:\/\/simfoniya.az\/en\/wp-json\/wp\/v2\/product_cat?post=17841"},{"taxonomy":"product_tag","embeddable":true,"href":"https:\/\/simfoniya.az\/en\/wp-json\/wp\/v2\/product_tag?post=17841"},{"taxonomy":"collection","embeddable":true,"href":"https:\/\/simfoniya.az\/en\/wp-json\/wp\/v2\/collection?post=17841"},{"taxonomy":"brand","embeddable":true,"href":"https:\/\/simfoniya.az\/en\/wp-json\/wp\/v2\/brand?post=17841"},{"taxonomy":"category_2","embeddable":true,"href":"https:\/\/simfoniya.az\/en\/wp-json\/wp\/v2\/category_2?post=17841"},{"taxonomy":"catergory_brand","embeddable":true,"href":"https:\/\/simfoniya.az\/en\/wp-json\/wp\/v2\/catergory_brand?post=17841"}],"curies":[{"name":"wp","href":"https:\/\/api.w.org\/{rel}","templated":true}]}}