{"id":18001,"date":"2024-05-31T14:16:28","date_gmt":"2024-05-31T14:16:28","guid":{"rendered":"https:\/\/simfoniya.az\/?post_type=product&#038;p=18001"},"modified":"2024-10-22T08:49:05","modified_gmt":"2024-10-22T08:49:05","slug":"ba-folie-svarovskili-uzun-d%c9%99smal-asilan-qizili-60-sm","status":"publish","type":"product","link":"https:\/\/simfoniya.az\/en\/product\/ba-folie-svarovskili-uzun-d%c9%99smal-asilan-qizili-60-sm\/","title":{"rendered":"B&amp;A \/ Hanger"},"content":{"rendered":"<div class=\"flex max-w-full flex-col flex-grow\">\n<div class=\"min-h-8 text-message flex w-full flex-col items-end gap-2 whitespace-normal break-words [.text-message+&amp;]:mt-5\" dir=\"auto\" data-message-author-role=\"assistant\" data-message-id=\"28a0bd2e-80fe-4ee2-99b5-229b6947aaf4\" data-message-model-slug=\"gpt-4o\">\n<div class=\"flex w-full flex-col gap-1 empty:hidden first:pt-[3px]\">\n<div class=\"markdown prose w-full break-words dark:prose-invert light\">\n<p>Bu q\u0131z\u0131l\u0131 as\u0131lqan, hamam v\u0259 ya soyunma ota\u011f\u0131n\u0131zda \u0259\u015fyalar\u0131 asmaq \u00fc\u00e7\u00fcn z\u0259rif v\u0259 praktik bir h\u0259lldir. Sade v\u0259 \u015f\u0131k dizayn\u0131 il\u0259 h\u0259r c\u00fcr interyer\u0259 uy\u011fun g\u0259lir, sa\u011flam qurulu\u015fu is\u0259 uzun ill\u0259r xidm\u0259t ed\u0259c\u0259k davaml\u0131l\u0131q t\u0259min edir.<\/p>\n<\/div>\n<\/div>\n<\/div>\n<\/div>\n<div class=\"mb-2 flex gap-3 empty:hidden -ml-2\">\n<div class=\"items-center justify-start rounded-xl p-1 z-10 -mt-1 bg-token-main-surface-primary md:absolute md:sr-only\">\n<div class=\"flex items-center\"><button class=\"rounded-lg text-token-text-secondary hover:bg-token-main-surface-secondary\" aria-label=\"Read aloud\" data-testid=\"voice-play-turn-action-button\"><\/button><button class=\"rounded-lg text-token-text-secondary hover:bg-token-main-surface-secondary\" aria-label=\"\u041a\u043e\u043f\u0438\u0440\u043e\u0432\u0430\u0442\u044c\" data-testid=\"copy-turn-action-button\"><\/button><\/p>\n<div class=\"flex\"><\/div>\n<div class=\"flex items-center pb-0\"><\/div>\n<\/div>\n<\/div>\n<\/div>\n","protected":false},"excerpt":{"rendered":"<p>This gold hanger is an elegant and practical solution for hanging things in your bathroom or dressing room. With its simple and stylish design, it fits into any interior, and its solid structure ensures durability that will serve for many years.<\/p>","protected":false},"featured_media":22809,"comment_status":"closed","ping_status":"closed","template":"","meta":[],"product_brand":[],"product_cat":[1327,424],"product_tag":[],"collection":[],"brand":[],"category_2":[],"catergory_brand":[],"class_list":{"0":"post-18001","1":"product","2":"type-product","3":"status-publish","4":"has-post-thumbnail","6":"product_cat-hooks-and-hangers","7":"product_cat-towel-rack-holders","9":"first","10":"instock","11":"shipping-taxable","12":"product-type-simple"},"_links":{"self":[{"href":"https:\/\/simfoniya.az\/en\/wp-json\/wp\/v2\/product\/18001","targetHints":{"allow":["GET"]}}],"collection":[{"href":"https:\/\/simfoniya.az\/en\/wp-json\/wp\/v2\/product"}],"about":[{"href":"https:\/\/simfoniya.az\/en\/wp-json\/wp\/v2\/types\/product"}],"replies":[{"embeddable":true,"href":"https:\/\/simfoniya.az\/en\/wp-json\/wp\/v2\/comments?post=18001"}],"wp:featuredmedia":[{"embeddable":true,"href":"https:\/\/simfoniya.az\/en\/wp-json\/wp\/v2\/media\/22809"}],"wp:attachment":[{"href":"https:\/\/simfoniya.az\/en\/wp-json\/wp\/v2\/media?parent=18001"}],"wp:term":[{"taxonomy":"product_brand","embeddable":true,"href":"https:\/\/simfoniya.az\/en\/wp-json\/wp\/v2\/product_brand?post=18001"},{"taxonomy":"product_cat","embeddable":true,"href":"https:\/\/simfoniya.az\/en\/wp-json\/wp\/v2\/product_cat?post=18001"},{"taxonomy":"product_tag","embeddable":true,"href":"https:\/\/simfoniya.az\/en\/wp-json\/wp\/v2\/product_tag?post=18001"},{"taxonomy":"collection","embeddable":true,"href":"https:\/\/simfoniya.az\/en\/wp-json\/wp\/v2\/collection?post=18001"},{"taxonomy":"brand","embeddable":true,"href":"https:\/\/simfoniya.az\/en\/wp-json\/wp\/v2\/brand?post=18001"},{"taxonomy":"category_2","embeddable":true,"href":"https:\/\/simfoniya.az\/en\/wp-json\/wp\/v2\/category_2?post=18001"},{"taxonomy":"catergory_brand","embeddable":true,"href":"https:\/\/simfoniya.az\/en\/wp-json\/wp\/v2\/catergory_brand?post=18001"}],"curies":[{"name":"wp","href":"https:\/\/api.w.org\/{rel}","templated":true}]}}