{"id":18044,"date":"2024-05-31T14:31:12","date_gmt":"2024-05-31T14:31:12","guid":{"rendered":"https:\/\/simfoniya.az\/?post_type=product&#038;p=18044"},"modified":"2024-10-21T11:32:08","modified_gmt":"2024-10-21T11:32:08","slug":"ba-opera-sus%c9%99-r%c9%99f-qizili","status":"publish","type":"product","link":"https:\/\/simfoniya.az\/en\/product\/ba-opera-sus%c9%99-r%c9%99f-qizili\/","title":{"rendered":"B&amp;A \/ Ref"},"content":{"rendered":"<div class=\"flex max-w-full flex-col flex-grow\">\n<div class=\"min-h-8 text-message flex w-full flex-col items-end gap-2 whitespace-normal break-words [.text-message+&amp;]:mt-5\" dir=\"auto\" data-message-author-role=\"assistant\" data-message-id=\"022f5bdb-ec9c-40e9-8d2b-6b676068e581\" data-message-model-slug=\"gpt-4o\">\n<div class=\"flex w-full flex-col gap-1 empty:hidden first:pt-[3px]\">\n<div class=\"markdown prose w-full break-words dark:prose-invert light\">\n<p>Bu \u015f\u0259ffaf \u015f\u00fc\u015f\u0259 r\u0259f, xrom detallarla b\u0259z\u0259dilmi\u015fdir v\u0259 hamam\u0131n\u0131za m\u00fcasir v\u0259 z\u0259rif bir g\u00f6r\u00fcn\u00fc\u015f qatar. Dizayn\u0131 h\u0259m g\u00f6z\u0259l, h\u0259m d\u0259 funksionald\u0131r, hamam l\u0259vazimatlar\u0131n\u0131z\u0131 d\u00fczg\u00fcn v\u0259 t\u0259rtibatl\u0131 \u015f\u0259kild\u0259 saxlama\u011fa imkan verir. Sa\u011flam v\u0259 davaml\u0131 montaj aksessuarlar\u0131 il\u0259 bu r\u0259f, uzun m\u00fcdd\u0259tli istifad\u0259 \u00fc\u00e7\u00fcn ideald\u0131r.<\/p>\n<\/div>\n<\/div>\n<\/div>\n<\/div>\n<div class=\"mb-2 flex gap-3 empty:hidden -ml-2\">\n<div class=\"items-center justify-start rounded-xl p-1 flex\">\n<div class=\"flex items-center justify-center rounded-lg text-token-text-secondary\"><button class=\"flex h-[30px] w-[30px] items-center justify-center rounded-md hover:bg-token-main-surface-secondary disabled:opacity-50 disabled:hover:bg-transparent\" aria-label=\"\u041f\u0440\u0435\u0434\u044b\u0434\u0443\u0449\u0438\u0439 \u043e\u0442\u0432\u0435\u0442\"><\/button><\/p>\n<div class=\"px-0.5 text-sm font-semibold tabular-nums\"><\/div>\n<\/div>\n<\/div>\n<\/div>\n","protected":false},"excerpt":{"rendered":"<p>This transparent glass shelf is decorated with chrome details and will add a modern and elegant look to your bathroom. Its design is both beautiful and functional, allowing you to store your bathroom accessories neatly and neatly. With sturdy and durable mounting accessories, this rack is ideal for long-term use.<\/p>","protected":false},"featured_media":22799,"comment_status":"closed","ping_status":"closed","template":"","meta":[],"product_brand":[],"product_cat":[1503],"product_tag":[],"collection":[],"brand":[],"category_2":[],"catergory_brand":[],"class_list":{"0":"post-18044","1":"product","2":"type-product","3":"status-publish","4":"has-post-thumbnail","6":"product_cat-guzgu-rf","8":"first","9":"instock","10":"shipping-taxable","11":"product-type-simple"},"_links":{"self":[{"href":"https:\/\/simfoniya.az\/en\/wp-json\/wp\/v2\/product\/18044","targetHints":{"allow":["GET"]}}],"collection":[{"href":"https:\/\/simfoniya.az\/en\/wp-json\/wp\/v2\/product"}],"about":[{"href":"https:\/\/simfoniya.az\/en\/wp-json\/wp\/v2\/types\/product"}],"replies":[{"embeddable":true,"href":"https:\/\/simfoniya.az\/en\/wp-json\/wp\/v2\/comments?post=18044"}],"wp:featuredmedia":[{"embeddable":true,"href":"https:\/\/simfoniya.az\/en\/wp-json\/wp\/v2\/media\/22799"}],"wp:attachment":[{"href":"https:\/\/simfoniya.az\/en\/wp-json\/wp\/v2\/media?parent=18044"}],"wp:term":[{"taxonomy":"product_brand","embeddable":true,"href":"https:\/\/simfoniya.az\/en\/wp-json\/wp\/v2\/product_brand?post=18044"},{"taxonomy":"product_cat","embeddable":true,"href":"https:\/\/simfoniya.az\/en\/wp-json\/wp\/v2\/product_cat?post=18044"},{"taxonomy":"product_tag","embeddable":true,"href":"https:\/\/simfoniya.az\/en\/wp-json\/wp\/v2\/product_tag?post=18044"},{"taxonomy":"collection","embeddable":true,"href":"https:\/\/simfoniya.az\/en\/wp-json\/wp\/v2\/collection?post=18044"},{"taxonomy":"brand","embeddable":true,"href":"https:\/\/simfoniya.az\/en\/wp-json\/wp\/v2\/brand?post=18044"},{"taxonomy":"category_2","embeddable":true,"href":"https:\/\/simfoniya.az\/en\/wp-json\/wp\/v2\/category_2?post=18044"},{"taxonomy":"catergory_brand","embeddable":true,"href":"https:\/\/simfoniya.az\/en\/wp-json\/wp\/v2\/catergory_brand?post=18044"}],"curies":[{"name":"wp","href":"https:\/\/api.w.org\/{rel}","templated":true}]}}