{"id":18318,"date":"2024-06-01T05:34:57","date_gmt":"2024-06-01T05:34:57","guid":{"rendered":"https:\/\/simfoniya.az\/?post_type=product&#038;p=18318"},"modified":"2024-10-17T07:59:11","modified_gmt":"2024-10-17T07:59:11","slug":"fima-tepe-dusu-tavana-vurmaq-ucun-asilqan-xrom-15cm","status":"publish","type":"product","link":"https:\/\/simfoniya.az\/en\/product\/fima-tepe-dusu-tavana-vurmaq-ucun-asilqan-xrom-15cm\/","title":{"rendered":"Fima \/ Ceiling hanger for shower"},"content":{"rendered":"<div class=\"flex max-w-full flex-col flex-grow\">\n<div class=\"min-h-8 text-message flex w-full flex-col items-end gap-2 whitespace-normal break-words [.text-message+&amp;]:mt-5\" dir=\"auto\" data-message-author-role=\"assistant\" data-message-id=\"9866bbb2-288f-474e-8a13-7f663f8285c7\" data-message-model-slug=\"gpt-4o\">\n<div class=\"flex w-full flex-col gap-1 empty:hidden first:pt-[3px]\">\n<div class=\"markdown prose w-full break-words dark:prose-invert light\">\n<p>Bu xrom du\u015f kolonu, hamam\u0131n\u0131za m\u00fcasir v\u0259 sade bir g\u00f6r\u00fcn\u00fc\u015f qatar. Tavan asma dizayn\u0131 il\u0259 geni\u015f v\u0259 a\u00e7\u0131q du\u015f t\u0259cr\u00fcb\u0259si t\u0259min edir. Metal konstruksiyas\u0131 il\u0259 uzun\u00f6m\u00fcrl\u00fc v\u0259 davaml\u0131 istifad\u0259 t\u0259klif edir.<\/p>\n<\/div>\n<\/div>\n<\/div>\n<\/div>\n<div class=\"mb-2 flex gap-3 empty:hidden -ml-2\">\n<div class=\"items-center justify-start rounded-xl p-1 flex\">\n<div class=\"flex items-center\"><button class=\"rounded-lg text-token-text-secondary hover:bg-token-main-surface-secondary\" aria-label=\"Read aloud\" data-testid=\"voice-play-turn-action-button\"><\/button><button class=\"rounded-lg text-token-text-secondary hover:bg-token-main-surface-secondary\" aria-label=\"\u041a\u043e\u043f\u0438\u0440\u043e\u0432\u0430\u0442\u044c\" data-testid=\"copy-turn-action-button\"><\/button><\/p>\n<div class=\"flex\"><\/div>\n<div class=\"flex items-center pb-0\"><\/div>\n<\/div>\n<\/div>\n<\/div>\n","protected":false},"excerpt":{"rendered":"<p>This chrome shower column gives your bathroom a modern and simple look. The ceiling suspension design provides a spacious and open shower experience. With its metal construction, it offers long-lasting and durable use.<\/p>","protected":false},"featured_media":18319,"comment_status":"closed","ping_status":"closed","template":"","meta":[],"product_brand":[],"product_cat":[1327],"product_tag":[],"collection":[],"brand":[],"category_2":[],"catergory_brand":[],"class_list":{"0":"post-18318","1":"product","2":"type-product","3":"status-publish","4":"has-post-thumbnail","6":"product_cat-hooks-and-hangers","8":"first","9":"instock","10":"shipping-taxable","11":"product-type-simple"},"_links":{"self":[{"href":"https:\/\/simfoniya.az\/en\/wp-json\/wp\/v2\/product\/18318","targetHints":{"allow":["GET"]}}],"collection":[{"href":"https:\/\/simfoniya.az\/en\/wp-json\/wp\/v2\/product"}],"about":[{"href":"https:\/\/simfoniya.az\/en\/wp-json\/wp\/v2\/types\/product"}],"replies":[{"embeddable":true,"href":"https:\/\/simfoniya.az\/en\/wp-json\/wp\/v2\/comments?post=18318"}],"wp:featuredmedia":[{"embeddable":true,"href":"https:\/\/simfoniya.az\/en\/wp-json\/wp\/v2\/media\/18319"}],"wp:attachment":[{"href":"https:\/\/simfoniya.az\/en\/wp-json\/wp\/v2\/media?parent=18318"}],"wp:term":[{"taxonomy":"product_brand","embeddable":true,"href":"https:\/\/simfoniya.az\/en\/wp-json\/wp\/v2\/product_brand?post=18318"},{"taxonomy":"product_cat","embeddable":true,"href":"https:\/\/simfoniya.az\/en\/wp-json\/wp\/v2\/product_cat?post=18318"},{"taxonomy":"product_tag","embeddable":true,"href":"https:\/\/simfoniya.az\/en\/wp-json\/wp\/v2\/product_tag?post=18318"},{"taxonomy":"collection","embeddable":true,"href":"https:\/\/simfoniya.az\/en\/wp-json\/wp\/v2\/collection?post=18318"},{"taxonomy":"brand","embeddable":true,"href":"https:\/\/simfoniya.az\/en\/wp-json\/wp\/v2\/brand?post=18318"},{"taxonomy":"category_2","embeddable":true,"href":"https:\/\/simfoniya.az\/en\/wp-json\/wp\/v2\/category_2?post=18318"},{"taxonomy":"catergory_brand","embeddable":true,"href":"https:\/\/simfoniya.az\/en\/wp-json\/wp\/v2\/catergory_brand?post=18318"}],"curies":[{"name":"wp","href":"https:\/\/api.w.org\/{rel}","templated":true}]}}