{"id":18417,"date":"2024-06-01T06:45:04","date_gmt":"2024-06-01T06:45:04","guid":{"rendered":"https:\/\/simfoniya.az\/?post_type=product&#038;p=18417"},"modified":"2024-09-02T17:43:18","modified_gmt":"2024-09-02T17:43:18","slug":"fima-dus-basligi-ucun-kronsteyn-35cm-xrom","status":"publish","type":"product","link":"https:\/\/simfoniya.az\/en\/product\/fima-dus-basligi-ucun-kronsteyn-35cm-xrom\/","title":{"rendered":"Fima \/ Shower head"},"content":{"rendered":"<div class=\"flex max-w-full flex-col flex-grow\">\n<div class=\"min-h-[20px] text-message flex w-full flex-col items-end gap-2 break-words [.text-message+&amp;]:mt-5 overflow-x-auto whitespace-normal\" dir=\"auto\" data-message-author-role=\"assistant\" data-message-id=\"912e76f0-ac86-4954-8dd4-1ca6623854f0\">\n<div class=\"flex w-full flex-col gap-1 empty:hidden first:pt-[3px]\">\n<div class=\"markdown prose w-full break-words dark:prose-invert light\">\n<p>Sabitlik v\u0259 davaml\u0131l\u0131q \u00fc\u00e7\u00fcn n\u0259z\u0259rd\u0259 tutulmu\u015f bu montaj du\u015f ba\u015fl\u0131\u011f\u0131n\u0131z\u0131 yerind\u0259 m\u00f6hk\u0259m saxlay\u0131r. Z\u0259rif xrom \u00f6rt\u00fcy\u00fc h\u0259r hans\u0131 bir vanna ota\u011f\u0131 dekorasiyas\u0131na uy\u011fundur. Asan qura\u015fd\u0131r\u0131lan v\u0259 t\u0259mizl\u0259n\u0259n bu montaj, daha t\u0259hl\u00fck\u0259siz v\u0259 rahat bir du\u015f \u00fc\u00e7\u00fcn problemsiz bir h\u0259ll t\u0259qdim edir.<\/p>\n<\/div>\n<\/div>\n<\/div>\n<\/div>\n<div class=\"mt-1 flex gap-3 empty:hidden -ml-2\">\n<div class=\"items-center justify-start rounded-xl p-1 flex\">\n<div class=\"flex items-center\">\n<div class=\"flex\"><\/div>\n<div class=\"flex items-center pb-0\">\n<div class=\"[&amp;_svg]:h-full [&amp;_svg]:w-full icon-md h-4 w-4\"><\/div>\n<\/div>\n<\/div>\n<\/div>\n<\/div>\n","protected":false},"excerpt":{"rendered":"<div class=\"doc-card__img\">\n<h6>Documentation<\/h6>\n<ul>\n<li class=\"file-b-cONt\"><a><span class=\"file-b-title\">Product technical data sheet<\/span><\/a><\/li>\n<li><a>Technical InformatiON<\/a><\/li>\n<\/ul>\n<\/div>","protected":false},"featured_media":18418,"comment_status":"closed","ping_status":"closed","template":"","meta":[],"product_brand":[],"product_cat":[410],"product_tag":[],"collection":[],"brand":[],"category_2":[],"catergory_brand":[],"class_list":{"0":"post-18417","1":"product","2":"type-product","3":"status-publish","4":"has-post-thumbnail","6":"product_cat-shower-heads","8":"first","9":"instock","10":"shipping-taxable","11":"product-type-simple"},"_links":{"self":[{"href":"https:\/\/simfoniya.az\/en\/wp-json\/wp\/v2\/product\/18417","targetHints":{"allow":["GET"]}}],"collection":[{"href":"https:\/\/simfoniya.az\/en\/wp-json\/wp\/v2\/product"}],"about":[{"href":"https:\/\/simfoniya.az\/en\/wp-json\/wp\/v2\/types\/product"}],"replies":[{"embeddable":true,"href":"https:\/\/simfoniya.az\/en\/wp-json\/wp\/v2\/comments?post=18417"}],"wp:featuredmedia":[{"embeddable":true,"href":"https:\/\/simfoniya.az\/en\/wp-json\/wp\/v2\/media\/18418"}],"wp:attachment":[{"href":"https:\/\/simfoniya.az\/en\/wp-json\/wp\/v2\/media?parent=18417"}],"wp:term":[{"taxonomy":"product_brand","embeddable":true,"href":"https:\/\/simfoniya.az\/en\/wp-json\/wp\/v2\/product_brand?post=18417"},{"taxonomy":"product_cat","embeddable":true,"href":"https:\/\/simfoniya.az\/en\/wp-json\/wp\/v2\/product_cat?post=18417"},{"taxonomy":"product_tag","embeddable":true,"href":"https:\/\/simfoniya.az\/en\/wp-json\/wp\/v2\/product_tag?post=18417"},{"taxonomy":"collection","embeddable":true,"href":"https:\/\/simfoniya.az\/en\/wp-json\/wp\/v2\/collection?post=18417"},{"taxonomy":"brand","embeddable":true,"href":"https:\/\/simfoniya.az\/en\/wp-json\/wp\/v2\/brand?post=18417"},{"taxonomy":"category_2","embeddable":true,"href":"https:\/\/simfoniya.az\/en\/wp-json\/wp\/v2\/category_2?post=18417"},{"taxonomy":"catergory_brand","embeddable":true,"href":"https:\/\/simfoniya.az\/en\/wp-json\/wp\/v2\/catergory_brand?post=18417"}],"curies":[{"name":"wp","href":"https:\/\/api.w.org\/{rel}","templated":true}]}}