{"id":18443,"date":"2024-06-01T09:38:50","date_gmt":"2024-06-01T09:38:50","guid":{"rendered":"https:\/\/simfoniya.az\/product\/fima-elizabeth-chic-3-dekl-bde-su-qaridiricisi-qizili\/"},"modified":"2024-10-17T07:17:55","modified_gmt":"2024-10-17T07:17:55","slug":"fima-elizabeth-chic-3-dekl-bde-su-qaridiricisi-qizili","status":"publish","type":"product","link":"https:\/\/simfoniya.az\/en\/product\/fima-elizabeth-chic-3-dekl-bde-su-qaridiricisi-qizili\/","title":{"rendered":"Fima Elizabeth \/ Water mixer"},"content":{"rendered":"<div class=\"flex max-w-full flex-col flex-grow\">\n<div class=\"min-h-8 text-message flex w-full flex-col items-end gap-2 whitespace-normal break-words [.text-message+&amp;]:mt-5\" dir=\"auto\" data-message-author-role=\"assistant\" data-message-id=\"47cd321e-932e-4b37-8c37-4f062d39a185\" data-message-model-slug=\"gpt-4o\">\n<div class=\"flex w-full flex-col gap-1 empty:hidden first:pt-[3px]\">\n<div class=\"markdown prose w-full break-words dark:prose-invert light\">\n<div class=\"flex max-w-full flex-col flex-grow\">\n<div class=\"min-h-8 text-message flex w-full flex-col items-end gap-2 whitespace-normal break-words [.text-message+&amp;]:mt-5\" dir=\"auto\" data-message-author-role=\"assistant\" data-message-id=\"59ec78c1-2094-4abe-8771-c2d4bb28d588\" data-message-model-slug=\"gpt-4o\">\n<div class=\"flex w-full flex-col gap-1 empty:hidden first:pt-[3px]\">\n<div class=\"markdown prose w-full break-words dark:prose-invert light\">\n<p>Bu hamam qar\u0131\u015fd\u0131r\u0131c\u0131 kran\u0131, kristal tutacaqlar\u0131 il\u0259 z\u0259riflik t\u0259klif edir. \u0130sti v\u0259 soyuq su \u00fc\u00e7\u00fcn iki ayr\u0131 tutacaq su ax\u0131n\u0131n\u0131 d\u0259qiq t\u0259nziml\u0259yir. Xrom \u00f6rt\u00fcy\u00fc il\u0259 hamam\u0131n\u0131za l\u00fcks bir toxunu\u015f \u0259lav\u0259 edir.<\/p>\n<\/div>\n<\/div>\n<\/div>\n<\/div>\n<div class=\"mb-2 flex gap-3 empty:hidden -ml-2\">\n<div class=\"items-center justify-start rounded-xl p-1 flex\">\n<div class=\"flex items-center\"><\/div>\n<\/div>\n<\/div>\n<\/div>\n<\/div>\n<\/div>\n<\/div>\n<div class=\"mb-2 flex gap-3 empty:hidden -ml-2\">\n<div class=\"items-center justify-start rounded-xl p-1 flex\">\n<div class=\"flex items-center\"><button class=\"rounded-lg text-token-text-secondary hover:bg-token-main-surface-secondary\" aria-label=\"Read aloud\" data-testid=\"voice-play-turn-action-button\">\u00a0<\/button><\/div>\n<\/div>\n<\/div>\n","protected":false},"excerpt":{"rendered":"<p>This bathroom mixer tap offers elegance with crystal handles. Two separate handles for hot and cold water precisely adjust the water flow. It adds a luxurious touch to your bathroom with its chrome finish. \u00a0<\/p>","protected":false},"featured_media":18442,"comment_status":"closed","ping_status":"closed","template":"","meta":[],"product_brand":[],"product_cat":[1397],"product_tag":[],"collection":[],"brand":[],"category_2":[],"catergory_brand":[],"class_list":{"0":"post-18443","1":"product","2":"type-product","3":"status-publish","4":"has-post-thumbnail","6":"product_cat-basin-water-bath-mixer","8":"first","9":"instock","10":"shipping-taxable","11":"product-type-simple"},"_links":{"self":[{"href":"https:\/\/simfoniya.az\/en\/wp-json\/wp\/v2\/product\/18443","targetHints":{"allow":["GET"]}}],"collection":[{"href":"https:\/\/simfoniya.az\/en\/wp-json\/wp\/v2\/product"}],"about":[{"href":"https:\/\/simfoniya.az\/en\/wp-json\/wp\/v2\/types\/product"}],"replies":[{"embeddable":true,"href":"https:\/\/simfoniya.az\/en\/wp-json\/wp\/v2\/comments?post=18443"}],"wp:featuredmedia":[{"embeddable":true,"href":"https:\/\/simfoniya.az\/en\/wp-json\/wp\/v2\/media\/18442"}],"wp:attachment":[{"href":"https:\/\/simfoniya.az\/en\/wp-json\/wp\/v2\/media?parent=18443"}],"wp:term":[{"taxonomy":"product_brand","embeddable":true,"href":"https:\/\/simfoniya.az\/en\/wp-json\/wp\/v2\/product_brand?post=18443"},{"taxonomy":"product_cat","embeddable":true,"href":"https:\/\/simfoniya.az\/en\/wp-json\/wp\/v2\/product_cat?post=18443"},{"taxonomy":"product_tag","embeddable":true,"href":"https:\/\/simfoniya.az\/en\/wp-json\/wp\/v2\/product_tag?post=18443"},{"taxonomy":"collection","embeddable":true,"href":"https:\/\/simfoniya.az\/en\/wp-json\/wp\/v2\/collection?post=18443"},{"taxonomy":"brand","embeddable":true,"href":"https:\/\/simfoniya.az\/en\/wp-json\/wp\/v2\/brand?post=18443"},{"taxonomy":"category_2","embeddable":true,"href":"https:\/\/simfoniya.az\/en\/wp-json\/wp\/v2\/category_2?post=18443"},{"taxonomy":"catergory_brand","embeddable":true,"href":"https:\/\/simfoniya.az\/en\/wp-json\/wp\/v2\/catergory_brand?post=18443"}],"curies":[{"name":"wp","href":"https:\/\/api.w.org\/{rel}","templated":true}]}}