{"id":18480,"date":"2024-06-01T10:14:20","date_gmt":"2024-06-01T10:14:20","guid":{"rendered":"https:\/\/simfoniya.az\/product\/fima-epoque-gigyenik-su-qarisdiricisi-qizili\/"},"modified":"2024-10-17T07:03:42","modified_gmt":"2024-10-17T07:03:42","slug":"fima-epoque-gigyenik-su-qarisdiricisi-qizili","status":"publish","type":"product","link":"https:\/\/simfoniya.az\/en\/product\/fima-epoque-gigyenik-su-qarisdiricisi-qizili\/","title":{"rendered":"Fima Epoque \/ Water mixer"},"content":{"rendered":"<div class=\"flex max-w-full flex-col flex-grow\">\n<div class=\"min-h-8 text-message flex w-full flex-col items-end gap-2 whitespace-normal break-words [.text-message+&amp;]:mt-5\" dir=\"auto\" data-message-author-role=\"assistant\" data-message-id=\"eadd965a-9351-4148-a2d7-e8550206021e\" data-message-model-slug=\"gpt-4o\">\n<div class=\"flex w-full flex-col gap-1 empty:hidden first:pt-[3px]\">\n<div class=\"markdown prose w-full break-words dark:prose-invert light\">\n<p>Bu retro stilind\u0259ki qar\u0131\u015fd\u0131r\u0131c\u0131 kran, hamam\u0131n\u0131za klassik v\u0259 z\u0259rif bir g\u00f6r\u00fcn\u00fc\u015f qatar. \u0130ki tutacaql\u0131 dizayn\u0131 isti v\u0259 soyuq suyun d\u0259qiq t\u0259nziml\u0259nm\u0259sini t\u0259min edir, bu da suyun istifad\u0259sini daha rahat v\u0259 effektiv edir. Parlaq q\u0131z\u0131l \u00f6rt\u00fcy\u00fc il\u0259 bu kran, h\u0259m davaml\u0131d\u0131r h\u0259m d\u0259 hamam ota\u011f\u0131n\u0131za \u015f\u0131k bir toxunu\u015f \u0259lav\u0259 edir.<\/p>\n<\/div>\n<\/div>\n<\/div>\n<\/div>\n<div class=\"mb-2 flex gap-3 empty:hidden -ml-2\">\n<div class=\"items-center justify-start rounded-xl p-1 flex\">\n<div class=\"flex items-center\"><button class=\"rounded-lg text-token-text-secondary hover:bg-token-main-surface-secondary\" aria-label=\"Read aloud\" data-testid=\"voice-play-turn-action-button\"><\/button><button class=\"rounded-lg text-token-text-secondary hover:bg-token-main-surface-secondary\" aria-label=\"\u041a\u043e\u043f\u0438\u0440\u043e\u0432\u0430\u0442\u044c\" data-testid=\"copy-turn-action-button\"><\/button><\/p>\n<div class=\"flex\"><\/div>\n<div class=\"flex items-center pb-0\"><\/div>\n<\/div>\n<\/div>\n<\/div>\n","protected":false},"excerpt":{"rendered":"<p>This retro-style mixer tap will add a classic and elegant look to your bathroom. The two-handle design ensures precise adjustment of hot and cold water, making water use more convenient and efficient. With its shiny gold finish, this faucet is both durable and adds a stylish touch to your bathroom.<\/p>","protected":false},"featured_media":18479,"comment_status":"closed","ping_status":"closed","template":"","meta":[],"product_brand":[],"product_cat":[411],"product_tag":[],"collection":[],"brand":[],"category_2":[],"catergory_brand":[],"class_list":{"0":"post-18480","1":"product","2":"type-product","3":"status-publish","4":"has-post-thumbnail","6":"product_cat-faucets","8":"first","9":"instock","10":"shipping-taxable","11":"product-type-simple"},"_links":{"self":[{"href":"https:\/\/simfoniya.az\/en\/wp-json\/wp\/v2\/product\/18480","targetHints":{"allow":["GET"]}}],"collection":[{"href":"https:\/\/simfoniya.az\/en\/wp-json\/wp\/v2\/product"}],"about":[{"href":"https:\/\/simfoniya.az\/en\/wp-json\/wp\/v2\/types\/product"}],"replies":[{"embeddable":true,"href":"https:\/\/simfoniya.az\/en\/wp-json\/wp\/v2\/comments?post=18480"}],"wp:featuredmedia":[{"embeddable":true,"href":"https:\/\/simfoniya.az\/en\/wp-json\/wp\/v2\/media\/18479"}],"wp:attachment":[{"href":"https:\/\/simfoniya.az\/en\/wp-json\/wp\/v2\/media?parent=18480"}],"wp:term":[{"taxonomy":"product_brand","embeddable":true,"href":"https:\/\/simfoniya.az\/en\/wp-json\/wp\/v2\/product_brand?post=18480"},{"taxonomy":"product_cat","embeddable":true,"href":"https:\/\/simfoniya.az\/en\/wp-json\/wp\/v2\/product_cat?post=18480"},{"taxonomy":"product_tag","embeddable":true,"href":"https:\/\/simfoniya.az\/en\/wp-json\/wp\/v2\/product_tag?post=18480"},{"taxonomy":"collection","embeddable":true,"href":"https:\/\/simfoniya.az\/en\/wp-json\/wp\/v2\/collection?post=18480"},{"taxonomy":"brand","embeddable":true,"href":"https:\/\/simfoniya.az\/en\/wp-json\/wp\/v2\/brand?post=18480"},{"taxonomy":"category_2","embeddable":true,"href":"https:\/\/simfoniya.az\/en\/wp-json\/wp\/v2\/category_2?post=18480"},{"taxonomy":"catergory_brand","embeddable":true,"href":"https:\/\/simfoniya.az\/en\/wp-json\/wp\/v2\/catergory_brand?post=18480"}],"curies":[{"name":"wp","href":"https:\/\/api.w.org\/{rel}","templated":true}]}}