{"id":18523,"date":"2024-06-01T10:14:46","date_gmt":"2024-06-01T10:14:46","guid":{"rendered":"https:\/\/simfoniya.az\/product\/fima-herend-chic-el-duslu-vanna-su-qaridiricisi-qizili\/"},"modified":"2024-10-16T09:24:10","modified_gmt":"2024-10-16T09:24:10","slug":"fima-herend-chic-el-duslu-vanna-su-qaridiricisi-qizili","status":"publish","type":"product","link":"https:\/\/simfoniya.az\/en\/product\/fima-herend-chic-el-duslu-vanna-su-qaridiricisi-qizili\/","title":{"rendered":"Fima Herend \/ Hand shower"},"content":{"rendered":"<div class=\"flex max-w-full flex-col flex-grow\">\n<div class=\"min-h-8 text-message flex w-full flex-col items-end gap-2 whitespace-normal break-words [.text-message+&amp;]:mt-5\" dir=\"auto\" data-message-author-role=\"assistant\" data-message-id=\"7731db3a-6383-43ee-9d14-41d3121aa132\" data-message-model-slug=\"gpt-4o\">\n<div class=\"flex w-full flex-col gap-1 empty:hidden first:pt-[3px]\">\n<div class=\"markdown prose w-full break-words dark:prose-invert light\">\n<p>Bu klassik dizaynl\u0131 vanna qar\u0131\u015fd\u0131r\u0131c\u0131 kran\u0131, z\u0259ngin detallar\u0131 v\u0259 funksionall\u0131\u011f\u0131 il\u0259 diqq\u0259ti c\u0259lb edir. \u00dc\u00e7 tutacaql\u0131 sistemi il\u0259 isti, soyuq suyun v\u0259 du\u015fun idar\u0259 olunmas\u0131n\u0131 t\u0259min edir, bu da istifad\u0259si \u00e7ox rahatd\u0131r. Xrom \u00f6rt\u00fcy\u00fc il\u0259 bu kran, vanna ota\u011f\u0131n\u0131za h\u0259m estetik bir g\u00f6r\u00fcn\u00fc\u015f qatar, h\u0259m d\u0259 uzun\u00f6m\u00fcrl\u00fc istifad\u0259 t\u0259min edir.<\/p>\n<\/div>\n<\/div>\n<\/div>\n<\/div>\n<div class=\"mb-2 flex gap-3 empty:hidden -ml-2\">\n<div class=\"items-center justify-start rounded-xl p-1 flex\">\n<div class=\"flex items-center\"><button class=\"rounded-lg text-token-text-secondary hover:bg-token-main-surface-secondary\" aria-label=\"Read aloud\" data-testid=\"voice-play-turn-action-button\"><\/button><button class=\"rounded-lg text-token-text-secondary hover:bg-token-main-surface-secondary\" aria-label=\"\u041a\u043e\u043f\u0438\u0440\u043e\u0432\u0430\u0442\u044c\" data-testid=\"copy-turn-action-button\"><\/button><\/p>\n<div class=\"flex\"><\/div>\n<div class=\"flex items-center pb-0\"><\/div>\n<\/div>\n<\/div>\n<\/div>\n","protected":false},"excerpt":{"rendered":"<p>This classically designed bath mixer tap attracts attention with its rich details and functionality. With its three-handle system, it provides control of hot, cold water and shower, which is very convenient to use. With its chrome finish, this faucet gives your bathroom both an aesthetic look and long-lasting use.<\/p>","protected":false},"featured_media":18522,"comment_status":"closed","ping_status":"closed","template":"","meta":[],"product_brand":[],"product_cat":[1402],"product_tag":[],"collection":[],"brand":[],"category_2":[],"catergory_brand":[],"class_list":{"0":"post-18523","1":"product","2":"type-product","3":"status-publish","4":"has-post-thumbnail","6":"product_cat-shower-hands","8":"first","9":"instock","10":"shipping-taxable","11":"product-type-simple"},"_links":{"self":[{"href":"https:\/\/simfoniya.az\/en\/wp-json\/wp\/v2\/product\/18523","targetHints":{"allow":["GET"]}}],"collection":[{"href":"https:\/\/simfoniya.az\/en\/wp-json\/wp\/v2\/product"}],"about":[{"href":"https:\/\/simfoniya.az\/en\/wp-json\/wp\/v2\/types\/product"}],"replies":[{"embeddable":true,"href":"https:\/\/simfoniya.az\/en\/wp-json\/wp\/v2\/comments?post=18523"}],"wp:featuredmedia":[{"embeddable":true,"href":"https:\/\/simfoniya.az\/en\/wp-json\/wp\/v2\/media\/18522"}],"wp:attachment":[{"href":"https:\/\/simfoniya.az\/en\/wp-json\/wp\/v2\/media?parent=18523"}],"wp:term":[{"taxonomy":"product_brand","embeddable":true,"href":"https:\/\/simfoniya.az\/en\/wp-json\/wp\/v2\/product_brand?post=18523"},{"taxonomy":"product_cat","embeddable":true,"href":"https:\/\/simfoniya.az\/en\/wp-json\/wp\/v2\/product_cat?post=18523"},{"taxonomy":"product_tag","embeddable":true,"href":"https:\/\/simfoniya.az\/en\/wp-json\/wp\/v2\/product_tag?post=18523"},{"taxonomy":"collection","embeddable":true,"href":"https:\/\/simfoniya.az\/en\/wp-json\/wp\/v2\/collection?post=18523"},{"taxonomy":"brand","embeddable":true,"href":"https:\/\/simfoniya.az\/en\/wp-json\/wp\/v2\/brand?post=18523"},{"taxonomy":"category_2","embeddable":true,"href":"https:\/\/simfoniya.az\/en\/wp-json\/wp\/v2\/category_2?post=18523"},{"taxonomy":"catergory_brand","embeddable":true,"href":"https:\/\/simfoniya.az\/en\/wp-json\/wp\/v2\/catergory_brand?post=18523"}],"curies":[{"name":"wp","href":"https:\/\/api.w.org\/{rel}","templated":true}]}}