{"id":18525,"date":"2024-06-01T10:14:47","date_gmt":"2024-06-01T10:14:47","guid":{"rendered":"https:\/\/simfoniya.az\/product\/fima-herend-chic-el-dusu-ucun-su-cixisi-1-2-xrom\/"},"modified":"2024-10-16T09:19:30","modified_gmt":"2024-10-16T09:19:30","slug":"fima-herend-chic-el-dusu-ucun-su-cixisi-1-2-xrom","status":"publish","type":"product","link":"https:\/\/simfoniya.az\/en\/product\/fima-herend-chic-el-dusu-ucun-su-cixisi-1-2-xrom\/","title":{"rendered":"Fima Herend \/ Water outlet for hand shower"},"content":{"rendered":"<div class=\"flex max-w-full flex-col flex-grow\">\n<div class=\"min-h-8 text-message flex w-full flex-col items-end gap-2 whitespace-normal break-words [.text-message+&amp;]:mt-5\" dir=\"auto\" data-message-author-role=\"assistant\" data-message-id=\"400b285b-e185-4b43-be3d-1d1f0706c1bf\" data-message-model-slug=\"gpt-4o\">\n<div class=\"flex w-full flex-col gap-1 empty:hidden first:pt-[3px]\">\n<div class=\"markdown prose w-full break-words dark:prose-invert light\">\n<p>Bu m\u00fcasir dizaynl\u0131 su vanas\u0131, hamam\u0131n\u0131za minimalizm v\u0259 sofistikal\u0131q qatar. D\u00fczbucaql\u0131, q\u0131z\u0131l xrom \u00f6rt\u00fckl\u00fc bu vanan\u0131n t\u0259miz x\u0259tl\u0259ri, su ax\u0131n\u0131na n\u0259zar\u0259t etm\u0259yi asanla\u015fd\u0131r\u0131r v\u0259 h\u0259r hans\u0131 z\u0259man\u0259tli hamam interyerin\u0259 m\u00fcasir bir toxunu\u015f \u0259lav\u0259 edir. Davaml\u0131 v\u0259 estetik bu vana, funksionall\u0131\u011f\u0131 il\u0259 hamam ota\u011f\u0131n\u0131z\u0131 t\u0259kmill\u0259\u015fdir\u0259c\u0259k.<\/p>\n<\/div>\n<\/div>\n<\/div>\n<\/div>\n<div class=\"mb-2 flex gap-3 empty:hidden -ml-2\">\n<div class=\"items-center justify-start rounded-xl p-1 flex\">\n<div class=\"flex items-center\"><button class=\"rounded-lg text-token-text-secondary hover:bg-token-main-surface-secondary\" aria-label=\"Read aloud\" data-testid=\"voice-play-turn-action-button\"><\/button><button class=\"rounded-lg text-token-text-secondary hover:bg-token-main-surface-secondary\" aria-label=\"\u041a\u043e\u043f\u0438\u0440\u043e\u0432\u0430\u0442\u044c\" data-testid=\"copy-turn-action-button\"><\/button><\/p>\n<div class=\"flex\"><\/div>\n<div class=\"flex items-center pb-0\"><\/div>\n<\/div>\n<\/div>\n<\/div>\n","protected":false},"excerpt":{"rendered":"<p>Bring minimalism and sophistication to your bathroom with this modern design faucet. The clean lines of this rectangular, gold chrome-plated faucet make it easy to control water flow and add a modern touch to any bathroom interior. Durable and aesthetic, this valve will enhance your bathroom with its functionality.<\/p>","protected":false},"featured_media":18524,"comment_status":"closed","ping_status":"closed","template":"","meta":[],"product_brand":[],"product_cat":[1392],"product_tag":[],"collection":[],"brand":[],"category_2":[],"catergory_brand":[],"class_list":{"0":"post-18525","1":"product","2":"type-product","3":"status-publish","4":"has-post-thumbnail","6":"product_cat-shower-and-components","8":"first","9":"instock","10":"shipping-taxable","11":"product-type-simple"},"_links":{"self":[{"href":"https:\/\/simfoniya.az\/en\/wp-json\/wp\/v2\/product\/18525","targetHints":{"allow":["GET"]}}],"collection":[{"href":"https:\/\/simfoniya.az\/en\/wp-json\/wp\/v2\/product"}],"about":[{"href":"https:\/\/simfoniya.az\/en\/wp-json\/wp\/v2\/types\/product"}],"replies":[{"embeddable":true,"href":"https:\/\/simfoniya.az\/en\/wp-json\/wp\/v2\/comments?post=18525"}],"wp:featuredmedia":[{"embeddable":true,"href":"https:\/\/simfoniya.az\/en\/wp-json\/wp\/v2\/media\/18524"}],"wp:attachment":[{"href":"https:\/\/simfoniya.az\/en\/wp-json\/wp\/v2\/media?parent=18525"}],"wp:term":[{"taxonomy":"product_brand","embeddable":true,"href":"https:\/\/simfoniya.az\/en\/wp-json\/wp\/v2\/product_brand?post=18525"},{"taxonomy":"product_cat","embeddable":true,"href":"https:\/\/simfoniya.az\/en\/wp-json\/wp\/v2\/product_cat?post=18525"},{"taxonomy":"product_tag","embeddable":true,"href":"https:\/\/simfoniya.az\/en\/wp-json\/wp\/v2\/product_tag?post=18525"},{"taxonomy":"collection","embeddable":true,"href":"https:\/\/simfoniya.az\/en\/wp-json\/wp\/v2\/collection?post=18525"},{"taxonomy":"brand","embeddable":true,"href":"https:\/\/simfoniya.az\/en\/wp-json\/wp\/v2\/brand?post=18525"},{"taxonomy":"category_2","embeddable":true,"href":"https:\/\/simfoniya.az\/en\/wp-json\/wp\/v2\/category_2?post=18525"},{"taxonomy":"catergory_brand","embeddable":true,"href":"https:\/\/simfoniya.az\/en\/wp-json\/wp\/v2\/catergory_brand?post=18525"}],"curies":[{"name":"wp","href":"https:\/\/api.w.org\/{rel}","templated":true}]}}