{"id":18529,"date":"2024-06-01T10:14:49","date_gmt":"2024-06-01T10:14:49","guid":{"rendered":"https:\/\/simfoniya.az\/product\/fima-herend-chic-el-dusu-yerden-montaj-olunan-xrom\/"},"modified":"2024-10-16T09:04:13","modified_gmt":"2024-10-16T09:04:13","slug":"fima-herend-chic-el-dusu-yerden-montaj-olunan-xrom","status":"publish","type":"product","link":"https:\/\/simfoniya.az\/en\/product\/fima-herend-chic-el-dusu-yerden-montaj-olunan-xrom\/","title":{"rendered":"Fima Herend \/ Hand shower"},"content":{"rendered":"<div class=\"flex max-w-full flex-col flex-grow\">\n<div class=\"min-h-8 text-message flex w-full flex-col items-end gap-2 whitespace-normal break-words [.text-message+&amp;]:mt-5\" dir=\"auto\" data-message-author-role=\"assistant\" data-message-id=\"30eab72c-bae1-4495-8d17-b2c682750028\" data-message-model-slug=\"gpt-4o\">\n<div class=\"flex w-full flex-col gap-1 empty:hidden first:pt-[3px]\">\n<div class=\"markdown prose w-full break-words dark:prose-invert light\">\n<p>Bu retro stilind\u0259ki vanna qar\u0131\u015fd\u0131r\u0131c\u0131 kran\u0131, h\u0259m g\u00f6z\u0259lliyi h\u0259m d\u0259 funksionall\u0131\u011f\u0131 il\u0259 se\u00e7ilir. Uzun bacaklar\u0131 v\u0259 \u0259l du\u015fu il\u0259 t\u0259chiz edilmi\u015fdir ki, bu da vanna ota\u011f\u0131n\u0131za \u0259n\u0259n\u0259vi v\u0259 z\u0259rif bir g\u00f6r\u00fcn\u00fc\u015f qatar. Xrom \u00f6rt\u00fcy\u00fc il\u0259 bu kran suyun istifad\u0259sini rahat v\u0259 effektiv edir, h\u0259m\u00e7inin hamam\u0131n\u0131za davaml\u0131 v\u0259 parlaq bir toxunu\u015f \u0259lav\u0259 edir.<\/p>\n<\/div>\n<\/div>\n<\/div>\n<\/div>\n<div class=\"mb-2 flex gap-3 empty:hidden -ml-2\">\n<div class=\"items-center justify-start rounded-xl p-1 flex\">\n<div class=\"flex items-center\"><button class=\"rounded-lg text-token-text-secondary hover:bg-token-main-surface-secondary\" aria-label=\"Read aloud\" data-testid=\"voice-play-turn-action-button\"><\/button><button class=\"rounded-lg text-token-text-secondary hover:bg-token-main-surface-secondary\" aria-label=\"\u041a\u043e\u043f\u0438\u0440\u043e\u0432\u0430\u0442\u044c\" data-testid=\"copy-turn-action-button\"><\/button><\/p>\n<div class=\"flex\"><\/div>\n<div class=\"flex items-center pb-0\"><\/div>\n<\/div>\n<\/div>\n<\/div>\n","protected":false},"excerpt":{"rendered":"<p>This retro-style bathroom mixer tap stands out for its beauty and functionality. It is equipped with long legs and a hand shower, which will give your bathroom a traditional and elegant look. With its chrome finish, this faucet makes water use convenient and efficient, as well as adding a durable and shiny touch to your bathroom.<\/p>","protected":false},"featured_media":18528,"comment_status":"closed","ping_status":"closed","template":"","meta":[],"product_brand":[],"product_cat":[1402],"product_tag":[],"collection":[],"brand":[],"category_2":[],"catergory_brand":[],"class_list":{"0":"post-18529","1":"product","2":"type-product","3":"status-publish","4":"has-post-thumbnail","6":"product_cat-shower-hands","8":"first","9":"instock","10":"shipping-taxable","11":"product-type-simple"},"_links":{"self":[{"href":"https:\/\/simfoniya.az\/en\/wp-json\/wp\/v2\/product\/18529","targetHints":{"allow":["GET"]}}],"collection":[{"href":"https:\/\/simfoniya.az\/en\/wp-json\/wp\/v2\/product"}],"about":[{"href":"https:\/\/simfoniya.az\/en\/wp-json\/wp\/v2\/types\/product"}],"replies":[{"embeddable":true,"href":"https:\/\/simfoniya.az\/en\/wp-json\/wp\/v2\/comments?post=18529"}],"wp:featuredmedia":[{"embeddable":true,"href":"https:\/\/simfoniya.az\/en\/wp-json\/wp\/v2\/media\/18528"}],"wp:attachment":[{"href":"https:\/\/simfoniya.az\/en\/wp-json\/wp\/v2\/media?parent=18529"}],"wp:term":[{"taxonomy":"product_brand","embeddable":true,"href":"https:\/\/simfoniya.az\/en\/wp-json\/wp\/v2\/product_brand?post=18529"},{"taxonomy":"product_cat","embeddable":true,"href":"https:\/\/simfoniya.az\/en\/wp-json\/wp\/v2\/product_cat?post=18529"},{"taxonomy":"product_tag","embeddable":true,"href":"https:\/\/simfoniya.az\/en\/wp-json\/wp\/v2\/product_tag?post=18529"},{"taxonomy":"collection","embeddable":true,"href":"https:\/\/simfoniya.az\/en\/wp-json\/wp\/v2\/collection?post=18529"},{"taxonomy":"brand","embeddable":true,"href":"https:\/\/simfoniya.az\/en\/wp-json\/wp\/v2\/brand?post=18529"},{"taxonomy":"category_2","embeddable":true,"href":"https:\/\/simfoniya.az\/en\/wp-json\/wp\/v2\/category_2?post=18529"},{"taxonomy":"catergory_brand","embeddable":true,"href":"https:\/\/simfoniya.az\/en\/wp-json\/wp\/v2\/catergory_brand?post=18529"}],"curies":[{"name":"wp","href":"https:\/\/api.w.org\/{rel}","templated":true}]}}