{"id":18545,"date":"2024-06-01T10:15:03","date_gmt":"2024-06-01T10:15:03","guid":{"rendered":"https:\/\/simfoniya.az\/product\/fima-herend-chic-tk-dekl-uzun-llekl-anaq-su-qaridiricisi-qizili\/"},"modified":"2024-10-16T07:54:14","modified_gmt":"2024-10-16T07:54:14","slug":"fima-herend-chic-tk-dekl-uzun-llekl-anaq-su-qaridiricisi-qizili","status":"publish","type":"product","link":"https:\/\/simfoniya.az\/en\/product\/fima-herend-chic-tk-dekl-uzun-llekl-anaq-su-qaridiricisi-qizili\/","title":{"rendered":"Fima Herend \/ Water mixer"},"content":{"rendered":"<div class=\"flex max-w-full flex-col flex-grow\">\n<div class=\"min-h-8 text-message flex w-full flex-col items-end gap-2 whitespace-normal break-words [.text-message+&amp;]:mt-5\" dir=\"auto\" data-message-author-role=\"assistant\" data-message-id=\"7bc9d641-2150-4835-9320-5118af387d35\" data-message-model-slug=\"gpt-4o\">\n<div class=\"flex w-full flex-col gap-1 empty:hidden first:pt-[3px]\">\n<div class=\"markdown prose w-full break-words dark:prose-invert light\">\n<p>Bu q\u0131z\u0131l r\u0259ngli m\u0259tb\u0259x qar\u0131\u015fd\u0131r\u0131c\u0131 kran\u0131, klassik v\u0259 z\u0259rif dizayn\u0131 il\u0259 f\u0259rql\u0259nir. Kristal kimi \u015f\u0259ffaf tutacaqlar\u0131 il\u0259 isti v\u0259 soyuq suyun d\u0259qiq t\u0259nziml\u0259nm\u0259sini t\u0259min edir, suyun istifad\u0259sini asan v\u0259 effektiv edir. Bu g\u00f6z\u0259l v\u0259 i\u015fl\u0259k kran, h\u0259r hans\u0131 m\u0259tb\u0259x interyerin\u0259 l\u00fcks v\u0259 tarixi bir toxunu\u015f \u0259lav\u0259 ed\u0259r.<\/p>\n<\/div>\n<\/div>\n<\/div>\n<\/div>\n<div class=\"mb-2 flex gap-3 empty:hidden -ml-2\">\n<div class=\"items-center justify-start rounded-xl p-1 flex\">\n<div class=\"flex items-center\"><button class=\"rounded-lg text-token-text-secondary hover:bg-token-main-surface-secondary\" aria-label=\"Read aloud\" data-testid=\"voice-play-turn-action-button\"><\/button><button class=\"rounded-lg text-token-text-secondary hover:bg-token-main-surface-secondary\" aria-label=\"\u041a\u043e\u043f\u0438\u0440\u043e\u0432\u0430\u0442\u044c\" data-testid=\"copy-turn-action-button\"><\/button><\/p>\n<div class=\"flex\"><\/div>\n<div class=\"flex items-center pb-0\"><\/div>\n<\/div>\n<\/div>\n<\/div>\n","protected":false},"excerpt":{"rendered":"<p>This gold-colored kitchen mixer tap stands out with its classic and elegant design. With its crystal-clear handles, it ensures precise adjustment of hot and cold water, making water use easy and efficient. This beautiful and functional faucet will add a touch of luxury and history to any kitchen interior.<\/p>","protected":false},"featured_media":23655,"comment_status":"closed","ping_status":"closed","template":"","meta":[],"product_brand":[],"product_cat":[1397],"product_tag":[],"collection":[],"brand":[],"category_2":[],"catergory_brand":[],"class_list":{"0":"post-18545","1":"product","2":"type-product","3":"status-publish","4":"has-post-thumbnail","6":"product_cat-basin-water-bath-mixer","8":"first","9":"instock","10":"shipping-taxable","11":"product-type-simple"},"_links":{"self":[{"href":"https:\/\/simfoniya.az\/en\/wp-json\/wp\/v2\/product\/18545","targetHints":{"allow":["GET"]}}],"collection":[{"href":"https:\/\/simfoniya.az\/en\/wp-json\/wp\/v2\/product"}],"about":[{"href":"https:\/\/simfoniya.az\/en\/wp-json\/wp\/v2\/types\/product"}],"replies":[{"embeddable":true,"href":"https:\/\/simfoniya.az\/en\/wp-json\/wp\/v2\/comments?post=18545"}],"wp:featuredmedia":[{"embeddable":true,"href":"https:\/\/simfoniya.az\/en\/wp-json\/wp\/v2\/media\/23655"}],"wp:attachment":[{"href":"https:\/\/simfoniya.az\/en\/wp-json\/wp\/v2\/media?parent=18545"}],"wp:term":[{"taxonomy":"product_brand","embeddable":true,"href":"https:\/\/simfoniya.az\/en\/wp-json\/wp\/v2\/product_brand?post=18545"},{"taxonomy":"product_cat","embeddable":true,"href":"https:\/\/simfoniya.az\/en\/wp-json\/wp\/v2\/product_cat?post=18545"},{"taxonomy":"product_tag","embeddable":true,"href":"https:\/\/simfoniya.az\/en\/wp-json\/wp\/v2\/product_tag?post=18545"},{"taxonomy":"collection","embeddable":true,"href":"https:\/\/simfoniya.az\/en\/wp-json\/wp\/v2\/collection?post=18545"},{"taxonomy":"brand","embeddable":true,"href":"https:\/\/simfoniya.az\/en\/wp-json\/wp\/v2\/brand?post=18545"},{"taxonomy":"category_2","embeddable":true,"href":"https:\/\/simfoniya.az\/en\/wp-json\/wp\/v2\/category_2?post=18545"},{"taxonomy":"catergory_brand","embeddable":true,"href":"https:\/\/simfoniya.az\/en\/wp-json\/wp\/v2\/catergory_brand?post=18545"}],"curies":[{"name":"wp","href":"https:\/\/api.w.org\/{rel}","templated":true}]}}