{"id":18585,"date":"2024-06-01T10:15:45","date_gmt":"2024-06-01T10:15:45","guid":{"rendered":"https:\/\/simfoniya.az\/product\/fima-next-qisa-basliqli-1-funksiyali-divar-ici-sistemin-acma-qolu-xrom\/"},"modified":"2024-10-16T07:29:44","modified_gmt":"2024-10-16T07:29:44","slug":"fima-next-qisa-basliqli-1-funksiyali-divar-ici-sistemin-acma-qolu-xrom","status":"publish","type":"product","link":"https:\/\/simfoniya.az\/en\/product\/fima-next-qisa-basliqli-1-funksiyali-divar-ici-sistemin-acma-qolu-xrom\/","title":{"rendered":"Fima Next \/ In-wall system"},"content":{"rendered":"<div class=\"flex max-w-full flex-col flex-grow\">\n<div class=\"min-h-8 text-message flex w-full flex-col items-end gap-2 whitespace-normal break-words [.text-message+&amp;]:mt-5\" dir=\"auto\" data-message-author-role=\"assistant\" data-message-id=\"986e100b-a02e-41d3-8743-57b88db09616\" data-message-model-slug=\"gpt-4o\">\n<div class=\"flex w-full flex-col gap-1 empty:hidden first:pt-[3px]\">\n<div class=\"markdown prose w-full break-words dark:prose-invert light\">\n<p>Bu m\u00fcasir dizaynl\u0131 du\u015f qar\u0131\u015fd\u0131r\u0131c\u0131 kran, hamam ota\u011f\u0131n\u0131zda z\u0259riflik v\u0259 sad\u0259lik yarad\u0131r. G\u00f6z\u0259l xrom \u00f6rt\u00fcy\u00fc il\u0259, suyun t\u0259miz v\u0259 parlaq ax\u0131n\u0131 t\u0259min edir. Minimalist tutacaq isti v\u0259 soyuq suyun d\u0259qiq idar\u0259 edilm\u0259sini asanla\u015fd\u0131r\u0131r, v\u0259 h\u0259m\u00e7inin istifad\u0259si rahatd\u0131r.<\/p>\n<\/div>\n<\/div>\n<\/div>\n<\/div>\n<div class=\"mb-2 flex gap-3 empty:hidden -ml-2\">\n<div class=\"items-center justify-start rounded-xl p-1 flex\">\n<div class=\"flex items-center\">\n<p>&nbsp;<\/p>\n<div class=\"flex\"><\/div>\n<div class=\"flex items-center pb-0\"><\/div>\n<\/div>\n<\/div>\n<\/div>\n","protected":false},"excerpt":{"rendered":"<p>This modern design shower mixer faucet brings elegance and simplicity to your bathroom. With a beautiful chrome finish, it ensures a clean and shiny flow of water. The minimalist handle facilitates precise control of hot and cold water, and is also convenient to use. &nbsp;<\/p>","protected":false},"featured_media":18584,"comment_status":"closed","ping_status":"closed","template":"","meta":[],"product_brand":[],"product_cat":[1394],"product_tag":[],"collection":[],"brand":[1401],"category_2":[],"catergory_brand":[],"class_list":{"0":"post-18585","1":"product","2":"type-product","3":"status-publish","4":"has-post-thumbnail","6":"product_cat-shower-mixer","7":"brand-fima","9":"first","10":"instock","11":"shipping-taxable","12":"product-type-simple"},"_links":{"self":[{"href":"https:\/\/simfoniya.az\/en\/wp-json\/wp\/v2\/product\/18585","targetHints":{"allow":["GET"]}}],"collection":[{"href":"https:\/\/simfoniya.az\/en\/wp-json\/wp\/v2\/product"}],"about":[{"href":"https:\/\/simfoniya.az\/en\/wp-json\/wp\/v2\/types\/product"}],"replies":[{"embeddable":true,"href":"https:\/\/simfoniya.az\/en\/wp-json\/wp\/v2\/comments?post=18585"}],"wp:featuredmedia":[{"embeddable":true,"href":"https:\/\/simfoniya.az\/en\/wp-json\/wp\/v2\/media\/18584"}],"wp:attachment":[{"href":"https:\/\/simfoniya.az\/en\/wp-json\/wp\/v2\/media?parent=18585"}],"wp:term":[{"taxonomy":"product_brand","embeddable":true,"href":"https:\/\/simfoniya.az\/en\/wp-json\/wp\/v2\/product_brand?post=18585"},{"taxonomy":"product_cat","embeddable":true,"href":"https:\/\/simfoniya.az\/en\/wp-json\/wp\/v2\/product_cat?post=18585"},{"taxonomy":"product_tag","embeddable":true,"href":"https:\/\/simfoniya.az\/en\/wp-json\/wp\/v2\/product_tag?post=18585"},{"taxonomy":"collection","embeddable":true,"href":"https:\/\/simfoniya.az\/en\/wp-json\/wp\/v2\/collection?post=18585"},{"taxonomy":"brand","embeddable":true,"href":"https:\/\/simfoniya.az\/en\/wp-json\/wp\/v2\/brand?post=18585"},{"taxonomy":"category_2","embeddable":true,"href":"https:\/\/simfoniya.az\/en\/wp-json\/wp\/v2\/category_2?post=18585"},{"taxonomy":"catergory_brand","embeddable":true,"href":"https:\/\/simfoniya.az\/en\/wp-json\/wp\/v2\/catergory_brand?post=18585"}],"curies":[{"name":"wp","href":"https:\/\/api.w.org\/{rel}","templated":true}]}}