{"id":18595,"date":"2024-06-01T10:15:54","date_gmt":"2024-06-01T10:15:54","guid":{"rendered":"https:\/\/simfoniya.az\/product\/fima-olivia-1-funksiyali-klassk-dvar-sstemin-acma-qolu-qizili\/"},"modified":"2024-10-14T08:10:44","modified_gmt":"2024-10-14T08:10:44","slug":"fima-olivia-1-funksiyali-klassk-dvar-sstemin-acma-qolu-qizili","status":"publish","type":"product","link":"https:\/\/simfoniya.az\/en\/product\/fima-olivia-1-funksiyali-klassk-dvar-sstemin-acma-qolu-qizili\/","title":{"rendered":"Fima Olivia \/ Opening lever \/ 1 Function"},"content":{"rendered":"<div class=\"flex max-w-full flex-col flex-grow\">\n<div class=\"min-h-8 text-message flex w-full flex-col items-end gap-2 whitespace-normal break-words [.text-message+&amp;]:mt-5\" dir=\"auto\" data-message-author-role=\"assistant\" data-message-id=\"6e0a1465-7c8f-4309-a0cd-e51cea682e5b\" data-message-model-slug=\"gpt-4o\">\n<div class=\"flex w-full flex-col gap-1 empty:hidden first:pt-[3px]\">\n<div class=\"markdown prose w-full break-words dark:prose-invert light\">\n<p>Bu parlaq q\u0131z\u0131l\u0131 du\u015f qar\u0131\u015fd\u0131r\u0131c\u0131 kran\u0131, hamam\u0131n\u0131z \u00fc\u00e7\u00fcn \u0259la v\u0259 funksional bir \u0259lav\u0259dir. T\u0259k tutaca\u011f\u0131 il\u0259 isti v\u0259 soyuq suyun qar\u0131\u015f\u0131\u011f\u0131n\u0131 asanl\u0131qla t\u0259nziml\u0259m\u0259y\u0259 imkan verir, suyun istifad\u0259sini daha rahat v\u0259 d\u0259qiq edir. Minimalist dizayn\u0131 il\u0259 h\u0259m z\u0259rif, h\u0259m d\u0259 m\u00fcasir hamam interyerl\u0259rin\u0259 m\u00fck\u0259mm\u0259l uy\u011funla\u015f\u0131r.<\/p>\n<\/div>\n<\/div>\n<\/div>\n<\/div>\n<div class=\"mb-2 flex gap-3 empty:hidden -ml-2\">\n<div class=\"items-center justify-start rounded-xl p-1 z-10 -mt-1 bg-token-main-surface-primary md:absolute flex\">\n<div class=\"flex items-center\"><button class=\"rounded-lg text-token-text-secondary hover:bg-token-main-surface-secondary\" aria-label=\"Read aloud\" data-testid=\"voice-play-turn-action-button\"><\/button><button class=\"rounded-lg text-token-text-secondary hover:bg-token-main-surface-secondary\" aria-label=\"\u041a\u043e\u043f\u0438\u0440\u043e\u0432\u0430\u0442\u044c\" data-testid=\"copy-turn-action-button\"><\/button><\/p>\n<div class=\"flex\"><\/div>\n<div class=\"flex items-center pb-0\"><\/div>\n<\/div>\n<\/div>\n<\/div>\n","protected":false},"excerpt":{"rendered":"<p>This shiny gold shower mixer tap is a great and functional addition to your bathroom. With its single handle, it allows you to easily adjust the mixture of hot and cold water, making the use of water more convenient and accurate. With its minimalist design, it fits perfectly into both elegant and modern bathroom interiors.<\/p>","protected":false},"featured_media":23433,"comment_status":"closed","ping_status":"closed","template":"","meta":[],"product_brand":[],"product_cat":[1394],"product_tag":[],"collection":[],"brand":[],"category_2":[],"catergory_brand":[],"class_list":{"0":"post-18595","1":"product","2":"type-product","3":"status-publish","4":"has-post-thumbnail","6":"product_cat-shower-mixer","8":"first","9":"instock","10":"shipping-taxable","11":"product-type-simple"},"_links":{"self":[{"href":"https:\/\/simfoniya.az\/en\/wp-json\/wp\/v2\/product\/18595","targetHints":{"allow":["GET"]}}],"collection":[{"href":"https:\/\/simfoniya.az\/en\/wp-json\/wp\/v2\/product"}],"about":[{"href":"https:\/\/simfoniya.az\/en\/wp-json\/wp\/v2\/types\/product"}],"replies":[{"embeddable":true,"href":"https:\/\/simfoniya.az\/en\/wp-json\/wp\/v2\/comments?post=18595"}],"wp:featuredmedia":[{"embeddable":true,"href":"https:\/\/simfoniya.az\/en\/wp-json\/wp\/v2\/media\/23433"}],"wp:attachment":[{"href":"https:\/\/simfoniya.az\/en\/wp-json\/wp\/v2\/media?parent=18595"}],"wp:term":[{"taxonomy":"product_brand","embeddable":true,"href":"https:\/\/simfoniya.az\/en\/wp-json\/wp\/v2\/product_brand?post=18595"},{"taxonomy":"product_cat","embeddable":true,"href":"https:\/\/simfoniya.az\/en\/wp-json\/wp\/v2\/product_cat?post=18595"},{"taxonomy":"product_tag","embeddable":true,"href":"https:\/\/simfoniya.az\/en\/wp-json\/wp\/v2\/product_tag?post=18595"},{"taxonomy":"collection","embeddable":true,"href":"https:\/\/simfoniya.az\/en\/wp-json\/wp\/v2\/collection?post=18595"},{"taxonomy":"brand","embeddable":true,"href":"https:\/\/simfoniya.az\/en\/wp-json\/wp\/v2\/brand?post=18595"},{"taxonomy":"category_2","embeddable":true,"href":"https:\/\/simfoniya.az\/en\/wp-json\/wp\/v2\/category_2?post=18595"},{"taxonomy":"catergory_brand","embeddable":true,"href":"https:\/\/simfoniya.az\/en\/wp-json\/wp\/v2\/catergory_brand?post=18595"}],"curies":[{"name":"wp","href":"https:\/\/api.w.org\/{rel}","templated":true}]}}