{"id":18613,"date":"2024-06-01T10:16:06","date_gmt":"2024-06-01T10:16:06","guid":{"rendered":"https:\/\/simfoniya.az\/product\/fima-olivia-el-duslu-giqyenik-su-qarisdirici-bronza\/"},"modified":"2024-10-09T12:50:44","modified_gmt":"2024-10-09T12:50:44","slug":"fima-olivia-el-duslu-giqyenik-su-qarisdirici-bronza","status":"publish","type":"product","link":"https:\/\/simfoniya.az\/en\/product\/fima-olivia-el-duslu-giqyenik-su-qarisdirici-bronza\/","title":{"rendered":"Fima Olivia \/ Water mixer"},"content":{"rendered":"<div class=\"flex max-w-full flex-col flex-grow\">\n<div class=\"min-h-8 text-message flex w-full flex-col items-end gap-2 whitespace-normal break-words [.text-message+&amp;]:mt-5\" dir=\"auto\" data-message-author-role=\"assistant\" data-message-id=\"97a543e8-f10d-4a3c-b58f-4d3ec7c1d9d6\" data-message-model-slug=\"gpt-4o\">\n<div class=\"flex w-full flex-col gap-1 empty:hidden first:pt-[3px]\">\n<div class=\"markdown prose w-full break-words dark:prose-invert light\">\n<p>Bu m\u0259hsul du\u015f v\u0259 ya vanna suyunu idar\u0259 etm\u0259k \u00fc\u00e7\u00fcn iki kranla dizayn edilmi\u015fdir. \u0130ki kran\u0131n h\u0259r biri suyun istiliyini v\u0259 ax\u0131\u015f\u0131n\u0131 t\u0259nziml\u0259m\u0259k imkan\u0131 verir. Klassik dizayn\u0131 il\u0259 h\u0259m funksional, h\u0259m d\u0259 estetik c\u0259h\u0259td\u0259n c\u0259lbedicidir, istifad\u0259\u00e7il\u0259r\u0259 rahat v\u0259 t\u0259sirli su t\u0259cr\u00fcb\u0259si t\u0259klif edir.<\/p>\n<\/div>\n<\/div>\n<\/div>\n<\/div>\n<div class=\"mb-2 flex gap-3 empty:hidden -ml-2\">\n<div class=\"items-center justify-start rounded-xl p-1 flex\">\n<div class=\"flex items-center\">\n<p>&nbsp;<\/p>\n<div class=\"flex\"><\/div>\n<div class=\"flex items-center pb-0\"><\/div>\n<\/div>\n<\/div>\n<\/div>\n","protected":false},"excerpt":{"rendered":"<p>This product is designed with two faucets to handle shower or bath water. Each of the two faucets allows you to adjust the water temperature and flow. With its classic design, it is both functional and aesthetically appealing, offering users a comfortable and effective water experience. &nbsp;<\/p>","protected":false},"featured_media":23764,"comment_status":"closed","ping_status":"closed","template":"","meta":[],"product_brand":[],"product_cat":[1397],"product_tag":[],"collection":[],"brand":[],"category_2":[],"catergory_brand":[],"class_list":{"0":"post-18613","1":"product","2":"type-product","3":"status-publish","4":"has-post-thumbnail","6":"product_cat-basin-water-bath-mixer","8":"first","9":"instock","10":"shipping-taxable","11":"product-type-simple"},"_links":{"self":[{"href":"https:\/\/simfoniya.az\/en\/wp-json\/wp\/v2\/product\/18613","targetHints":{"allow":["GET"]}}],"collection":[{"href":"https:\/\/simfoniya.az\/en\/wp-json\/wp\/v2\/product"}],"about":[{"href":"https:\/\/simfoniya.az\/en\/wp-json\/wp\/v2\/types\/product"}],"replies":[{"embeddable":true,"href":"https:\/\/simfoniya.az\/en\/wp-json\/wp\/v2\/comments?post=18613"}],"wp:featuredmedia":[{"embeddable":true,"href":"https:\/\/simfoniya.az\/en\/wp-json\/wp\/v2\/media\/23764"}],"wp:attachment":[{"href":"https:\/\/simfoniya.az\/en\/wp-json\/wp\/v2\/media?parent=18613"}],"wp:term":[{"taxonomy":"product_brand","embeddable":true,"href":"https:\/\/simfoniya.az\/en\/wp-json\/wp\/v2\/product_brand?post=18613"},{"taxonomy":"product_cat","embeddable":true,"href":"https:\/\/simfoniya.az\/en\/wp-json\/wp\/v2\/product_cat?post=18613"},{"taxonomy":"product_tag","embeddable":true,"href":"https:\/\/simfoniya.az\/en\/wp-json\/wp\/v2\/product_tag?post=18613"},{"taxonomy":"collection","embeddable":true,"href":"https:\/\/simfoniya.az\/en\/wp-json\/wp\/v2\/collection?post=18613"},{"taxonomy":"brand","embeddable":true,"href":"https:\/\/simfoniya.az\/en\/wp-json\/wp\/v2\/brand?post=18613"},{"taxonomy":"category_2","embeddable":true,"href":"https:\/\/simfoniya.az\/en\/wp-json\/wp\/v2\/category_2?post=18613"},{"taxonomy":"catergory_brand","embeddable":true,"href":"https:\/\/simfoniya.az\/en\/wp-json\/wp\/v2\/catergory_brand?post=18613"}],"curies":[{"name":"wp","href":"https:\/\/api.w.org\/{rel}","templated":true}]}}