{"id":18645,"date":"2024-06-01T12:30:03","date_gmt":"2024-06-01T12:30:03","guid":{"rendered":"https:\/\/simfoniya.az\/product\/fima-tutacaqli-dus-cixisi-dordkunc-xrom\/"},"modified":"2024-10-09T07:41:19","modified_gmt":"2024-10-09T07:41:19","slug":"fima-tutacaqli-dus-cixisi-dordkunc-xrom","status":"publish","type":"product","link":"https:\/\/simfoniya.az\/en\/product\/fima-tutacaqli-dus-cixisi-dordkunc-xrom\/","title":{"rendered":"Fima \/ Shower handle"},"content":{"rendered":"<div class=\"flex max-w-full flex-col flex-grow\">\n<div class=\"min-h-8 text-message flex w-full flex-col items-end gap-2 whitespace-normal break-words [.text-message+&amp;]:mt-5\" dir=\"auto\" data-message-author-role=\"assistant\" data-message-id=\"86144fdd-f24f-498c-9fc6-b6679a1495a2\" data-message-model-slug=\"gpt-4o\">\n<div class=\"flex w-full flex-col gap-1 empty:hidden first:pt-[3px]\">\n<div class=\"markdown prose w-full break-words dark:prose-invert light\">\n<p>Bu du\u015f \u00fc\u00e7\u00fcn tutacaq, m\u00fcasir v\u0259 sad\u0259 dizayn\u0131 il\u0259 diqq\u0259ti c\u0259lb edir. Kvadrat v\u0259 s\u0259liq\u0259li x\u0259tl\u0259r\u0259 malik olan bu tutacaq, h\u0259m funksionall\u0131\u011f\u0131 h\u0259m d\u0259 estetik g\u00f6z\u0259lliyi il\u0259 hamam ota\u011f\u0131n\u0131za m\u00fcasir bir toxunu\u015f \u0259lav\u0259 ed\u0259 bil\u0259r. Metal\u0131n parlaq v\u0259 d\u00fczg\u00fcn s\u0259thi, b\u00fct\u00fcn hamam aksessuarlar\u0131 il\u0259 asanl\u0131qla birl\u0259\u015f\u0259 bil\u0259r.<\/p>\n<\/div>\n<\/div>\n<\/div>\n<\/div>\n<div class=\"mb-2 flex gap-3 empty:hidden -ml-2\">\n<div class=\"items-center justify-start rounded-xl p-1 flex\">\n<div class=\"flex items-center\"><button class=\"rounded-lg text-token-text-secondary hover:bg-token-main-surface-secondary\" aria-label=\"Read aloud\" data-testid=\"voice-play-turn-action-button\"><\/button><button class=\"rounded-lg text-token-text-secondary hover:bg-token-main-surface-secondary\" aria-label=\"\u041a\u043e\u043f\u0438\u0440\u043e\u0432\u0430\u0442\u044c\" data-testid=\"copy-turn-action-button\"><\/button><\/p>\n<div class=\"flex\"><\/div>\n<div class=\"flex items-center pb-0\"><\/div>\n<\/div>\n<\/div>\n<\/div>\n","protected":false},"excerpt":{"rendered":"<p>This shower holder attracts attention with its modern and simple design. With square and neat lines, this handle can add a modern touch to your bathroom with both functionality and aesthetic beauty. The shiny and smooth surface of the metal can be easily combined with all bathroom accessories.<\/p>","protected":false},"featured_media":18644,"comment_status":"closed","ping_status":"closed","template":"","meta":[],"product_brand":[],"product_cat":[1394],"product_tag":[],"collection":[],"brand":[],"category_2":[],"catergory_brand":[],"class_list":{"0":"post-18645","1":"product","2":"type-product","3":"status-publish","4":"has-post-thumbnail","6":"product_cat-shower-mixer","8":"first","9":"instock","10":"shipping-taxable","11":"product-type-simple"},"_links":{"self":[{"href":"https:\/\/simfoniya.az\/en\/wp-json\/wp\/v2\/product\/18645","targetHints":{"allow":["GET"]}}],"collection":[{"href":"https:\/\/simfoniya.az\/en\/wp-json\/wp\/v2\/product"}],"about":[{"href":"https:\/\/simfoniya.az\/en\/wp-json\/wp\/v2\/types\/product"}],"replies":[{"embeddable":true,"href":"https:\/\/simfoniya.az\/en\/wp-json\/wp\/v2\/comments?post=18645"}],"wp:featuredmedia":[{"embeddable":true,"href":"https:\/\/simfoniya.az\/en\/wp-json\/wp\/v2\/media\/18644"}],"wp:attachment":[{"href":"https:\/\/simfoniya.az\/en\/wp-json\/wp\/v2\/media?parent=18645"}],"wp:term":[{"taxonomy":"product_brand","embeddable":true,"href":"https:\/\/simfoniya.az\/en\/wp-json\/wp\/v2\/product_brand?post=18645"},{"taxonomy":"product_cat","embeddable":true,"href":"https:\/\/simfoniya.az\/en\/wp-json\/wp\/v2\/product_cat?post=18645"},{"taxonomy":"product_tag","embeddable":true,"href":"https:\/\/simfoniya.az\/en\/wp-json\/wp\/v2\/product_tag?post=18645"},{"taxonomy":"collection","embeddable":true,"href":"https:\/\/simfoniya.az\/en\/wp-json\/wp\/v2\/collection?post=18645"},{"taxonomy":"brand","embeddable":true,"href":"https:\/\/simfoniya.az\/en\/wp-json\/wp\/v2\/brand?post=18645"},{"taxonomy":"category_2","embeddable":true,"href":"https:\/\/simfoniya.az\/en\/wp-json\/wp\/v2\/category_2?post=18645"},{"taxonomy":"catergory_brand","embeddable":true,"href":"https:\/\/simfoniya.az\/en\/wp-json\/wp\/v2\/catergory_brand?post=18645"}],"curies":[{"name":"wp","href":"https:\/\/api.w.org\/{rel}","templated":true}]}}