{"id":18682,"date":"2024-06-01T12:31:02","date_gmt":"2024-06-01T12:31:02","guid":{"rendered":"https:\/\/simfoniya.az\/product\/better-du-kabina-gumusu-xrom-iki-divar-right-1000x1200x2000\/"},"modified":"2024-10-08T07:28:14","modified_gmt":"2024-10-08T07:28:14","slug":"better-du-kabina-gumusu-xrom-iki-divar-right-1000x1200x2000","status":"publish","type":"product","link":"https:\/\/simfoniya.az\/en\/product\/better-du-kabina-gumusu-xrom-iki-divar-right-1000x1200x2000\/","title":{"rendered":"Better \/ Shower cabin"},"content":{"rendered":"<div class=\"flex max-w-full flex-col flex-grow\">\n<div class=\"min-h-8 text-message flex w-full flex-col items-end gap-2 whitespace-normal break-words [.text-message+&amp;]:mt-5\" dir=\"auto\" data-message-author-role=\"assistant\" data-message-id=\"d7889490-d835-4bf2-bbbb-e2f2cd57bcc6\">\n<div class=\"flex w-full flex-col gap-1 empty:hidden first:pt-[3px]\">\n<div class=\"markdown prose w-full break-words dark:prose-invert light\">\n<p>Bu \u015f\u0259ffaf \u015f\u00fc\u015f\u0259 du\u015f kabininin dizayn\u0131, m\u00fcasir vanna ota\u011f\u0131na x\u00fcsusi bir estetik \u0259lav\u0259 edir. A\u011f v\u0259 i\u015f\u0131ql\u0131 m\u00fchitd\u0259 parlaq metal detallar\u0131 il\u0259 kabin, t\u0259miz v\u0259 s\u0259liq\u0259li bir g\u00f6r\u00fcn\u00fc\u015f t\u0259klif edir. S\u00fcr\u00fc\u015fm\u0259li qap\u0131 sistemi is\u0259 praktik v\u0259 rahat giri\u015f imkan\u0131 yarad\u0131r. Bu dizayn, z\u0259rifliyi v\u0259 funksionall\u0131\u011f\u0131 birl\u0259\u015fdir\u0259r\u0259k istifad\u0259\u00e7il\u0259rin\u0259 h\u0259m g\u00f6z\u0259l bir m\u0259kan h\u0259m d\u0259 rahat bir istifad\u0259 t\u0259cr\u00fcb\u0259si sunur.<\/p>\n<\/div>\n<\/div>\n<\/div>\n<\/div>\n<div class=\"mb-2 flex gap-3 empty:hidden -ml-2\">\n<div class=\"items-center justify-start rounded-xl p-1 flex\">\n<div class=\"flex items-center\"><button class=\"rounded-lg text-token-text-secondary hover:bg-token-main-surface-secondary\" aria-label=\"Read aloud\" data-testid=\"voice-play-turn-action-button\"><\/button><button class=\"rounded-lg text-token-text-secondary hover:bg-token-main-surface-secondary\" aria-label=\"\u041a\u043e\u043f\u0438\u0440\u043e\u0432\u0430\u0442\u044c\" data-testid=\"copy-turn-action-button\"><\/button><\/p>\n<div class=\"flex\"><\/div>\n<div class=\"flex items-center pb-0\"><\/div>\n<\/div>\n<\/div>\n<\/div>\n","protected":false},"excerpt":{"rendered":"<p>The design of this transparent glass shower enclosure adds a special aesthetic to the modern bathroom. The cabin offers a clean and neat look with shiny metal details in a white and light environment. The sliding door system creates a practical and convenient access. This design combines elegance and functionality to offer its users both a beautiful space and a comfortable user experience.<\/p>","protected":false},"featured_media":18681,"comment_status":"closed","ping_status":"closed","template":"","meta":[],"product_brand":[],"product_cat":[1342],"product_tag":[],"collection":[],"brand":[],"category_2":[],"catergory_brand":[],"class_list":{"0":"post-18682","1":"product","2":"type-product","3":"status-publish","4":"has-post-thumbnail","6":"product_cat-shower-cabinet","8":"first","9":"instock","10":"shipping-taxable","11":"product-type-simple"},"_links":{"self":[{"href":"https:\/\/simfoniya.az\/en\/wp-json\/wp\/v2\/product\/18682","targetHints":{"allow":["GET"]}}],"collection":[{"href":"https:\/\/simfoniya.az\/en\/wp-json\/wp\/v2\/product"}],"about":[{"href":"https:\/\/simfoniya.az\/en\/wp-json\/wp\/v2\/types\/product"}],"replies":[{"embeddable":true,"href":"https:\/\/simfoniya.az\/en\/wp-json\/wp\/v2\/comments?post=18682"}],"wp:featuredmedia":[{"embeddable":true,"href":"https:\/\/simfoniya.az\/en\/wp-json\/wp\/v2\/media\/18681"}],"wp:attachment":[{"href":"https:\/\/simfoniya.az\/en\/wp-json\/wp\/v2\/media?parent=18682"}],"wp:term":[{"taxonomy":"product_brand","embeddable":true,"href":"https:\/\/simfoniya.az\/en\/wp-json\/wp\/v2\/product_brand?post=18682"},{"taxonomy":"product_cat","embeddable":true,"href":"https:\/\/simfoniya.az\/en\/wp-json\/wp\/v2\/product_cat?post=18682"},{"taxonomy":"product_tag","embeddable":true,"href":"https:\/\/simfoniya.az\/en\/wp-json\/wp\/v2\/product_tag?post=18682"},{"taxonomy":"collection","embeddable":true,"href":"https:\/\/simfoniya.az\/en\/wp-json\/wp\/v2\/collection?post=18682"},{"taxonomy":"brand","embeddable":true,"href":"https:\/\/simfoniya.az\/en\/wp-json\/wp\/v2\/brand?post=18682"},{"taxonomy":"category_2","embeddable":true,"href":"https:\/\/simfoniya.az\/en\/wp-json\/wp\/v2\/category_2?post=18682"},{"taxonomy":"catergory_brand","embeddable":true,"href":"https:\/\/simfoniya.az\/en\/wp-json\/wp\/v2\/catergory_brand?post=18682"}],"curies":[{"name":"wp","href":"https:\/\/api.w.org\/{rel}","templated":true}]}}