{"id":18685,"date":"2024-06-01T12:31:04","date_gmt":"2024-06-01T12:31:04","guid":{"rendered":"https:\/\/simfoniya.az\/product\/better-du-kabina-gumusu-xrom-iki-divar-sol-900x2000\/"},"modified":"2024-10-08T07:24:44","modified_gmt":"2024-10-08T07:24:44","slug":"better-du-kabina-gumusu-xrom-iki-divar-sol-900x2000","status":"publish","type":"product","link":"https:\/\/simfoniya.az\/en\/product\/better-du-kabina-gumusu-xrom-iki-divar-sol-900x2000\/","title":{"rendered":"Better \/ Shower cabin"},"content":{"rendered":"<div class=\"flex max-w-full flex-col flex-grow\">\n<div class=\"min-h-8 text-message flex w-full flex-col items-end gap-2 whitespace-normal break-words [.text-message+&amp;]:mt-5\" dir=\"auto\" data-message-author-role=\"assistant\" data-message-id=\"c0e88a9e-9379-4eb4-95f9-3127312c6af6\">\n<div class=\"flex w-full flex-col gap-1 empty:hidden first:pt-[3px]\">\n<div class=\"markdown prose w-full break-words dark:prose-invert light\">\n<p>Bu du\u015f kabininin sad\u0259 v\u0259 t\u0259miz dizayn\u0131, \u015f\u0259ffaf \u015f\u00fc\u015f\u0259si v\u0259 z\u0259rif metall qurulu\u015fu il\u0259 vanna otaqlar\u0131na m\u00fcasir bir toxunu\u015f \u0259lav\u0259 edir. Qap\u0131lar\u0131n \u00fcst\u00fcnd\u0259 yerl\u0259\u015f\u0259n davaml\u0131 s\u00fcr\u00fc\u015fm\u0259 mexanizmi, hamar v\u0259 s\u0259ssiz a\u00e7\u0131l\u0131\u015f v\u0259 ba\u011flan\u0131\u015f t\u0259min edir. Minimalist dizayn\u0131, h\u0259r hans\u0131 vanna ota\u011f\u0131na z\u0259riflik v\u0259 funksionall\u0131q g\u0259tirir.<\/p>\n<\/div>\n<\/div>\n<\/div>\n<\/div>\n<div class=\"mb-2 flex gap-3 empty:hidden -ml-2\">\n<div class=\"items-center justify-start rounded-xl p-1 flex\">\n<div class=\"flex items-center\"><button class=\"rounded-lg text-token-text-secondary hover:bg-token-main-surface-secondary\" aria-label=\"Read aloud\" data-testid=\"voice-play-turn-action-button\"><\/button><button class=\"rounded-lg text-token-text-secondary hover:bg-token-main-surface-secondary\" aria-label=\"\u041a\u043e\u043f\u0438\u0440\u043e\u0432\u0430\u0442\u044c\" data-testid=\"copy-turn-action-button\"><\/button><\/p>\n<div class=\"flex\"><\/div>\n<div class=\"flex items-center pb-0\"><\/div>\n<\/div>\n<\/div>\n<\/div>\n","protected":false},"excerpt":{"rendered":"<p>The simple and clean design of this shower enclosure adds a modern touch to bathrooms with its clear glass and elegant metal structure. A continuous sliding mechanism located above the doors ensures smooth and silent opening and closing. The minimalist design brings elegance and functionality to any bathroom.<\/p>","protected":false},"featured_media":18683,"comment_status":"closed","ping_status":"closed","template":"","meta":[],"product_brand":[],"product_cat":[1342],"product_tag":[],"collection":[],"brand":[],"category_2":[],"catergory_brand":[],"class_list":{"0":"post-18685","1":"product","2":"type-product","3":"status-publish","4":"has-post-thumbnail","6":"product_cat-shower-cabinet","8":"first","9":"instock","10":"shipping-taxable","11":"product-type-simple"},"_links":{"self":[{"href":"https:\/\/simfoniya.az\/en\/wp-json\/wp\/v2\/product\/18685","targetHints":{"allow":["GET"]}}],"collection":[{"href":"https:\/\/simfoniya.az\/en\/wp-json\/wp\/v2\/product"}],"about":[{"href":"https:\/\/simfoniya.az\/en\/wp-json\/wp\/v2\/types\/product"}],"replies":[{"embeddable":true,"href":"https:\/\/simfoniya.az\/en\/wp-json\/wp\/v2\/comments?post=18685"}],"wp:featuredmedia":[{"embeddable":true,"href":"https:\/\/simfoniya.az\/en\/wp-json\/wp\/v2\/media\/18683"}],"wp:attachment":[{"href":"https:\/\/simfoniya.az\/en\/wp-json\/wp\/v2\/media?parent=18685"}],"wp:term":[{"taxonomy":"product_brand","embeddable":true,"href":"https:\/\/simfoniya.az\/en\/wp-json\/wp\/v2\/product_brand?post=18685"},{"taxonomy":"product_cat","embeddable":true,"href":"https:\/\/simfoniya.az\/en\/wp-json\/wp\/v2\/product_cat?post=18685"},{"taxonomy":"product_tag","embeddable":true,"href":"https:\/\/simfoniya.az\/en\/wp-json\/wp\/v2\/product_tag?post=18685"},{"taxonomy":"collection","embeddable":true,"href":"https:\/\/simfoniya.az\/en\/wp-json\/wp\/v2\/collection?post=18685"},{"taxonomy":"brand","embeddable":true,"href":"https:\/\/simfoniya.az\/en\/wp-json\/wp\/v2\/brand?post=18685"},{"taxonomy":"category_2","embeddable":true,"href":"https:\/\/simfoniya.az\/en\/wp-json\/wp\/v2\/category_2?post=18685"},{"taxonomy":"catergory_brand","embeddable":true,"href":"https:\/\/simfoniya.az\/en\/wp-json\/wp\/v2\/catergory_brand?post=18685"}],"curies":[{"name":"wp","href":"https:\/\/api.w.org\/{rel}","templated":true}]}}