{"id":18799,"date":"2024-06-01T12:34:36","date_gmt":"2024-06-01T12:34:36","guid":{"rendered":"https:\/\/simfoniya.az\/product\/nsmad-kl-stkan-tutacaq-3\/"},"modified":"2024-10-07T11:22:45","modified_gmt":"2024-10-07T11:22:45","slug":"nsmad-kl-stkan-tutacaq-3","status":"publish","type":"product","link":"https:\/\/simfoniya.az\/en\/product\/nsmad-kl-stkan-tutacaq-3\/","title":{"rendered":"Nismad \/ Toothbrush holder"},"content":{"rendered":"<div class=\"flex max-w-full flex-col flex-grow\">\n<div class=\"min-h-8 text-message flex w-full flex-col items-end gap-2 whitespace-normal break-words [.text-message+&amp;]:mt-5\" dir=\"auto\" data-message-author-role=\"assistant\" data-message-id=\"21613c65-342d-45c4-aa52-5b3dcd13a2bc\">\n<div class=\"flex w-full flex-col gap-1 empty:hidden first:pt-[3px]\">\n<div class=\"markdown prose w-full break-words dark:prose-invert light\">\n<p>Bu, divara qura\u015fd\u0131r\u0131lan ikili di\u015f f\u0131r\u00e7as\u0131 v\u0259 ya makiyaj f\u0131r\u00e7as\u0131 saxlamaq \u00fc\u00e7\u00fcn \u015f\u00fc\u015f\u0259 qablarla banyo aksesuar\u0131d\u0131r. Qara metal d\u0259st\u0259kl\u0259ri il\u0259 t\u0259chiz edilmi\u015fdir. H\u0259r iki qab, banyo \u0259\u015fyalar\u0131n\u0131 s\u0131ral\u0131 v\u0259 t\u0259miz saxlamaq \u00fc\u00e7\u00fcn kifay\u0259t q\u0259d\u0259r b\u00f6y\u00fckd\u00fcr. M\u00fcasir dizayn\u0131 il\u0259 h\u0259m funksional, h\u0259m d\u0259 dekorativ bir \u0259lav\u0259dir.<\/p>\n<\/div>\n<\/div>\n<\/div>\n<\/div>\n<div class=\"mb-2 flex gap-3 empty:hidden -ml-2\">\n<div class=\"items-center justify-start rounded-xl p-1 flex\">\n<div class=\"flex items-center\"><button class=\"rounded-lg text-token-text-secondary hover:bg-token-main-surface-secondary\" aria-label=\"Read aloud\" data-testid=\"voice-play-turn-action-button\"><\/button><button class=\"rounded-lg text-token-text-secondary hover:bg-token-main-surface-secondary\" aria-label=\"\u041a\u043e\u043f\u0438\u0440\u043e\u0432\u0430\u0442\u044c\" data-testid=\"copy-turn-action-button\"><\/button><\/p>\n<div class=\"flex\"><\/div>\n<div class=\"flex items-center pb-0\"><\/div>\n<\/div>\n<\/div>\n<\/div>\n","protected":false},"excerpt":{"rendered":"<p>This is a wall-mounted bathroom accessory with glass containers to hold a dual toothbrush or makeup brush. Equipped with black metal supports. Both containers are large enough to keep bathroom items organized and clean. With its modern design, it is both a functional and decorative addition.<\/p>","protected":false},"featured_media":23094,"comment_status":"closed","ping_status":"closed","template":"","meta":[],"product_brand":[],"product_cat":[1328],"product_tag":[],"collection":[],"brand":[],"category_2":[],"catergory_brand":[],"class_list":{"0":"post-18799","1":"product","2":"type-product","3":"status-publish","4":"has-post-thumbnail","6":"product_cat-shelves-and-holders","8":"first","9":"instock","10":"shipping-taxable","11":"product-type-simple"},"_links":{"self":[{"href":"https:\/\/simfoniya.az\/en\/wp-json\/wp\/v2\/product\/18799","targetHints":{"allow":["GET"]}}],"collection":[{"href":"https:\/\/simfoniya.az\/en\/wp-json\/wp\/v2\/product"}],"about":[{"href":"https:\/\/simfoniya.az\/en\/wp-json\/wp\/v2\/types\/product"}],"replies":[{"embeddable":true,"href":"https:\/\/simfoniya.az\/en\/wp-json\/wp\/v2\/comments?post=18799"}],"wp:featuredmedia":[{"embeddable":true,"href":"https:\/\/simfoniya.az\/en\/wp-json\/wp\/v2\/media\/23094"}],"wp:attachment":[{"href":"https:\/\/simfoniya.az\/en\/wp-json\/wp\/v2\/media?parent=18799"}],"wp:term":[{"taxonomy":"product_brand","embeddable":true,"href":"https:\/\/simfoniya.az\/en\/wp-json\/wp\/v2\/product_brand?post=18799"},{"taxonomy":"product_cat","embeddable":true,"href":"https:\/\/simfoniya.az\/en\/wp-json\/wp\/v2\/product_cat?post=18799"},{"taxonomy":"product_tag","embeddable":true,"href":"https:\/\/simfoniya.az\/en\/wp-json\/wp\/v2\/product_tag?post=18799"},{"taxonomy":"collection","embeddable":true,"href":"https:\/\/simfoniya.az\/en\/wp-json\/wp\/v2\/collection?post=18799"},{"taxonomy":"brand","embeddable":true,"href":"https:\/\/simfoniya.az\/en\/wp-json\/wp\/v2\/brand?post=18799"},{"taxonomy":"category_2","embeddable":true,"href":"https:\/\/simfoniya.az\/en\/wp-json\/wp\/v2\/category_2?post=18799"},{"taxonomy":"catergory_brand","embeddable":true,"href":"https:\/\/simfoniya.az\/en\/wp-json\/wp\/v2\/catergory_brand?post=18799"}],"curies":[{"name":"wp","href":"https:\/\/api.w.org\/{rel}","templated":true}]}}