{"id":18827,"date":"2024-06-01T12:35:20","date_gmt":"2024-06-01T12:35:20","guid":{"rendered":"https:\/\/simfoniya.az\/product\/nsmad-stkan-tutacaq-fira-qabi\/"},"modified":"2024-10-07T08:48:33","modified_gmt":"2024-10-07T08:48:33","slug":"nsmad-stkan-tutacaq-fira-qabi","status":"publish","type":"product","link":"https:\/\/simfoniya.az\/en\/product\/nsmad-stkan-tutacaq-fira-qabi\/","title":{"rendered":"Nismad \/ Toothbrush holder"},"content":{"rendered":"<div class=\"flex max-w-full flex-col flex-grow\">\n<div class=\"min-h-8 text-message flex w-full flex-col items-end gap-2 whitespace-normal break-words [.text-message+&amp;]:mt-5\" dir=\"auto\" data-message-author-role=\"assistant\" data-message-id=\"f8794a7c-3a32-4e9a-9ae6-6a329bef2f25\">\n<div class=\"flex w-full flex-col gap-1 empty:hidden first:pt-[3px]\">\n<div class=\"markdown prose w-full break-words dark:prose-invert light\">\n<p>Bu, q\u0131z\u0131l r\u0259ngli metal d\u0259st\u0259yi v\u0259 \u015f\u0259ffaf \u015f\u00fc\u015f\u0259 qab\u0131 il\u0259 di\u015f f\u0131r\u00e7as\u0131 v\u0259 ya q\u0131rxan \u00fc\u00e7\u00fcn saxlay\u0131c\u0131d\u0131r. Klassik v\u0259 z\u0259rif dizayn\u0131 il\u0259, bu saxlay\u0131c\u0131 vanna ota\u011f\u0131na l\u00fcks bir g\u00f6r\u00fcn\u00fc\u015f qatar. Q\u0131z\u0131l metal d\u0259st\u0259k estetik g\u00f6r\u00fcn\u00fc\u015f qatark\u0259n, \u015f\u00fc\u015f\u0259 qab is\u0259 praktiklik v\u0259 t\u0259mizliyi t\u0259min edir. Bu element, vanna ota\u011f\u0131n\u0131za z\u0259riflik v\u0259 funksionall\u0131q \u0259lav\u0259 edir.<\/p>\n<\/div>\n<\/div>\n<\/div>\n<\/div>\n<div class=\"mb-2 flex gap-3 empty:hidden -ml-2\">\n<div class=\"items-center justify-start rounded-xl p-1 flex\">\n<div class=\"flex items-center\"><button class=\"rounded-lg text-token-text-secondary hover:bg-token-main-surface-secondary\" aria-label=\"Read aloud\" data-testid=\"voice-play-turn-action-button\"><\/button><button class=\"rounded-lg text-token-text-secondary hover:bg-token-main-surface-secondary\" aria-label=\"\u041a\u043e\u043f\u0438\u0440\u043e\u0432\u0430\u0442\u044c\" data-testid=\"copy-turn-action-button\"><\/button><\/p>\n<div class=\"flex\"><\/div>\n<div class=\"flex items-center pb-0\"><\/div>\n<\/div>\n<\/div>\n<\/div>\n","protected":false},"excerpt":{"rendered":"<p>This is a holder for a toothbrush or razor with a gold-colored metal handle and a clear glass container. With its classic and elegant design, this storage adds a luxurious look to the bathroom. The gold metal support adds aesthetic appeal, while the glass bowl ensures practicality and cleanliness. This element adds elegance and functionality to your bathroom.<\/p>","protected":false},"featured_media":23078,"comment_status":"closed","ping_status":"closed","template":"","meta":[],"product_brand":[],"product_cat":[1328],"product_tag":[],"collection":[],"brand":[],"category_2":[],"catergory_brand":[],"class_list":{"0":"post-18827","1":"product","2":"type-product","3":"status-publish","4":"has-post-thumbnail","6":"product_cat-shelves-and-holders","8":"first","9":"instock","10":"shipping-taxable","11":"product-type-simple"},"_links":{"self":[{"href":"https:\/\/simfoniya.az\/en\/wp-json\/wp\/v2\/product\/18827","targetHints":{"allow":["GET"]}}],"collection":[{"href":"https:\/\/simfoniya.az\/en\/wp-json\/wp\/v2\/product"}],"about":[{"href":"https:\/\/simfoniya.az\/en\/wp-json\/wp\/v2\/types\/product"}],"replies":[{"embeddable":true,"href":"https:\/\/simfoniya.az\/en\/wp-json\/wp\/v2\/comments?post=18827"}],"wp:featuredmedia":[{"embeddable":true,"href":"https:\/\/simfoniya.az\/en\/wp-json\/wp\/v2\/media\/23078"}],"wp:attachment":[{"href":"https:\/\/simfoniya.az\/en\/wp-json\/wp\/v2\/media?parent=18827"}],"wp:term":[{"taxonomy":"product_brand","embeddable":true,"href":"https:\/\/simfoniya.az\/en\/wp-json\/wp\/v2\/product_brand?post=18827"},{"taxonomy":"product_cat","embeddable":true,"href":"https:\/\/simfoniya.az\/en\/wp-json\/wp\/v2\/product_cat?post=18827"},{"taxonomy":"product_tag","embeddable":true,"href":"https:\/\/simfoniya.az\/en\/wp-json\/wp\/v2\/product_tag?post=18827"},{"taxonomy":"collection","embeddable":true,"href":"https:\/\/simfoniya.az\/en\/wp-json\/wp\/v2\/collection?post=18827"},{"taxonomy":"brand","embeddable":true,"href":"https:\/\/simfoniya.az\/en\/wp-json\/wp\/v2\/brand?post=18827"},{"taxonomy":"category_2","embeddable":true,"href":"https:\/\/simfoniya.az\/en\/wp-json\/wp\/v2\/category_2?post=18827"},{"taxonomy":"catergory_brand","embeddable":true,"href":"https:\/\/simfoniya.az\/en\/wp-json\/wp\/v2\/catergory_brand?post=18827"}],"curies":[{"name":"wp","href":"https:\/\/api.w.org\/{rel}","templated":true}]}}