{"id":18831,"date":"2024-06-01T12:35:24","date_gmt":"2024-06-01T12:35:24","guid":{"rendered":"https:\/\/simfoniya.az\/product\/nsmad-rf-2\/"},"modified":"2024-10-07T08:46:30","modified_gmt":"2024-10-07T08:46:30","slug":"nsmad-rf-2","status":"publish","type":"product","link":"https:\/\/simfoniya.az\/en\/product\/nsmad-rf-2\/","title":{"rendered":"Nismad \/ Mirror shelf"},"content":{"rendered":"<div class=\"flex max-w-full flex-col flex-grow\">\n<div class=\"min-h-8 text-message flex w-full flex-col items-end gap-2 whitespace-normal break-words [.text-message+&amp;]:mt-5\" dir=\"auto\" data-message-author-role=\"assistant\" data-message-id=\"ca06f226-0caf-41d8-bdd1-25230438dbd2\">\n<div class=\"flex w-full flex-col gap-1 empty:hidden first:pt-[3px]\">\n<div class=\"markdown prose w-full break-words dark:prose-invert light\">\n<p>Bu, parlaq metal \u00e7\u0259r\u00e7iv\u0259li v\u0259 iki s\u0259viyy\u0259li \u015f\u0259ffaf \u015f\u00fc\u015f\u0259 r\u0259fl\u0259r\u0259 malik d\u0259smal asan\u0131d\u0131r. M\u00fcasir dizayn\u0131 il\u0259, h\u0259r hans\u0131 vanna ota\u011f\u0131nda yer\u0259 q\u0259na\u0259t etm\u0259kl\u0259 eyni zamanda estetik bir g\u00f6r\u00fcn\u00fc\u015f t\u0259min edir. Bu d\u0259smal asan\u0131, \u00e7oxfunksiyal\u0131l\u0131\u011f\u0131 il\u0259 m\u0259hsullar\u0131 s\u0131ralamaq v\u0259 saxlamaq \u00fc\u00e7\u00fcn \u0259lveri\u015flidir, v\u0259 banyo d\u0259koruna z\u0259rif bir toxunu\u015f \u0259lav\u0259 edir.<\/p>\n<\/div>\n<\/div>\n<\/div>\n<\/div>\n<div class=\"mb-2 flex gap-3 empty:hidden -ml-2\">\n<div class=\"items-center justify-start rounded-xl p-1 flex\">\n<div class=\"flex items-center\"><button class=\"rounded-lg text-token-text-secondary hover:bg-token-main-surface-secondary\" aria-label=\"Read aloud\" data-testid=\"voice-play-turn-action-button\"><\/button><button class=\"rounded-lg text-token-text-secondary hover:bg-token-main-surface-secondary\" aria-label=\"\u041a\u043e\u043f\u0438\u0440\u043e\u0432\u0430\u0442\u044c\" data-testid=\"copy-turn-action-button\"><\/button><\/p>\n<div class=\"flex\"><\/div>\n<div class=\"flex items-center pb-0\"><\/div>\n<\/div>\n<\/div>\n<\/div>\n","protected":false},"excerpt":{"rendered":"<p>It&#039;s a towel rack with a sleek metal frame and two tiers of clear glass shelves. With its modern design, it provides an aesthetic look while saving space in any bathroom. This towel is easy, multi-functional, convenient for organizing and storing products, and adds an elegant touch to the bathroom decor.<\/p>","protected":false},"featured_media":18830,"comment_status":"closed","ping_status":"closed","template":"","meta":[],"product_brand":[],"product_cat":[76],"product_tag":[],"collection":[],"brand":[],"category_2":[],"catergory_brand":[],"class_list":{"0":"post-18831","1":"product","2":"type-product","3":"status-publish","4":"has-post-thumbnail","6":"product_cat-all","8":"first","9":"instock","10":"shipping-taxable","11":"product-type-simple"},"_links":{"self":[{"href":"https:\/\/simfoniya.az\/en\/wp-json\/wp\/v2\/product\/18831","targetHints":{"allow":["GET"]}}],"collection":[{"href":"https:\/\/simfoniya.az\/en\/wp-json\/wp\/v2\/product"}],"about":[{"href":"https:\/\/simfoniya.az\/en\/wp-json\/wp\/v2\/types\/product"}],"replies":[{"embeddable":true,"href":"https:\/\/simfoniya.az\/en\/wp-json\/wp\/v2\/comments?post=18831"}],"wp:featuredmedia":[{"embeddable":true,"href":"https:\/\/simfoniya.az\/en\/wp-json\/wp\/v2\/media\/18830"}],"wp:attachment":[{"href":"https:\/\/simfoniya.az\/en\/wp-json\/wp\/v2\/media?parent=18831"}],"wp:term":[{"taxonomy":"product_brand","embeddable":true,"href":"https:\/\/simfoniya.az\/en\/wp-json\/wp\/v2\/product_brand?post=18831"},{"taxonomy":"product_cat","embeddable":true,"href":"https:\/\/simfoniya.az\/en\/wp-json\/wp\/v2\/product_cat?post=18831"},{"taxonomy":"product_tag","embeddable":true,"href":"https:\/\/simfoniya.az\/en\/wp-json\/wp\/v2\/product_tag?post=18831"},{"taxonomy":"collection","embeddable":true,"href":"https:\/\/simfoniya.az\/en\/wp-json\/wp\/v2\/collection?post=18831"},{"taxonomy":"brand","embeddable":true,"href":"https:\/\/simfoniya.az\/en\/wp-json\/wp\/v2\/brand?post=18831"},{"taxonomy":"category_2","embeddable":true,"href":"https:\/\/simfoniya.az\/en\/wp-json\/wp\/v2\/category_2?post=18831"},{"taxonomy":"catergory_brand","embeddable":true,"href":"https:\/\/simfoniya.az\/en\/wp-json\/wp\/v2\/catergory_brand?post=18831"}],"curies":[{"name":"wp","href":"https:\/\/api.w.org\/{rel}","templated":true}]}}