{"id":18834,"date":"2024-06-01T12:35:32","date_gmt":"2024-06-01T12:35:32","guid":{"rendered":"https:\/\/simfoniya.az\/product\/nsmad-rf-4\/"},"modified":"2024-10-07T08:44:17","modified_gmt":"2024-10-07T08:44:17","slug":"nsmad-rf-4","status":"publish","type":"product","link":"https:\/\/simfoniya.az\/en\/product\/nsmad-rf-4\/","title":{"rendered":"Nismad \/ Mirror shelf"},"content":{"rendered":"<div class=\"flex max-w-full flex-col flex-grow\">\n<div class=\"min-h-8 text-message flex w-full flex-col items-end gap-2 whitespace-normal break-words [.text-message+&amp;]:mt-5\" dir=\"auto\" data-message-author-role=\"assistant\" data-message-id=\"c32da701-84e9-48e1-9569-6c85309d009c\">\n<div class=\"flex w-full flex-col gap-1 empty:hidden first:pt-[3px]\">\n<div class=\"markdown prose w-full break-words dark:prose-invert light\">\n<p>Bu, q\u0131z\u0131l metal d\u0259st\u0259kl\u0259ri v\u0259 \u015f\u0259ffaf \u015f\u00fc\u015f\u0259 r\u0259fi il\u0259 d\u0259smal asan\u0131d\u0131r. M\u00fcasir v\u0259 z\u0259rif dizayn\u0131 il\u0259, h\u0259r hans\u0131 vanna ota\u011f\u0131na l\u00fcks bir \u0259lav\u0259 edir. Q\u0131z\u0131l metal d\u0259st\u0259kl\u0259r estetik g\u00f6r\u00fcn\u00fc\u015f qatark\u0259n, \u015f\u00fc\u015f\u0259 r\u0259f i\u015f\u0131qland\u0131rman\u0131 yax\u015f\u0131 ke\u00e7ir\u0259r\u0259k m\u0259kan\u0131n daha geni\u015f v\u0259 i\u015f\u0131ql\u0131 g\u00f6r\u00fcnm\u0259sin\u0259 k\u00f6m\u0259k edir. Bu asan, h\u0259m g\u00f6z\u0259l, h\u0259m d\u0259 praktik bir se\u00e7imdir.<\/p>\n<\/div>\n<\/div>\n<\/div>\n<\/div>\n<div class=\"mb-2 flex gap-3 empty:hidden -ml-2\">\n<div class=\"items-center justify-start rounded-xl p-1 flex\">\n<div class=\"flex items-center\"><button class=\"rounded-lg text-token-text-secondary hover:bg-token-main-surface-secondary\" aria-label=\"Read aloud\" data-testid=\"voice-play-turn-action-button\"><\/button><button class=\"rounded-lg text-token-text-secondary hover:bg-token-main-surface-secondary\" aria-label=\"\u041a\u043e\u043f\u0438\u0440\u043e\u0432\u0430\u0442\u044c\" data-testid=\"copy-turn-action-button\"><\/button><\/p>\n<div class=\"flex\"><\/div>\n<div class=\"flex items-center pb-0\"><\/div>\n<\/div>\n<\/div>\n<\/div>\n","protected":false},"excerpt":{"rendered":"<p>It&#039;s easy to towel off with gold metal supports and a clear glass shelf. With its modern and elegant design, it makes a luxurious addition to any bathroom. While the gold metal supports add an aesthetic touch, the glass shelf helps the space to look larger and brighter by letting in the light. This is an easy, beautiful and practical option.<\/p>","protected":false},"featured_media":23075,"comment_status":"closed","ping_status":"closed","template":"","meta":[],"product_brand":[],"product_cat":[1503],"product_tag":[],"collection":[],"brand":[],"category_2":[],"catergory_brand":[],"class_list":{"0":"post-18834","1":"product","2":"type-product","3":"status-publish","4":"has-post-thumbnail","6":"product_cat-guzgu-rf","8":"first","9":"instock","10":"shipping-taxable","11":"product-type-simple"},"_links":{"self":[{"href":"https:\/\/simfoniya.az\/en\/wp-json\/wp\/v2\/product\/18834","targetHints":{"allow":["GET"]}}],"collection":[{"href":"https:\/\/simfoniya.az\/en\/wp-json\/wp\/v2\/product"}],"about":[{"href":"https:\/\/simfoniya.az\/en\/wp-json\/wp\/v2\/types\/product"}],"replies":[{"embeddable":true,"href":"https:\/\/simfoniya.az\/en\/wp-json\/wp\/v2\/comments?post=18834"}],"wp:featuredmedia":[{"embeddable":true,"href":"https:\/\/simfoniya.az\/en\/wp-json\/wp\/v2\/media\/23075"}],"wp:attachment":[{"href":"https:\/\/simfoniya.az\/en\/wp-json\/wp\/v2\/media?parent=18834"}],"wp:term":[{"taxonomy":"product_brand","embeddable":true,"href":"https:\/\/simfoniya.az\/en\/wp-json\/wp\/v2\/product_brand?post=18834"},{"taxonomy":"product_cat","embeddable":true,"href":"https:\/\/simfoniya.az\/en\/wp-json\/wp\/v2\/product_cat?post=18834"},{"taxonomy":"product_tag","embeddable":true,"href":"https:\/\/simfoniya.az\/en\/wp-json\/wp\/v2\/product_tag?post=18834"},{"taxonomy":"collection","embeddable":true,"href":"https:\/\/simfoniya.az\/en\/wp-json\/wp\/v2\/collection?post=18834"},{"taxonomy":"brand","embeddable":true,"href":"https:\/\/simfoniya.az\/en\/wp-json\/wp\/v2\/brand?post=18834"},{"taxonomy":"category_2","embeddable":true,"href":"https:\/\/simfoniya.az\/en\/wp-json\/wp\/v2\/category_2?post=18834"},{"taxonomy":"catergory_brand","embeddable":true,"href":"https:\/\/simfoniya.az\/en\/wp-json\/wp\/v2\/catergory_brand?post=18834"}],"curies":[{"name":"wp","href":"https:\/\/api.w.org\/{rel}","templated":true}]}}