{"id":18875,"date":"2024-06-01T12:37:10","date_gmt":"2024-06-01T12:37:10","guid":{"rendered":"https:\/\/simfoniya.az\/product\/frank-pufik-450x330x460\/"},"modified":"2024-10-07T07:58:28","modified_gmt":"2024-10-07T07:58:28","slug":"frank-pufik-450x330x460","status":"publish","type":"product","link":"https:\/\/simfoniya.az\/en\/product\/frank-pufik-450x330x460\/","title":{"rendered":"Frank \/ Pufik"},"content":{"rendered":"<div class=\"flex max-w-full flex-col flex-grow\">\n<div class=\"min-h-8 text-message flex w-full flex-col items-end gap-2 whitespace-normal break-words [.text-message+&amp;]:mt-5\" dir=\"auto\" data-message-author-role=\"assistant\" data-message-id=\"4d6445d8-8194-47f0-b10c-d8c45ab6e568\">\n<div class=\"flex w-full flex-col gap-1 empty:hidden first:pt-[3px]\">\n<div class=\"markdown prose w-full break-words dark:prose-invert light\">\n<p>Bu, neoklassik dizayna malik a\u011f r\u0259ngli dekorativ oturacaqd\u0131r. Ayaqlar\u0131 \u00fcz\u0259rind\u0259 inc\u0259 oyma v\u0259 g\u00fcl mot\u0131vl\u0259ri olan bu oturacaq, z\u0259rif v\u0259 romantik bir hava yarad\u0131r. D\u00f6\u015f\u0259m\u0259si d\u0259ri effekti il\u0259 \u00f6rt\u00fclm\u00fc\u015fd\u00fcr ki, bu da ona \u0259lav\u0259 \u015f\u0131kl\u0131q v\u0259 rahatl\u0131q verir. Bu oturacaq, qonaq ota\u011f\u0131 v\u0259 ya yataq ota\u011f\u0131 kimi \u015f\u0259xsi m\u0259kanlarda istifad\u0259 \u00fc\u00e7\u00fcn m\u00fck\u0259mm\u0259l bir \u0259lav\u0259dir, h\u0259m d\u0259korativ, h\u0259m d\u0259 praktik bir elementdir.<\/p>\n<\/div>\n<\/div>\n<\/div>\n<\/div>\n<div class=\"mb-2 flex gap-3 empty:hidden -ml-2\">\n<div class=\"items-center justify-start rounded-xl p-1 flex\">\n<div class=\"flex items-center\"><button class=\"rounded-lg text-token-text-secondary hover:bg-token-main-surface-secondary\" aria-label=\"Read aloud\" data-testid=\"voice-play-turn-action-button\"><\/button><button class=\"rounded-lg text-token-text-secondary hover:bg-token-main-surface-secondary\" aria-label=\"\u041a\u043e\u043f\u0438\u0440\u043e\u0432\u0430\u0442\u044c\" data-testid=\"copy-turn-action-button\"><\/button><\/p>\n<div class=\"flex\"><\/div>\n<div class=\"flex items-center pb-0\"><\/div>\n<\/div>\n<\/div>\n<\/div>\n","protected":false},"excerpt":{"rendered":"<p>Bu, neoklassik dizayna malik a\u011f r\u0259ngli dekorativ oturacaqd\u0131r. Ayaqlar\u0131 \u00fcz\u0259rind\u0259 inc\u0259 oyma v\u0259 g\u00fcl mot\u0131vl\u0259ri olan bu oturacaq, z\u0259rif v\u0259 romantik bir hava yarad\u0131r. D\u00f6\u015f\u0259m\u0259si d\u0259ri effekti il\u0259 \u00f6rt\u00fclm\u00fc\u015fd\u00fcr ki, bu da ona \u0259lav\u0259 \u015f\u0131kl\u0131q v\u0259 rahatl\u0131q verir. Bu oturacaq, qonaq ota\u011f\u0131 v\u0259 ya yataq ota\u011f\u0131 kimi \u015f\u0259xsi m\u0259kanlarda istifad\u0259 \u00fc\u00e7\u00fcn m\u00fck\u0259mm\u0259l bir \u0259lav\u0259dir, h\u0259m d\u0259korativ, h\u0259m d\u0259 praktik bir\u2026<\/p>","protected":false},"featured_media":18874,"comment_status":"closed","ping_status":"closed","template":"","meta":[],"product_brand":[],"product_cat":[76],"product_tag":[],"collection":[],"brand":[],"category_2":[],"catergory_brand":[],"class_list":{"0":"post-18875","1":"product","2":"type-product","3":"status-publish","4":"has-post-thumbnail","6":"product_cat-all","8":"first","9":"instock","10":"shipping-taxable","11":"product-type-simple"},"_links":{"self":[{"href":"https:\/\/simfoniya.az\/en\/wp-json\/wp\/v2\/product\/18875","targetHints":{"allow":["GET"]}}],"collection":[{"href":"https:\/\/simfoniya.az\/en\/wp-json\/wp\/v2\/product"}],"about":[{"href":"https:\/\/simfoniya.az\/en\/wp-json\/wp\/v2\/types\/product"}],"replies":[{"embeddable":true,"href":"https:\/\/simfoniya.az\/en\/wp-json\/wp\/v2\/comments?post=18875"}],"wp:featuredmedia":[{"embeddable":true,"href":"https:\/\/simfoniya.az\/en\/wp-json\/wp\/v2\/media\/18874"}],"wp:attachment":[{"href":"https:\/\/simfoniya.az\/en\/wp-json\/wp\/v2\/media?parent=18875"}],"wp:term":[{"taxonomy":"product_brand","embeddable":true,"href":"https:\/\/simfoniya.az\/en\/wp-json\/wp\/v2\/product_brand?post=18875"},{"taxonomy":"product_cat","embeddable":true,"href":"https:\/\/simfoniya.az\/en\/wp-json\/wp\/v2\/product_cat?post=18875"},{"taxonomy":"product_tag","embeddable":true,"href":"https:\/\/simfoniya.az\/en\/wp-json\/wp\/v2\/product_tag?post=18875"},{"taxonomy":"collection","embeddable":true,"href":"https:\/\/simfoniya.az\/en\/wp-json\/wp\/v2\/collection?post=18875"},{"taxonomy":"brand","embeddable":true,"href":"https:\/\/simfoniya.az\/en\/wp-json\/wp\/v2\/brand?post=18875"},{"taxonomy":"category_2","embeddable":true,"href":"https:\/\/simfoniya.az\/en\/wp-json\/wp\/v2\/category_2?post=18875"},{"taxonomy":"catergory_brand","embeddable":true,"href":"https:\/\/simfoniya.az\/en\/wp-json\/wp\/v2\/catergory_brand?post=18875"}],"curies":[{"name":"wp","href":"https:\/\/api.w.org\/{rel}","templated":true}]}}