{"id":18890,"date":"2024-06-01T12:37:44","date_gmt":"2024-06-01T12:37:44","guid":{"rendered":"https:\/\/simfoniya.az\/product\/gala-smart-canaq-60x48\/"},"modified":"2024-10-07T07:50:51","modified_gmt":"2024-10-07T07:50:51","slug":"gala-smart-canaq-60x48","status":"publish","type":"product","link":"https:\/\/simfoniya.az\/en\/product\/gala-smart-canaq-60x48\/","title":{"rendered":"Gala Smart \/ Moyka"},"content":{"rendered":"<div class=\"flex-1 overflow-hidden\">\n<div class=\"h-full\">\n<div class=\"react-scroll-to-bottom--css-xuiem-79elbk h-full\">\n<div class=\"react-scroll-to-bottom--css-xuiem-1n7m0yu\">\n<div class=\"flex flex-col text-sm md:pb-9\">\n<article class=\"w-full text-token-text-primary focus-visible:outline-2 focus-visible:outline-offset-[-4px]\" dir=\"auto\" data-testid=\"conversation-turn-153\" data-scroll-anchor=\"true\">\n<div class=\"text-base py-[18px] px-3 md:px-4 m-auto w-full md:px-5 lg:px-4 xl:px-5\">\n<div class=\"mx-auto flex flex-1 gap-4 text-base md:gap-5 lg:gap-6 md:max-w-3xl lg:max-w-[40rem] xl:max-w-[48rem]\">\n<div class=\"group\/conversation-turn relative flex w-full min-w-0 flex-col agent-turn\">\n<div class=\"flex-col gap-1 md:gap-3\">\n<div class=\"flex max-w-full flex-col flex-grow\">\n<div class=\"min-h-8 text-message flex w-full flex-col items-end gap-2 whitespace-normal break-words [.text-message+&amp;]:mt-5\" dir=\"auto\" data-message-author-role=\"assistant\" data-message-id=\"6a86c757-5a97-4923-bbd6-9149c505d26c\">\n<div class=\"flex w-full flex-col gap-1 empty:hidden first:pt-[3px]\">\n<div class=\"markdown prose w-full break-words dark:prose-invert light\">\n<p>Bu, a\u011f seramikd\u0259n haz\u0131rlanm\u0131\u015f dair\u0259vi dizayna malik vanna ota\u011f\u0131 lavabosudur. Yuxar\u0131dan bax\u0131ld\u0131\u011f\u0131nda oval forma v\u0259 minimalist dizayn\u0131 il\u0259, m\u00fcasir vanna otaqlar\u0131na uy\u011fun \u015f\u0131k bir g\u00f6r\u00fcn\u00fc\u015f t\u0259min edir. \u00dcst\u00fcnd\u0259ki musluq lavabonun funksionall\u0131\u011f\u0131n\u0131 art\u0131r\u0131r. Bu lavabo, h\u0259m estetik, h\u0259m d\u0259 praktik bir \u0259lav\u0259 olaraq m\u00fcasir interyerl\u0259r\u0259 x\u00fcsusi bir z\u0259riflik g\u0259tirir<\/p>\n<\/div>\n<\/div>\n<\/div>\n<\/div>\n<\/div>\n<\/div>\n<\/div>\n<\/div>\n<\/article>\n<\/div>\n<\/div>\n<\/div>\n<\/div>\n<\/div>\n","protected":false},"excerpt":{"rendered":"<p>This is a white ceramic bathroom sink with a circular design. With its oval shape and minimalist design when viewed from above, it provides a stylish look suitable for modern bathrooms. The faucet on top increases the functionality of the sink. This sink brings a special elegance to modern interiors as both an aesthetic and practical addition<\/p>","protected":false},"featured_media":18889,"comment_status":"closed","ping_status":"closed","template":"","meta":[],"product_brand":[],"product_cat":[76],"product_tag":[],"collection":[],"brand":[],"category_2":[],"catergory_brand":[],"class_list":{"0":"post-18890","1":"product","2":"type-product","3":"status-publish","4":"has-post-thumbnail","6":"product_cat-all","8":"first","9":"instock","10":"shipping-taxable","11":"product-type-simple"},"_links":{"self":[{"href":"https:\/\/simfoniya.az\/en\/wp-json\/wp\/v2\/product\/18890","targetHints":{"allow":["GET"]}}],"collection":[{"href":"https:\/\/simfoniya.az\/en\/wp-json\/wp\/v2\/product"}],"about":[{"href":"https:\/\/simfoniya.az\/en\/wp-json\/wp\/v2\/types\/product"}],"replies":[{"embeddable":true,"href":"https:\/\/simfoniya.az\/en\/wp-json\/wp\/v2\/comments?post=18890"}],"wp:featuredmedia":[{"embeddable":true,"href":"https:\/\/simfoniya.az\/en\/wp-json\/wp\/v2\/media\/18889"}],"wp:attachment":[{"href":"https:\/\/simfoniya.az\/en\/wp-json\/wp\/v2\/media?parent=18890"}],"wp:term":[{"taxonomy":"product_brand","embeddable":true,"href":"https:\/\/simfoniya.az\/en\/wp-json\/wp\/v2\/product_brand?post=18890"},{"taxonomy":"product_cat","embeddable":true,"href":"https:\/\/simfoniya.az\/en\/wp-json\/wp\/v2\/product_cat?post=18890"},{"taxonomy":"product_tag","embeddable":true,"href":"https:\/\/simfoniya.az\/en\/wp-json\/wp\/v2\/product_tag?post=18890"},{"taxonomy":"collection","embeddable":true,"href":"https:\/\/simfoniya.az\/en\/wp-json\/wp\/v2\/collection?post=18890"},{"taxonomy":"brand","embeddable":true,"href":"https:\/\/simfoniya.az\/en\/wp-json\/wp\/v2\/brand?post=18890"},{"taxonomy":"category_2","embeddable":true,"href":"https:\/\/simfoniya.az\/en\/wp-json\/wp\/v2\/category_2?post=18890"},{"taxonomy":"catergory_brand","embeddable":true,"href":"https:\/\/simfoniya.az\/en\/wp-json\/wp\/v2\/catergory_brand?post=18890"}],"curies":[{"name":"wp","href":"https:\/\/api.w.org\/{rel}","templated":true}]}}