{"id":18906,"date":"2024-06-01T12:38:22","date_gmt":"2024-06-01T12:38:22","guid":{"rendered":"https:\/\/simfoniya.az\/product\/gala-arq-unitaz-yerden-69-sm\/"},"modified":"2024-10-07T07:44:41","modified_gmt":"2024-10-07T07:44:41","slug":"gala-arq-unitaz-yerden-69-sm","status":"publish","type":"product","link":"https:\/\/simfoniya.az\/en\/product\/gala-arq-unitaz-yerden-69-sm\/","title":{"rendered":"Gala Arg \/ WC"},"content":{"rendered":"<div class=\"flex max-w-full flex-col flex-grow\">\n<div class=\"min-h-8 text-message flex w-full flex-col items-end gap-2 whitespace-normal break-words [.text-message+&amp;]:mt-5\" dir=\"auto\" data-message-author-role=\"assistant\" data-message-id=\"3a531366-8d5d-4250-af40-14dd74fb1183\">\n<div class=\"flex w-full flex-col gap-1 empty:hidden first:pt-[3px]\">\n<div class=\"markdown prose w-full break-words dark:prose-invert light\">\n<p>Bu, m\u00fcasir v\u0259 t\u0259miz x\u0259tl\u0259r\u0259 malik a\u011f seramik tualetdir. Yumu\u015faq x\u0259tl\u0259ri il\u0259, h\u0259r hans\u0131 m\u00fcasir vanna ota\u011f\u0131na uy\u011fun bir g\u00f6r\u00fcn\u00fc\u015f t\u0259min edir. Kompakt dizayn\u0131 ki\u00e7ik m\u0259kanlara da yax\u015f\u0131 uy\u011fun g\u0259lir, v\u0259 onun davaml\u0131 seramik material\u0131 asan t\u0259mizl\u0259nm\u0259 v\u0259 uzun\u00f6m\u00fcrl\u00fcl\u00fck t\u0259min edir. Bu tualet, h\u0259m estetik, h\u0259m d\u0259 funksional bir \u0259lav\u0259 olaraq ideal se\u00e7imdir.<\/p>\n<\/div>\n<\/div>\n<\/div>\n<\/div>\n<div class=\"mb-2 flex gap-3 empty:hidden -ml-2\">\n<div class=\"items-center justify-start rounded-xl p-1 flex\">\n<div class=\"flex items-center\">\n<p>&nbsp;<\/p>\n<div class=\"flex\"><\/div>\n<div class=\"flex items-center pb-0\"><\/div>\n<\/div>\n<\/div>\n<\/div>\n","protected":false},"excerpt":{"rendered":"<p>This is a white ceramic toilet with modern and clean lines. With its soft lines, it provides a look suitable for any modern bathroom. Its compact design fits well into small spaces, and its durable ceramic material ensures easy cleaning and longevity. This toilet is an ideal choice as both an aesthetic and a functional addition. &nbsp;<\/p>","protected":false},"featured_media":18905,"comment_status":"closed","ping_status":"closed","template":"","meta":[],"product_brand":[],"product_cat":[76],"product_tag":[],"collection":[],"brand":[],"category_2":[],"catergory_brand":[],"class_list":{"0":"post-18906","1":"product","2":"type-product","3":"status-publish","4":"has-post-thumbnail","6":"product_cat-all","8":"first","9":"instock","10":"shipping-taxable","11":"product-type-simple"},"_links":{"self":[{"href":"https:\/\/simfoniya.az\/en\/wp-json\/wp\/v2\/product\/18906","targetHints":{"allow":["GET"]}}],"collection":[{"href":"https:\/\/simfoniya.az\/en\/wp-json\/wp\/v2\/product"}],"about":[{"href":"https:\/\/simfoniya.az\/en\/wp-json\/wp\/v2\/types\/product"}],"replies":[{"embeddable":true,"href":"https:\/\/simfoniya.az\/en\/wp-json\/wp\/v2\/comments?post=18906"}],"wp:featuredmedia":[{"embeddable":true,"href":"https:\/\/simfoniya.az\/en\/wp-json\/wp\/v2\/media\/18905"}],"wp:attachment":[{"href":"https:\/\/simfoniya.az\/en\/wp-json\/wp\/v2\/media?parent=18906"}],"wp:term":[{"taxonomy":"product_brand","embeddable":true,"href":"https:\/\/simfoniya.az\/en\/wp-json\/wp\/v2\/product_brand?post=18906"},{"taxonomy":"product_cat","embeddable":true,"href":"https:\/\/simfoniya.az\/en\/wp-json\/wp\/v2\/product_cat?post=18906"},{"taxonomy":"product_tag","embeddable":true,"href":"https:\/\/simfoniya.az\/en\/wp-json\/wp\/v2\/product_tag?post=18906"},{"taxonomy":"collection","embeddable":true,"href":"https:\/\/simfoniya.az\/en\/wp-json\/wp\/v2\/collection?post=18906"},{"taxonomy":"brand","embeddable":true,"href":"https:\/\/simfoniya.az\/en\/wp-json\/wp\/v2\/brand?post=18906"},{"taxonomy":"category_2","embeddable":true,"href":"https:\/\/simfoniya.az\/en\/wp-json\/wp\/v2\/category_2?post=18906"},{"taxonomy":"catergory_brand","embeddable":true,"href":"https:\/\/simfoniya.az\/en\/wp-json\/wp\/v2\/catergory_brand?post=18906"}],"curies":[{"name":"wp","href":"https:\/\/api.w.org\/{rel}","templated":true}]}}