{"id":18927,"date":"2024-06-02T05:35:23","date_gmt":"2024-06-02T05:35:23","guid":{"rendered":"https:\/\/simfoniya.az\/product\/gala-emma-square-eylecli-unitaz-qapagi\/"},"modified":"2024-10-07T07:40:25","modified_gmt":"2024-10-07T07:40:25","slug":"gala-emma-square-eylecli-unitaz-qapagi","status":"publish","type":"product","link":"https:\/\/simfoniya.az\/en\/product\/gala-emma-square-eylecli-unitaz-qapagi\/","title":{"rendered":"Gala Emma \/ Toilet lid"},"content":{"rendered":"<div class=\"flex max-w-full flex-col flex-grow\">\n<div class=\"min-h-8 text-message flex w-full flex-col items-end gap-2 whitespace-normal break-words [.text-message+&amp;]:mt-5\" dir=\"auto\" data-message-author-role=\"assistant\" data-message-id=\"14f9802c-e4d3-4906-b152-b3edbe156206\">\n<div class=\"flex w-full flex-col gap-1 empty:hidden first:pt-[3px]\">\n<div class=\"markdown prose w-full break-words dark:prose-invert light\">\n<p>Bu, a\u011f r\u0259ngd\u0259 v\u0259 sad\u0259 dizaynl\u0131 seramik tualet qapa\u011f\u0131d\u0131r. Onun t\u0259miz v\u0259 d\u00fcz x\u0259tl\u0259ri m\u00fcasir vanna otaqlar\u0131na uy\u011fun minimalist bir g\u00f6r\u00fcn\u00fc\u015f t\u0259min edir. Davaml\u0131 material\u0131 say\u0259sind\u0259 uzun m\u00fcdd\u0259t istifad\u0259 edil\u0259 bil\u0259r, h\u0259m\u00e7inin asan t\u0259mizl\u0259n\u0259n s\u0259thi t\u0259mizlik prosesini asanla\u015fd\u0131r\u0131r. Bu tualet qapa\u011f\u0131, h\u0259m funksional, h\u0259m d\u0259 estetik bir \u0259lav\u0259 olaraq xidm\u0259t edir.<\/p>\n<\/div>\n<\/div>\n<\/div>\n<\/div>\n<div class=\"mb-2 flex gap-3 empty:hidden -ml-2\">\n<div class=\"items-center justify-start rounded-xl p-1 flex\">\n<div class=\"flex items-center\"><button class=\"rounded-lg text-token-text-secondary hover:bg-token-main-surface-secondary\" aria-label=\"Read aloud\" data-testid=\"voice-play-turn-action-button\"><\/button><button class=\"rounded-lg text-token-text-secondary hover:bg-token-main-surface-secondary\" aria-label=\"\u041a\u043e\u043f\u0438\u0440\u043e\u0432\u0430\u0442\u044c\" data-testid=\"copy-turn-action-button\"><\/button><\/p>\n<div class=\"flex\"><\/div>\n<div class=\"flex items-center pb-0\"><\/div>\n<\/div>\n<\/div>\n<\/div>\n","protected":false},"excerpt":{"rendered":"<p>This is a ceramic toilet seat with white color and simple design. Its clean and straight lines provide a minimalist look suitable for modern bathrooms. Thanks to its durable material, it can be used for a long time, and the easy-to-clean surface facilitates the cleaning process. This toilet lid serves as both a functional and an aesthetic addition.<\/p>","protected":false},"featured_media":18926,"comment_status":"closed","ping_status":"closed","template":"","meta":[],"product_brand":[],"product_cat":[76],"product_tag":[],"collection":[],"brand":[],"category_2":[],"catergory_brand":[],"class_list":{"0":"post-18927","1":"product","2":"type-product","3":"status-publish","4":"has-post-thumbnail","6":"product_cat-all","8":"first","9":"instock","10":"shipping-taxable","11":"product-type-simple"},"_links":{"self":[{"href":"https:\/\/simfoniya.az\/en\/wp-json\/wp\/v2\/product\/18927","targetHints":{"allow":["GET"]}}],"collection":[{"href":"https:\/\/simfoniya.az\/en\/wp-json\/wp\/v2\/product"}],"about":[{"href":"https:\/\/simfoniya.az\/en\/wp-json\/wp\/v2\/types\/product"}],"replies":[{"embeddable":true,"href":"https:\/\/simfoniya.az\/en\/wp-json\/wp\/v2\/comments?post=18927"}],"wp:featuredmedia":[{"embeddable":true,"href":"https:\/\/simfoniya.az\/en\/wp-json\/wp\/v2\/media\/18926"}],"wp:attachment":[{"href":"https:\/\/simfoniya.az\/en\/wp-json\/wp\/v2\/media?parent=18927"}],"wp:term":[{"taxonomy":"product_brand","embeddable":true,"href":"https:\/\/simfoniya.az\/en\/wp-json\/wp\/v2\/product_brand?post=18927"},{"taxonomy":"product_cat","embeddable":true,"href":"https:\/\/simfoniya.az\/en\/wp-json\/wp\/v2\/product_cat?post=18927"},{"taxonomy":"product_tag","embeddable":true,"href":"https:\/\/simfoniya.az\/en\/wp-json\/wp\/v2\/product_tag?post=18927"},{"taxonomy":"collection","embeddable":true,"href":"https:\/\/simfoniya.az\/en\/wp-json\/wp\/v2\/collection?post=18927"},{"taxonomy":"brand","embeddable":true,"href":"https:\/\/simfoniya.az\/en\/wp-json\/wp\/v2\/brand?post=18927"},{"taxonomy":"category_2","embeddable":true,"href":"https:\/\/simfoniya.az\/en\/wp-json\/wp\/v2\/category_2?post=18927"},{"taxonomy":"catergory_brand","embeddable":true,"href":"https:\/\/simfoniya.az\/en\/wp-json\/wp\/v2\/catergory_brand?post=18927"}],"curies":[{"name":"wp","href":"https:\/\/api.w.org\/{rel}","templated":true}]}}