{"id":18937,"date":"2024-06-02T05:35:41","date_gmt":"2024-06-02T05:35:41","guid":{"rendered":"https:\/\/simfoniya.az\/product\/gala-klea-asma-bide-53x37\/"},"modified":"2024-10-07T07:31:49","modified_gmt":"2024-10-07T07:31:49","slug":"gala-klea-asma-bide-53x37","status":"publish","type":"product","link":"https:\/\/simfoniya.az\/en\/product\/gala-klea-asma-bide-53x37\/","title":{"rendered":"Gala Klea \/ Bidet"},"content":{"rendered":"<div class=\"flex max-w-full flex-col flex-grow\">\n<div class=\"min-h-8 text-message flex w-full flex-col items-end gap-2 whitespace-normal break-words [.text-message+&amp;]:mt-5\" dir=\"auto\" data-message-author-role=\"assistant\" data-message-id=\"69b53754-abd0-4a6f-9c29-dd592db3626f\">\n<div class=\"flex w-full flex-col gap-1 empty:hidden first:pt-[3px]\">\n<div class=\"markdown prose w-full break-words dark:prose-invert light\">\n<p>Bu, a\u011f r\u0259ngd\u0259 v\u0259 m\u00fcasir dizaynl\u0131 as\u0131lan bidedir. Onun yuvarlaq v\u0259 t\u0259miz x\u0259tl\u0259ri h\u0259r hans\u0131 m\u00fcasir vanna ota\u011f\u0131na z\u0259rif v\u0259 m\u00fcasir bir g\u00f6r\u00fcn\u00fc\u015f verir. As\u0131lan dizayn\u0131 yer\u0259 q\u0259na\u0259t edir v\u0259 t\u0259mizl\u0259m\u0259ni asanla\u015fd\u0131r\u0131r. A\u011f seramik material davaml\u0131l\u0131q v\u0259 asan t\u0259mizl\u0259nm\u0259 t\u0259min edir. Bu bide, m\u00fcasir vanna otaqlar\u0131 \u00fc\u00e7\u00fcn estetik v\u0259 praktik bir \u0259lav\u0259dir.<\/p>\n<\/div>\n<\/div>\n<\/div>\n<\/div>\n<div class=\"mb-2 flex gap-3 empty:hidden -ml-2\">\n<div class=\"items-center justify-start rounded-xl p-1 flex\">\n<div class=\"flex items-center\">\n<p>&nbsp;<\/p>\n<div class=\"flex\"><\/div>\n<div class=\"flex items-center pb-0\"><\/div>\n<\/div>\n<\/div>\n<\/div>\n","protected":false},"excerpt":{"rendered":"<p>This is a hanging bidet in white color and modern design. Its rounded and clean lines give any modern bathroom a sleek and modern look. Hanging design saves space and makes cleaning easier. The white ceramic material provides durability and easy cleaning. This bidet is an aesthetic and practical addition to modern bathrooms. &nbsp;<\/p>","protected":false},"featured_media":18936,"comment_status":"closed","ping_status":"closed","template":"","meta":[],"product_brand":[],"product_cat":[76],"product_tag":[],"collection":[],"brand":[],"category_2":[],"catergory_brand":[],"class_list":{"0":"post-18937","1":"product","2":"type-product","3":"status-publish","4":"has-post-thumbnail","6":"product_cat-all","8":"first","9":"instock","10":"shipping-taxable","11":"product-type-simple"},"_links":{"self":[{"href":"https:\/\/simfoniya.az\/en\/wp-json\/wp\/v2\/product\/18937","targetHints":{"allow":["GET"]}}],"collection":[{"href":"https:\/\/simfoniya.az\/en\/wp-json\/wp\/v2\/product"}],"about":[{"href":"https:\/\/simfoniya.az\/en\/wp-json\/wp\/v2\/types\/product"}],"replies":[{"embeddable":true,"href":"https:\/\/simfoniya.az\/en\/wp-json\/wp\/v2\/comments?post=18937"}],"wp:featuredmedia":[{"embeddable":true,"href":"https:\/\/simfoniya.az\/en\/wp-json\/wp\/v2\/media\/18936"}],"wp:attachment":[{"href":"https:\/\/simfoniya.az\/en\/wp-json\/wp\/v2\/media?parent=18937"}],"wp:term":[{"taxonomy":"product_brand","embeddable":true,"href":"https:\/\/simfoniya.az\/en\/wp-json\/wp\/v2\/product_brand?post=18937"},{"taxonomy":"product_cat","embeddable":true,"href":"https:\/\/simfoniya.az\/en\/wp-json\/wp\/v2\/product_cat?post=18937"},{"taxonomy":"product_tag","embeddable":true,"href":"https:\/\/simfoniya.az\/en\/wp-json\/wp\/v2\/product_tag?post=18937"},{"taxonomy":"collection","embeddable":true,"href":"https:\/\/simfoniya.az\/en\/wp-json\/wp\/v2\/collection?post=18937"},{"taxonomy":"brand","embeddable":true,"href":"https:\/\/simfoniya.az\/en\/wp-json\/wp\/v2\/brand?post=18937"},{"taxonomy":"category_2","embeddable":true,"href":"https:\/\/simfoniya.az\/en\/wp-json\/wp\/v2\/category_2?post=18937"},{"taxonomy":"catergory_brand","embeddable":true,"href":"https:\/\/simfoniya.az\/en\/wp-json\/wp\/v2\/catergory_brand?post=18937"}],"curies":[{"name":"wp","href":"https:\/\/api.w.org\/{rel}","templated":true}]}}