{"id":18948,"date":"2024-06-02T05:36:18","date_gmt":"2024-06-02T05:36:18","guid":{"rendered":"https:\/\/simfoniya.az\/product\/gala-smart-unitaz-bacoku\/"},"modified":"2024-10-07T07:08:22","modified_gmt":"2024-10-07T07:08:22","slug":"gala-smart-unitaz-bacoku","status":"publish","type":"product","link":"https:\/\/simfoniya.az\/en\/product\/gala-smart-unitaz-bacoku\/","title":{"rendered":"Castle \/ Toilet"},"content":{"rendered":"<div class=\"flex max-w-full flex-col flex-grow\">\n<div class=\"min-h-8 text-message flex w-full flex-col items-end gap-2 whitespace-normal break-words [.text-message+&amp;]:mt-5\" dir=\"auto\" data-message-author-role=\"assistant\" data-message-id=\"89c69898-70d1-4a58-aebc-e30806d269f4\">\n<div class=\"flex w-full flex-col gap-1 empty:hidden first:pt-[3px]\">\n<div class=\"markdown prose w-full break-words dark:prose-invert light\">\n<p>Bu, m\u00fcasir dizaynl\u0131 a\u011f seramik tualetdir. Yumu\u015faq x\u0259tl\u0259ri v\u0259 s\u0259liq\u0259li forma m\u00fcasir vanna otaqlar\u0131na uy\u011funla\u015fmaq \u00fc\u00e7\u00fcn ideal se\u00e7imdir. Tualetin kompakt qurulu\u015fu ki\u00e7ik m\u0259kanlara da yax\u015f\u0131 uy\u011fun g\u0259lir. A\u011f s\u0259thi t\u0259miz v\u0259 klassik bir g\u00f6r\u00fcn\u00fc\u015f t\u0259min edir, h\u0259m\u00e7inin asan t\u0259mizl\u0259n\u0259 bil\u0259n materialdan haz\u0131rlanm\u0131\u015fd\u0131r ki, bu da davaml\u0131l\u0131\u011f\u0131n\u0131 art\u0131r\u0131r. Bu tualet, h\u0259m estetik, h\u0259m d\u0259 funksional bir se\u00e7imdir.<\/p>\n<\/div>\n<\/div>\n<\/div>\n<\/div>\n<div class=\"mb-2 flex gap-3 empty:hidden -ml-2\">\n<div class=\"items-center justify-start rounded-xl p-1 flex\">\n<div class=\"flex items-center\"><button class=\"rounded-lg text-token-text-secondary hover:bg-token-main-surface-secondary\" aria-label=\"Read aloud\" data-testid=\"voice-play-turn-action-button\"><\/button><button class=\"rounded-lg text-token-text-secondary hover:bg-token-main-surface-secondary\" aria-label=\"\u041a\u043e\u043f\u0438\u0440\u043e\u0432\u0430\u0442\u044c\" data-testid=\"copy-turn-action-button\"><\/button><\/p>\n<div class=\"flex\"><\/div>\n<div class=\"flex items-center pb-0\"><\/div>\n<\/div>\n<\/div>\n<\/div>\n","protected":false},"excerpt":{"rendered":"<div class=\"pdp-waterpp grid-col-sm-6\">\n<div>\n<h6 class=\"doc-title\">Installation Information<\/h6>\n<\/div>\n<ul>\n<li class=\"waterpport-links\"><a class=\"link link-red\" target=\"_blank\" rel=\"noopener\">View Technical Specifications<\/a><\/li>\n<li class=\"waterpport-links\"><a class=\"link link-red\" target=\"_blank\" rel=\"noopener\">View Maintenance &amp; Installation Sheet<\/a><\/li>\n<li class=\"waterpport-links\"><a class=\"link link-red\" target=\"_blank\" rel=\"noopener\">View Parts &amp; Accessories Diwhiteram<\/a><\/li>\n<\/ul>\n<\/div>","protected":false},"featured_media":18947,"comment_status":"closed","ping_status":"closed","template":"","meta":[],"product_brand":[],"product_cat":[76],"product_tag":[],"collection":[],"brand":[],"category_2":[],"catergory_brand":[],"class_list":{"0":"post-18948","1":"product","2":"type-product","3":"status-publish","4":"has-post-thumbnail","6":"product_cat-all","8":"first","9":"instock","10":"shipping-taxable","11":"product-type-simple"},"_links":{"self":[{"href":"https:\/\/simfoniya.az\/en\/wp-json\/wp\/v2\/product\/18948","targetHints":{"allow":["GET"]}}],"collection":[{"href":"https:\/\/simfoniya.az\/en\/wp-json\/wp\/v2\/product"}],"about":[{"href":"https:\/\/simfoniya.az\/en\/wp-json\/wp\/v2\/types\/product"}],"replies":[{"embeddable":true,"href":"https:\/\/simfoniya.az\/en\/wp-json\/wp\/v2\/comments?post=18948"}],"wp:featuredmedia":[{"embeddable":true,"href":"https:\/\/simfoniya.az\/en\/wp-json\/wp\/v2\/media\/18947"}],"wp:attachment":[{"href":"https:\/\/simfoniya.az\/en\/wp-json\/wp\/v2\/media?parent=18948"}],"wp:term":[{"taxonomy":"product_brand","embeddable":true,"href":"https:\/\/simfoniya.az\/en\/wp-json\/wp\/v2\/product_brand?post=18948"},{"taxonomy":"product_cat","embeddable":true,"href":"https:\/\/simfoniya.az\/en\/wp-json\/wp\/v2\/product_cat?post=18948"},{"taxonomy":"product_tag","embeddable":true,"href":"https:\/\/simfoniya.az\/en\/wp-json\/wp\/v2\/product_tag?post=18948"},{"taxonomy":"collection","embeddable":true,"href":"https:\/\/simfoniya.az\/en\/wp-json\/wp\/v2\/collection?post=18948"},{"taxonomy":"brand","embeddable":true,"href":"https:\/\/simfoniya.az\/en\/wp-json\/wp\/v2\/brand?post=18948"},{"taxonomy":"category_2","embeddable":true,"href":"https:\/\/simfoniya.az\/en\/wp-json\/wp\/v2\/category_2?post=18948"},{"taxonomy":"catergory_brand","embeddable":true,"href":"https:\/\/simfoniya.az\/en\/wp-json\/wp\/v2\/catergory_brand?post=18948"}],"curies":[{"name":"wp","href":"https:\/\/api.w.org\/{rel}","templated":true}]}}