{"id":18996,"date":"2024-06-02T05:37:15","date_gmt":"2024-06-02T05:37:15","guid":{"rendered":"https:\/\/simfoniya.az\/product\/il-tempo-capitonne-207-hamam-mebeli-132x49x53-komplekt\/"},"modified":"2024-10-04T12:54:28","modified_gmt":"2024-10-04T12:54:28","slug":"il-tempo-capitonne-207-hamam-mebeli-132x49x53-komplekt","status":"publish","type":"product","link":"https:\/\/simfoniya.az\/en\/product\/il-tempo-capitonne-207-hamam-mebeli-132x49x53-komplekt\/","title":{"rendered":"Tempo Capitonne \/ Furniture"},"content":{"rendered":"<div class=\"flex max-w-full flex-col flex-grow\">\n<div class=\"min-h-8 text-message flex w-full flex-col items-end gap-2 whitespace-normal break-words [.text-message+&amp;]:mt-5\" dir=\"auto\" data-message-author-role=\"assistant\" data-message-id=\"478fe169-ef2f-438a-9cfc-23465a0f2697\">\n<div class=\"flex w-full flex-col gap-1 empty:hidden first:pt-[3px]\">\n<div class=\"markdown prose w-full break-words dark:prose-invert light\">\n<p>Bu, qara r\u0259ngd\u0259 v\u0259 z\u0259rif dizayna malik vanna ota\u011f\u0131 dolab\u0131d\u0131r. Dolab\u0131n qap\u0131lar\u0131 \u00fcz\u0259rind\u0259ki d\u0259ri il\u0259 b\u0259z\u0259dilmi\u015f t\u0259p\u0259l\u0259r\u0259 taxma detallar\u0131 v\u0259 parlaq metal tutacaqlar m\u00fcasirliyi v\u0259 \u015f\u0131kl\u0131\u011f\u0131 \u00f6n plana \u00e7\u0131xar\u0131r. \u00dcst\u00fcnd\u0259ki geni\u015f m\u0259rm\u0259r s\u0259th sad\u0259 v\u0259 t\u0259miz bir g\u00f6r\u00fcn\u00fc\u015f t\u0259min edir. Dolab\u0131n \u00fcst\u00fcnd\u0259 yerl\u0259\u015f\u0259n b\u00f6y\u00fck ayna, metal \u00e7\u0259r\u00e7iv\u0259si il\u0259 uy\u011funla\u015faraq, interyer\u0259 z\u0259riflik v\u0259 d\u0259rinlik \u0259lav\u0259 edir. Bu d\u0259st, h\u0259r hans\u0131 m\u00fcasir vanna ota\u011f\u0131n\u0131 daha d\u0259bli v\u0259 i\u015fl\u0259k bir m\u0259kana \u00e7evir\u0259 bil\u0259r.<\/p>\n<\/div>\n<\/div>\n<\/div>\n<\/div>\n<div class=\"mb-2 flex gap-3 empty:hidden -ml-2\">\n<div class=\"items-center justify-start rounded-xl p-1 flex\">\n<div class=\"flex items-center\"><button class=\"rounded-lg text-token-text-secondary hover:bg-token-main-surface-secondary\" aria-label=\"Read aloud\" data-testid=\"voice-play-turn-action-button\"><\/button><button class=\"rounded-lg text-token-text-secondary hover:bg-token-main-surface-secondary\" aria-label=\"\u041a\u043e\u043f\u0438\u0440\u043e\u0432\u0430\u0442\u044c\" data-testid=\"copy-turn-action-button\"><\/button><\/p>\n<div class=\"flex\"><\/div>\n<div class=\"flex items-center pb-0\"><\/div>\n<\/div>\n<\/div>\n<\/div>\n","protected":false},"excerpt":{"rendered":"<p>Bu, qara r\u0259ngd\u0259 v\u0259 z\u0259rif dizayna malik vanna ota\u011f\u0131 dolab\u0131d\u0131r. Dolab\u0131n qap\u0131lar\u0131 \u00fcz\u0259rind\u0259ki d\u0259ri il\u0259 b\u0259z\u0259dilmi\u015f t\u0259p\u0259l\u0259r\u0259 taxma detallar\u0131 v\u0259 parlaq metal tutacaqlar m\u00fcasirliyi v\u0259 \u015f\u0131kl\u0131\u011f\u0131 \u00f6n plana \u00e7\u0131xar\u0131r. \u00dcst\u00fcnd\u0259ki geni\u015f m\u0259rm\u0259r s\u0259th sad\u0259 v\u0259 t\u0259miz bir g\u00f6r\u00fcn\u00fc\u015f t\u0259min edir. Dolab\u0131n \u00fcst\u00fcnd\u0259 yerl\u0259\u015f\u0259n b\u00f6y\u00fck ayna, metal \u00e7\u0259r\u00e7iv\u0259si il\u0259 uy\u011funla\u015faraq, interyer\u0259 z\u0259riflik v\u0259 d\u0259rinlik \u0259lav\u0259 edir. Bu d\u0259st, h\u0259r hans\u0131 m\u00fcasir\u2026<\/p>","protected":false},"featured_media":22963,"comment_status":"closed","ping_status":"closed","template":"","meta":[],"product_brand":[],"product_cat":[1506],"product_tag":[],"collection":[],"brand":[1505],"category_2":[],"catergory_brand":[],"class_list":{"0":"post-18996","1":"product","2":"type-product","3":"status-publish","4":"has-post-thumbnail","6":"product_cat-bathroom-vanity","7":"brand-il-tempo","9":"first","10":"instock","11":"shipping-taxable","12":"product-type-simple"},"_links":{"self":[{"href":"https:\/\/simfoniya.az\/en\/wp-json\/wp\/v2\/product\/18996","targetHints":{"allow":["GET"]}}],"collection":[{"href":"https:\/\/simfoniya.az\/en\/wp-json\/wp\/v2\/product"}],"about":[{"href":"https:\/\/simfoniya.az\/en\/wp-json\/wp\/v2\/types\/product"}],"replies":[{"embeddable":true,"href":"https:\/\/simfoniya.az\/en\/wp-json\/wp\/v2\/comments?post=18996"}],"wp:featuredmedia":[{"embeddable":true,"href":"https:\/\/simfoniya.az\/en\/wp-json\/wp\/v2\/media\/22963"}],"wp:attachment":[{"href":"https:\/\/simfoniya.az\/en\/wp-json\/wp\/v2\/media?parent=18996"}],"wp:term":[{"taxonomy":"product_brand","embeddable":true,"href":"https:\/\/simfoniya.az\/en\/wp-json\/wp\/v2\/product_brand?post=18996"},{"taxonomy":"product_cat","embeddable":true,"href":"https:\/\/simfoniya.az\/en\/wp-json\/wp\/v2\/product_cat?post=18996"},{"taxonomy":"product_tag","embeddable":true,"href":"https:\/\/simfoniya.az\/en\/wp-json\/wp\/v2\/product_tag?post=18996"},{"taxonomy":"collection","embeddable":true,"href":"https:\/\/simfoniya.az\/en\/wp-json\/wp\/v2\/collection?post=18996"},{"taxonomy":"brand","embeddable":true,"href":"https:\/\/simfoniya.az\/en\/wp-json\/wp\/v2\/brand?post=18996"},{"taxonomy":"category_2","embeddable":true,"href":"https:\/\/simfoniya.az\/en\/wp-json\/wp\/v2\/category_2?post=18996"},{"taxonomy":"catergory_brand","embeddable":true,"href":"https:\/\/simfoniya.az\/en\/wp-json\/wp\/v2\/catergory_brand?post=18996"}],"curies":[{"name":"wp","href":"https:\/\/api.w.org\/{rel}","templated":true}]}}