{"id":18998,"date":"2024-06-02T05:37:17","date_gmt":"2024-06-02T05:37:17","guid":{"rendered":"https:\/\/simfoniya.az\/product\/il-tempo-capitonne-2561-hamam-mebeli-175x58x82-komplekt\/"},"modified":"2024-10-04T12:50:19","modified_gmt":"2024-10-04T12:50:19","slug":"il-tempo-capitonne-2561-hamam-mebeli-175x58x82-komplekt","status":"publish","type":"product","link":"https:\/\/simfoniya.az\/en\/product\/il-tempo-capitonne-2561-hamam-mebeli-175x58x82-komplekt\/","title":{"rendered":"Tempo Capitonne \/ Furniture"},"content":{"rendered":"<div class=\"flex max-w-full flex-col flex-grow\">\n<div class=\"min-h-8 text-message flex w-full flex-col items-end gap-2 whitespace-normal break-words [.text-message+&amp;]:mt-5\" dir=\"auto\" data-message-author-role=\"assistant\" data-message-id=\"4cc69ab8-3df5-4297-b82e-542aa4c5fb52\">\n<div class=\"flex w-full flex-col gap-1 empty:hidden first:pt-[3px]\">\n<div class=\"markdown prose w-full break-words dark:prose-invert light\">\n<div class=\"flex max-w-full flex-col flex-grow\">\n<div class=\"min-h-8 text-message flex w-full flex-col items-end gap-2 whitespace-normal break-words [.text-message+&amp;]:mt-5\" dir=\"auto\" data-message-author-role=\"assistant\" data-message-id=\"d10428b3-9cf7-492b-aa84-eb8e1a218e2b\">\n<div class=\"flex w-full flex-col gap-1 empty:hidden first:pt-[3px]\">\n<div class=\"markdown prose w-full break-words dark:prose-invert light\">\n<p>Bu, qara v\u0259 boz nax\u0131\u015fl\u0131 vanna ota\u011f\u0131 dolab\u0131 v\u0259 uy\u011fun aynas\u0131d\u0131r. Dolab\u0131n \u0259yilmi\u015f ayaqlar\u0131 v\u0259 q\u00f6vs \u015fekli ona z\u0259rif bir g\u00f6r\u00fcn\u00fc\u015f verir. A\u011f m\u0259rm\u0259r \u00fcst\u00fc v\u0259 q\u0131z\u0131l r\u0259ngli musluqlar estetik z\u0259nginlik \u0259lav\u0259 edir, ayna is\u0259 qeyri-adi \u00e7\u0259r\u00e7iv\u0259si il\u0259 dolab\u0131n stilini tamamlay\u0131r. Bu d\u0259st, h\u0259r hans\u0131 interyer\u0259 \u015f\u0131k v\u0259 inc\u0259 bir toxunu\u015f g\u0259tir\u0259r.<\/p>\n<\/div>\n<\/div>\n<\/div>\n<\/div>\n<\/div>\n<\/div>\n<\/div>\n<\/div>\n","protected":false},"excerpt":{"rendered":"<p>This is a black and gray patterned bathroom cabinet and matching mirror. The cabinet&#039;s curved legs and arch shape give it an elegant look. A white marble top and gold-tone faucets add aesthetic richness, while the mirror completes the cabinet&#039;s style with its unusual frame. This set will bring a stylish and sophisticated touch to any interior.<\/p>","protected":false},"featured_media":22981,"comment_status":"closed","ping_status":"closed","template":"","meta":[],"product_brand":[],"product_cat":[1506],"product_tag":[],"collection":[],"brand":[1505],"category_2":[],"catergory_brand":[],"class_list":{"0":"post-18998","1":"product","2":"type-product","3":"status-publish","4":"has-post-thumbnail","6":"product_cat-bathroom-vanity","7":"brand-il-tempo","9":"first","10":"instock","11":"shipping-taxable","12":"product-type-simple"},"_links":{"self":[{"href":"https:\/\/simfoniya.az\/en\/wp-json\/wp\/v2\/product\/18998","targetHints":{"allow":["GET"]}}],"collection":[{"href":"https:\/\/simfoniya.az\/en\/wp-json\/wp\/v2\/product"}],"about":[{"href":"https:\/\/simfoniya.az\/en\/wp-json\/wp\/v2\/types\/product"}],"replies":[{"embeddable":true,"href":"https:\/\/simfoniya.az\/en\/wp-json\/wp\/v2\/comments?post=18998"}],"wp:featuredmedia":[{"embeddable":true,"href":"https:\/\/simfoniya.az\/en\/wp-json\/wp\/v2\/media\/22981"}],"wp:attachment":[{"href":"https:\/\/simfoniya.az\/en\/wp-json\/wp\/v2\/media?parent=18998"}],"wp:term":[{"taxonomy":"product_brand","embeddable":true,"href":"https:\/\/simfoniya.az\/en\/wp-json\/wp\/v2\/product_brand?post=18998"},{"taxonomy":"product_cat","embeddable":true,"href":"https:\/\/simfoniya.az\/en\/wp-json\/wp\/v2\/product_cat?post=18998"},{"taxonomy":"product_tag","embeddable":true,"href":"https:\/\/simfoniya.az\/en\/wp-json\/wp\/v2\/product_tag?post=18998"},{"taxonomy":"collection","embeddable":true,"href":"https:\/\/simfoniya.az\/en\/wp-json\/wp\/v2\/collection?post=18998"},{"taxonomy":"brand","embeddable":true,"href":"https:\/\/simfoniya.az\/en\/wp-json\/wp\/v2\/brand?post=18998"},{"taxonomy":"category_2","embeddable":true,"href":"https:\/\/simfoniya.az\/en\/wp-json\/wp\/v2\/category_2?post=18998"},{"taxonomy":"catergory_brand","embeddable":true,"href":"https:\/\/simfoniya.az\/en\/wp-json\/wp\/v2\/catergory_brand?post=18998"}],"curies":[{"name":"wp","href":"https:\/\/api.w.org\/{rel}","templated":true}]}}