{"id":19000,"date":"2024-06-02T05:37:29","date_gmt":"2024-06-02T05:37:29","guid":{"rendered":"https:\/\/simfoniya.az\/product\/il-tempo-capitonne-2676-hamam-mebeli-109x53x83-komplekt\/"},"modified":"2024-10-04T12:50:25","modified_gmt":"2024-10-04T12:50:25","slug":"il-tempo-capitonne-2676-hamam-mebeli-109x53x83-komplekt","status":"publish","type":"product","link":"https:\/\/simfoniya.az\/en\/product\/il-tempo-capitonne-2676-hamam-mebeli-109x53x83-komplekt\/","title":{"rendered":"Tempo Capitonne \/ Complete"},"content":{"rendered":"<div class=\"flex max-w-full flex-col flex-grow\">\n<div class=\"min-h-8 text-message flex w-full flex-col items-end gap-2 whitespace-normal break-words [.text-message+&amp;]:mt-5\" dir=\"auto\" data-message-author-role=\"assistant\" data-message-id=\"9b48197d-f05c-4005-8575-de34dd8943d8\">\n<div class=\"flex w-full flex-col gap-1 empty:hidden first:pt-[3px]\">\n<div class=\"markdown prose w-full break-words dark:prose-invert light\">\n<p>Bu, qara r\u0259ngd\u0259 klassik dizayna malik bir vanna ota\u011f\u0131 dolab\u0131 v\u0259 aynas\u0131d\u0131r. Dolab\u0131n \u00f6n hiss\u0259si \u00e7oxlu \u00e7\u0259km\u0259c\u0259li dizaynla b\u0259z\u0259dilib, bu da ona d\u0259bli v\u0259 struktur qat\u0131r. \u00c7\u0259km\u0259c\u0259l\u0259r praktik saxlama sah\u0259si t\u0259klif edir. \u00dcst hiss\u0259d\u0259 qara m\u0259rm\u0259r s\u0259th yerl\u0259\u015fir, alt\u0131n r\u0259ngd\u0259 musluqlar is\u0259 z\u0259riflik \u0259lav\u0259 edir. \u00dcst\u00fcnd\u0259 uy\u011funla\u015fd\u0131r\u0131lm\u0131\u015f qara \u00e7\u0259r\u00e7iv\u0259li b\u00f6y\u00fck ayna dolab\u0131n dizayn\u0131n\u0131 tamamlay\u0131r v\u0259 \u0259traf m\u00fchit\u0259 \u0259lav\u0259 d\u0259rinlik v\u0259 g\u00f6z\u0259llik verir. Bu d\u0259st, h\u0259r hans\u0131 bir m\u00fcasir vanna ota\u011f\u0131n\u0131 \u015f\u0131k v\u0259 i\u015fl\u0259k bir m\u0259kana \u00e7evir\u0259 bil\u0259r.<\/p>\n<\/div>\n<\/div>\n<\/div>\n<\/div>\n<div class=\"mb-2 flex gap-3 empty:hidden -ml-2\">\n<div class=\"items-center justify-start rounded-xl p-1 flex\">\n<div class=\"flex items-center\"><button class=\"rounded-lg text-token-text-secondary hover:bg-token-main-surface-secondary\" aria-label=\"Read aloud\" data-testid=\"voice-play-turn-action-button\"><\/button><button class=\"rounded-lg text-token-text-secondary hover:bg-token-main-surface-secondary\" aria-label=\"\u041a\u043e\u043f\u0438\u0440\u043e\u0432\u0430\u0442\u044c\" data-testid=\"copy-turn-action-button\"><\/button><\/p>\n<div class=\"flex\"><\/div>\n<div class=\"flex items-center pb-0\"><\/div>\n<\/div>\n<\/div>\n<\/div>\n","protected":false},"excerpt":{"rendered":"<p>Bu, qara r\u0259ngd\u0259 klassik dizayna malik bir vanna ota\u011f\u0131 dolab\u0131 v\u0259 aynas\u0131d\u0131r. Dolab\u0131n \u00f6n hiss\u0259si \u00e7oxlu \u00e7\u0259km\u0259c\u0259li dizaynla b\u0259z\u0259dilib, bu da ona d\u0259bli v\u0259 struktur qat\u0131r. \u00c7\u0259km\u0259c\u0259l\u0259r praktik saxlama sah\u0259si t\u0259klif edir. \u00dcst hiss\u0259d\u0259 qara m\u0259rm\u0259r s\u0259th yerl\u0259\u015fir, alt\u0131n r\u0259ngd\u0259 musluqlar is\u0259 z\u0259riflik \u0259lav\u0259 edir. \u00dcst\u00fcnd\u0259 uy\u011funla\u015fd\u0131r\u0131lm\u0131\u015f qara \u00e7\u0259r\u00e7iv\u0259li b\u00f6y\u00fck ayna dolab\u0131n dizayn\u0131n\u0131 tamamlay\u0131r v\u0259 \u0259traf m\u00fchit\u0259 \u0259lav\u0259 d\u0259rinlik v\u0259\u2026<\/p>","protected":false},"featured_media":22968,"comment_status":"closed","ping_status":"closed","template":"","meta":[],"product_brand":[],"product_cat":[1506],"product_tag":[],"collection":[],"brand":[1505],"category_2":[],"catergory_brand":[],"class_list":{"0":"post-19000","1":"product","2":"type-product","3":"status-publish","4":"has-post-thumbnail","6":"product_cat-bathroom-vanity","7":"brand-il-tempo","9":"first","10":"instock","11":"shipping-taxable","12":"product-type-simple"},"_links":{"self":[{"href":"https:\/\/simfoniya.az\/en\/wp-json\/wp\/v2\/product\/19000","targetHints":{"allow":["GET"]}}],"collection":[{"href":"https:\/\/simfoniya.az\/en\/wp-json\/wp\/v2\/product"}],"about":[{"href":"https:\/\/simfoniya.az\/en\/wp-json\/wp\/v2\/types\/product"}],"replies":[{"embeddable":true,"href":"https:\/\/simfoniya.az\/en\/wp-json\/wp\/v2\/comments?post=19000"}],"wp:featuredmedia":[{"embeddable":true,"href":"https:\/\/simfoniya.az\/en\/wp-json\/wp\/v2\/media\/22968"}],"wp:attachment":[{"href":"https:\/\/simfoniya.az\/en\/wp-json\/wp\/v2\/media?parent=19000"}],"wp:term":[{"taxonomy":"product_brand","embeddable":true,"href":"https:\/\/simfoniya.az\/en\/wp-json\/wp\/v2\/product_brand?post=19000"},{"taxonomy":"product_cat","embeddable":true,"href":"https:\/\/simfoniya.az\/en\/wp-json\/wp\/v2\/product_cat?post=19000"},{"taxonomy":"product_tag","embeddable":true,"href":"https:\/\/simfoniya.az\/en\/wp-json\/wp\/v2\/product_tag?post=19000"},{"taxonomy":"collection","embeddable":true,"href":"https:\/\/simfoniya.az\/en\/wp-json\/wp\/v2\/collection?post=19000"},{"taxonomy":"brand","embeddable":true,"href":"https:\/\/simfoniya.az\/en\/wp-json\/wp\/v2\/brand?post=19000"},{"taxonomy":"category_2","embeddable":true,"href":"https:\/\/simfoniya.az\/en\/wp-json\/wp\/v2\/category_2?post=19000"},{"taxonomy":"catergory_brand","embeddable":true,"href":"https:\/\/simfoniya.az\/en\/wp-json\/wp\/v2\/catergory_brand?post=19000"}],"curies":[{"name":"wp","href":"https:\/\/api.w.org\/{rel}","templated":true}]}}