{"id":19002,"date":"2024-06-02T05:37:35","date_gmt":"2024-06-02T05:37:35","guid":{"rendered":"https:\/\/simfoniya.az\/product\/il-tempo-fregi-299-sag-skaf-53x41x170-komplekt\/"},"modified":"2024-10-04T12:45:34","modified_gmt":"2024-10-04T12:45:34","slug":"il-tempo-fregi-299-sag-skaf-53x41x170-komplekt","status":"publish","type":"product","link":"https:\/\/simfoniya.az\/en\/product\/il-tempo-fregi-299-sag-skaf-53x41x170-komplekt\/","title":{"rendered":"Tempo Fregi \/ Furniture"},"content":{"rendered":"<div class=\"flex max-w-full flex-col flex-grow\">\n<div class=\"min-h-8 text-message flex w-full flex-col items-end gap-2 whitespace-normal break-words [.text-message+&amp;]:mt-5\" dir=\"auto\" data-message-author-role=\"assistant\" data-message-id=\"1ad861c8-022e-4618-9f22-c089364a8412\">\n<div class=\"flex w-full flex-col gap-1 empty:hidden first:pt-[3px]\">\n<div class=\"markdown prose w-full break-words dark:prose-invert light\">\n<p>Bu, klassik neoklassik stil\u0259 malik a\u011f r\u0259ngli vitrin dolab\u0131d\u0131r. Onun q\u00f6vs forma dizayn\u0131 v\u0259 inc\u0259 ayaqlar\u0131 ona z\u0259rif v\u0259 g\u00f6z\u0259l bir g\u00f6r\u00fcn\u00fc\u015f verir. Dolab\u0131n \u00fcst hiss\u0259si \u015f\u00fc\u015f\u0259 qap\u0131larla b\u0259z\u0259dilib, bu da i\u00e7\u0259rid\u0259ki \u0259\u015fyalar\u0131n g\u00f6rs\u0259n\u0259r\u0259k n\u00fcmayi\u015f etdirilm\u0259sin\u0259 imkan verir. A\u015fa\u011f\u0131 hiss\u0259d\u0259 is\u0259 \u00e7\u0259km\u0259c\u0259 v\u0259 dolab b\u00f6lm\u0259si yerl\u0259\u015fir ki, bu da \u0259lav\u0259 saxlama sah\u0259si t\u0259klif edir. Bu dolab, yem\u0259kxanalar v\u0259 qonaq otaqlar\u0131 \u00fc\u00e7\u00fcn m\u00fck\u0259mm\u0259l bir se\u00e7imdir, h\u0259m faydal\u0131 saxlama yerini, h\u0259m d\u0259 g\u00f6z\u0259l dekorativ elementi t\u0259min edir.<\/p>\n<\/div>\n<\/div>\n<\/div>\n<\/div>\n<div class=\"mb-2 flex gap-3 empty:hidden -ml-2\">\n<div class=\"items-center justify-start rounded-xl p-1 flex\">\n<div class=\"flex items-center\"><button class=\"rounded-lg text-token-text-secondary hover:bg-token-main-surface-secondary\" aria-label=\"Read aloud\" data-testid=\"voice-play-turn-action-button\"><\/button><button class=\"rounded-lg text-token-text-secondary hover:bg-token-main-surface-secondary\" aria-label=\"\u041a\u043e\u043f\u0438\u0440\u043e\u0432\u0430\u0442\u044c\" data-testid=\"copy-turn-action-button\"><\/button><\/p>\n<div class=\"flex\"><\/div>\n<div class=\"flex items-center pb-0\"><\/div>\n<\/div>\n<\/div>\n<\/div>\n","protected":false},"excerpt":{"rendered":"<p>Bu, klassik neoklassik stil\u0259 malik a\u011f r\u0259ngli vitrin dolab\u0131d\u0131r. Onun q\u00f6vs forma dizayn\u0131 v\u0259 inc\u0259 ayaqlar\u0131 ona z\u0259rif v\u0259 g\u00f6z\u0259l bir g\u00f6r\u00fcn\u00fc\u015f verir. Dolab\u0131n \u00fcst hiss\u0259si \u015f\u00fc\u015f\u0259 qap\u0131larla b\u0259z\u0259dilib, bu da i\u00e7\u0259rid\u0259ki \u0259\u015fyalar\u0131n g\u00f6rs\u0259n\u0259r\u0259k n\u00fcmayi\u015f etdirilm\u0259sin\u0259 imkan verir. A\u015fa\u011f\u0131 hiss\u0259d\u0259 is\u0259 \u00e7\u0259km\u0259c\u0259 v\u0259 dolab b\u00f6lm\u0259si yerl\u0259\u015fir ki, bu da \u0259lav\u0259 saxlama sah\u0259si t\u0259klif edir. Bu dolab, yem\u0259kxanalar v\u0259 qonaq otaqlar\u0131\u2026<\/p>","protected":false},"featured_media":22966,"comment_status":"closed","ping_status":"closed","template":"","meta":[],"product_brand":[],"product_cat":[1506],"product_tag":[],"collection":[],"brand":[1505],"category_2":[],"catergory_brand":[],"class_list":{"0":"post-19002","1":"product","2":"type-product","3":"status-publish","4":"has-post-thumbnail","6":"product_cat-bathroom-vanity","7":"brand-il-tempo","9":"first","10":"instock","11":"shipping-taxable","12":"product-type-simple"},"_links":{"self":[{"href":"https:\/\/simfoniya.az\/en\/wp-json\/wp\/v2\/product\/19002","targetHints":{"allow":["GET"]}}],"collection":[{"href":"https:\/\/simfoniya.az\/en\/wp-json\/wp\/v2\/product"}],"about":[{"href":"https:\/\/simfoniya.az\/en\/wp-json\/wp\/v2\/types\/product"}],"replies":[{"embeddable":true,"href":"https:\/\/simfoniya.az\/en\/wp-json\/wp\/v2\/comments?post=19002"}],"wp:featuredmedia":[{"embeddable":true,"href":"https:\/\/simfoniya.az\/en\/wp-json\/wp\/v2\/media\/22966"}],"wp:attachment":[{"href":"https:\/\/simfoniya.az\/en\/wp-json\/wp\/v2\/media?parent=19002"}],"wp:term":[{"taxonomy":"product_brand","embeddable":true,"href":"https:\/\/simfoniya.az\/en\/wp-json\/wp\/v2\/product_brand?post=19002"},{"taxonomy":"product_cat","embeddable":true,"href":"https:\/\/simfoniya.az\/en\/wp-json\/wp\/v2\/product_cat?post=19002"},{"taxonomy":"product_tag","embeddable":true,"href":"https:\/\/simfoniya.az\/en\/wp-json\/wp\/v2\/product_tag?post=19002"},{"taxonomy":"collection","embeddable":true,"href":"https:\/\/simfoniya.az\/en\/wp-json\/wp\/v2\/collection?post=19002"},{"taxonomy":"brand","embeddable":true,"href":"https:\/\/simfoniya.az\/en\/wp-json\/wp\/v2\/brand?post=19002"},{"taxonomy":"category_2","embeddable":true,"href":"https:\/\/simfoniya.az\/en\/wp-json\/wp\/v2\/category_2?post=19002"},{"taxonomy":"catergory_brand","embeddable":true,"href":"https:\/\/simfoniya.az\/en\/wp-json\/wp\/v2\/catergory_brand?post=19002"}],"curies":[{"name":"wp","href":"https:\/\/api.w.org\/{rel}","templated":true}]}}