{"id":19004,"date":"2024-06-02T05:37:37","date_gmt":"2024-06-02T05:37:37","guid":{"rendered":"https:\/\/simfoniya.az\/product\/il-tempo-laccato-2580-aplik-isiq\/"},"modified":"2024-10-04T12:44:19","modified_gmt":"2024-10-04T12:44:19","slug":"il-tempo-laccato-2580-aplik-isiq","status":"publish","type":"product","link":"https:\/\/simfoniya.az\/en\/product\/il-tempo-laccato-2580-aplik-isiq\/","title":{"rendered":"Tempo Laccato \/ Bra"},"content":{"rendered":"<div class=\"flex max-w-full flex-col flex-grow\">\n<div class=\"min-h-8 text-message flex w-full flex-col items-end gap-2 whitespace-normal break-words [.text-message+&amp;]:mt-5\" dir=\"auto\" data-message-author-role=\"assistant\" data-message-id=\"a758c15c-804b-43c3-ba3d-df8764947b67\">\n<div class=\"flex w-full flex-col gap-1 empty:hidden first:pt-[3px]\">\n<div class=\"markdown prose w-full break-words dark:prose-invert light\">\n<p>Bu, klassik v\u0259 z\u0259rif dizayna malik divar i\u015f\u0131\u011f\u0131d\u0131r. Parlaq metal g\u00f6vd\u0259si v\u0259 qara abajur il\u0259, bu i\u015f\u0131q d\u00fcz\u0259ni h\u0259r hans\u0131 bir otaqda g\u00f6z\u0259l bir \u0259lav\u0259 ed\u0259r\u0259k, sofistike bir toxunu\u015f verir. \u0130\u015f\u0131q yuxar\u0131 v\u0259 a\u015fa\u011f\u0131 y\u00f6n\u0259l\u0259 bil\u0259n qurulu\u015fa malikdir ki, bu da istifad\u0259\u00e7iy\u0259 i\u015f\u0131qland\u0131rma d\u0259r\u0259c\u0259sini v\u0259 y\u00f6n\u00fcn\u00fc t\u0259nziml\u0259m\u0259 imkan\u0131 verir. Bu i\u015f\u0131q qur\u011fusu, ya\u015fay\u0131\u015f otaqlar\u0131, yataq otaqlar\u0131 v\u0259 i\u015f m\u0259kanlar\u0131 \u00fc\u00e7\u00fcn ideald\u0131r.<\/p>\n<\/div>\n<\/div>\n<\/div>\n<\/div>\n<div class=\"mb-2 flex gap-3 empty:hidden -ml-2\">\n<div class=\"items-center justify-start rounded-xl p-1 flex\">\n<div class=\"flex items-center\"><button class=\"rounded-lg text-token-text-secondary hover:bg-token-main-surface-secondary\" aria-label=\"Read aloud\" data-testid=\"voice-play-turn-action-button\"><\/button><button class=\"rounded-lg text-token-text-secondary hover:bg-token-main-surface-secondary\" aria-label=\"\u041a\u043e\u043f\u0438\u0440\u043e\u0432\u0430\u0442\u044c\" data-testid=\"copy-turn-action-button\"><\/button><\/p>\n<div class=\"flex\"><\/div>\n<div class=\"flex items-center pb-0\"><\/div>\n<\/div>\n<\/div>\n<\/div>\n","protected":false},"excerpt":{"rendered":"<p>Bu, klassik v\u0259 z\u0259rif dizayna malik divar i\u015f\u0131\u011f\u0131d\u0131r. Parlaq metal g\u00f6vd\u0259si v\u0259 qara abajur il\u0259, bu i\u015f\u0131q d\u00fcz\u0259ni h\u0259r hans\u0131 bir otaqda g\u00f6z\u0259l bir \u0259lav\u0259 ed\u0259r\u0259k, sofistike bir toxunu\u015f verir. \u0130\u015f\u0131q yuxar\u0131 v\u0259 a\u015fa\u011f\u0131 y\u00f6n\u0259l\u0259 bil\u0259n qurulu\u015fa malikdir ki, bu da istifad\u0259\u00e7iy\u0259 i\u015f\u0131qland\u0131rma d\u0259r\u0259c\u0259sini v\u0259 y\u00f6n\u00fcn\u00fc t\u0259nziml\u0259m\u0259 imkan\u0131 verir. Bu i\u015f\u0131q qur\u011fusu, ya\u015fay\u0131\u015f otaqlar\u0131, yataq otaqlar\u0131 v\u0259 i\u015f m\u0259kanlar\u0131 \u00fc\u00e7\u00fcn\u2026<\/p>","protected":false},"featured_media":22527,"comment_status":"closed","ping_status":"closed","template":"","meta":[],"product_brand":[],"product_cat":[76],"product_tag":[],"collection":[],"brand":[1505],"category_2":[],"catergory_brand":[],"class_list":{"0":"post-19004","1":"product","2":"type-product","3":"status-publish","4":"has-post-thumbnail","6":"product_cat-all","7":"brand-il-tempo","9":"first","10":"instock","11":"shipping-taxable","12":"product-type-simple"},"_links":{"self":[{"href":"https:\/\/simfoniya.az\/en\/wp-json\/wp\/v2\/product\/19004","targetHints":{"allow":["GET"]}}],"collection":[{"href":"https:\/\/simfoniya.az\/en\/wp-json\/wp\/v2\/product"}],"about":[{"href":"https:\/\/simfoniya.az\/en\/wp-json\/wp\/v2\/types\/product"}],"replies":[{"embeddable":true,"href":"https:\/\/simfoniya.az\/en\/wp-json\/wp\/v2\/comments?post=19004"}],"wp:featuredmedia":[{"embeddable":true,"href":"https:\/\/simfoniya.az\/en\/wp-json\/wp\/v2\/media\/22527"}],"wp:attachment":[{"href":"https:\/\/simfoniya.az\/en\/wp-json\/wp\/v2\/media?parent=19004"}],"wp:term":[{"taxonomy":"product_brand","embeddable":true,"href":"https:\/\/simfoniya.az\/en\/wp-json\/wp\/v2\/product_brand?post=19004"},{"taxonomy":"product_cat","embeddable":true,"href":"https:\/\/simfoniya.az\/en\/wp-json\/wp\/v2\/product_cat?post=19004"},{"taxonomy":"product_tag","embeddable":true,"href":"https:\/\/simfoniya.az\/en\/wp-json\/wp\/v2\/product_tag?post=19004"},{"taxonomy":"collection","embeddable":true,"href":"https:\/\/simfoniya.az\/en\/wp-json\/wp\/v2\/collection?post=19004"},{"taxonomy":"brand","embeddable":true,"href":"https:\/\/simfoniya.az\/en\/wp-json\/wp\/v2\/brand?post=19004"},{"taxonomy":"category_2","embeddable":true,"href":"https:\/\/simfoniya.az\/en\/wp-json\/wp\/v2\/category_2?post=19004"},{"taxonomy":"catergory_brand","embeddable":true,"href":"https:\/\/simfoniya.az\/en\/wp-json\/wp\/v2\/catergory_brand?post=19004"}],"curies":[{"name":"wp","href":"https:\/\/api.w.org\/{rel}","templated":true}]}}