{"id":19006,"date":"2024-06-02T05:37:39","date_gmt":"2024-06-02T05:37:39","guid":{"rendered":"https:\/\/simfoniya.az\/product\/kerama-marazzi-artbasin-sabbia-rakovina-malva-mat\/"},"modified":"2024-11-04T08:53:46","modified_gmt":"2024-11-04T08:53:46","slug":"kerama-marazzi-artbasin-sabbia-rakovina-malva-mat","status":"publish","type":"product","link":"https:\/\/simfoniya.az\/en\/product\/kerama-marazzi-artbasin-sabbia-rakovina-malva-mat\/","title":{"rendered":"Kerama Marazzi \/ Moyka"},"content":{"rendered":"<div class=\"flex max-w-full flex-col flex-grow\">\n<div class=\"min-h-8 text-message flex w-full flex-col items-end gap-2 whitespace-normal break-words [.text-message+&amp;]:mt-5\" dir=\"auto\" data-message-author-role=\"assistant\" data-message-id=\"c9ef2109-75fe-4ff8-8050-66531820faf1\">\n<div class=\"flex w-full flex-col gap-1 empty:hidden first:pt-[3px]\">\n<div class=\"markdown prose w-full break-words dark:prose-invert light\">\n<p>A\u00e7\u0131q boz r\u0259ngd\u0259 v\u0259 q\u0131r\u0131\u015fl\u0131 dizayna malik dair\u0259vi moyka. Bu stil ona m\u00fcasir v\u0259 unikal g\u00f6r\u00fcn\u00fc\u015f verir, m\u00fcasir hamam ota\u011f\u0131 v\u0259 ya m\u0259tb\u0259x interyerl\u0259rin\u0259 yax\u015f\u0131 uy\u011funla\u015f\u0131r. Moyka, ehtimal ki, keramika v\u0259 ya ox\u015far materialdan haz\u0131rlanm\u0131\u015fd\u0131r ki, bu da sad\u0259lik v\u0259 t\u0259mizlik estetikas\u0131n\u0131 \u0259lav\u0259 edir.<\/p>\n<\/div>\n<\/div>\n<\/div>\n<\/div>\n<div class=\"mb-2 flex gap-3 empty:hidden -ml-2\">\n<div class=\"items-center justify-start rounded-xl p-1 flex\">\n<div class=\"flex items-center\">\n<p>&nbsp;<\/p>\n<div class=\"flex\"><\/div>\n<div class=\"flex items-center pb-0\"><\/div>\n<\/div>\n<\/div>\n<\/div>\n","protected":false},"excerpt":{"rendered":"<p>Round washcloth in light gray color and with creased design. This style gives it a modern and unique look, well suited to modern bathroom or kitchen interiors. The sink is probably made of ceramic or a similar material, which adds to the aesthetics of simplicity and cleanliness. &nbsp;<\/p>","protected":false},"featured_media":19005,"comment_status":"closed","ping_status":"closed","template":"","meta":[],"product_brand":[],"product_cat":[1461],"product_tag":[],"collection":[],"brand":[79],"category_2":[],"catergory_brand":[],"class_list":{"0":"post-19006","1":"product","2":"type-product","3":"status-publish","4":"has-post-thumbnail","6":"product_cat-wash-basins","7":"brand-kerama-marazzi","9":"first","10":"instock","11":"shipping-taxable","12":"product-type-simple"},"_links":{"self":[{"href":"https:\/\/simfoniya.az\/en\/wp-json\/wp\/v2\/product\/19006","targetHints":{"allow":["GET"]}}],"collection":[{"href":"https:\/\/simfoniya.az\/en\/wp-json\/wp\/v2\/product"}],"about":[{"href":"https:\/\/simfoniya.az\/en\/wp-json\/wp\/v2\/types\/product"}],"replies":[{"embeddable":true,"href":"https:\/\/simfoniya.az\/en\/wp-json\/wp\/v2\/comments?post=19006"}],"wp:featuredmedia":[{"embeddable":true,"href":"https:\/\/simfoniya.az\/en\/wp-json\/wp\/v2\/media\/19005"}],"wp:attachment":[{"href":"https:\/\/simfoniya.az\/en\/wp-json\/wp\/v2\/media?parent=19006"}],"wp:term":[{"taxonomy":"product_brand","embeddable":true,"href":"https:\/\/simfoniya.az\/en\/wp-json\/wp\/v2\/product_brand?post=19006"},{"taxonomy":"product_cat","embeddable":true,"href":"https:\/\/simfoniya.az\/en\/wp-json\/wp\/v2\/product_cat?post=19006"},{"taxonomy":"product_tag","embeddable":true,"href":"https:\/\/simfoniya.az\/en\/wp-json\/wp\/v2\/product_tag?post=19006"},{"taxonomy":"collection","embeddable":true,"href":"https:\/\/simfoniya.az\/en\/wp-json\/wp\/v2\/collection?post=19006"},{"taxonomy":"brand","embeddable":true,"href":"https:\/\/simfoniya.az\/en\/wp-json\/wp\/v2\/brand?post=19006"},{"taxonomy":"category_2","embeddable":true,"href":"https:\/\/simfoniya.az\/en\/wp-json\/wp\/v2\/category_2?post=19006"},{"taxonomy":"catergory_brand","embeddable":true,"href":"https:\/\/simfoniya.az\/en\/wp-json\/wp\/v2\/catergory_brand?post=19006"}],"curies":[{"name":"wp","href":"https:\/\/api.w.org\/{rel}","templated":true}]}}