{"id":19017,"date":"2024-06-02T06:00:47","date_gmt":"2024-06-02T06:00:47","guid":{"rendered":"https:\/\/simfoniya.az\/product\/kerama-marazzi-bacok-kriskasi\/"},"modified":"2024-10-04T11:53:07","modified_gmt":"2024-10-04T11:53:07","slug":"kerama-marazzi-bacok-kriskasi","status":"publish","type":"product","link":"https:\/\/simfoniya.az\/en\/product\/kerama-marazzi-bacok-kriskasi\/","title":{"rendered":"Kerama Marazzi \/ Siphon button"},"content":{"rendered":"<div class=\"flex max-w-full flex-col flex-grow\">\n<div class=\"min-h-8 text-message flex w-full flex-col items-end gap-2 whitespace-normal break-words [.text-message+&amp;]:mt-5\" dir=\"auto\" data-message-author-role=\"assistant\" data-message-id=\"e5373b5e-3280-4d32-a0c0-149e17ff9495\">\n<div class=\"flex w-full flex-col gap-1 empty:hidden first:pt-[3px]\">\n<div class=\"markdown prose w-full break-words dark:prose-invert light\">\n<p>Bu, m\u00fcasir v\u0259 \u015f\u0131k dizaynl\u0131 bir sifon d\u00fcym\u0259sidir. Parlaq metal \u00e7\u0259r\u00e7iv\u0259si il\u0259 bu d\u00fcym\u0259, h\u0259m funksional, h\u0259m d\u0259 estetik bir elementdir. Minimalist v\u0259 d\u00fczbucaql\u0131 x\u0259tt dizayn\u0131 il\u0259, bu d\u00fcym\u0259 m\u00fcasir tualetl\u0259rin dizayn\u0131na asanl\u0131qla inteqrasiya olunur, m\u00fcasir v\u0259 t\u0259miz bir g\u00f6r\u00fcn\u00fc\u015f yarad\u0131r. \u0130ki m\u00fcxt\u0259lif b\u00f6lm\u0259si olan bu d\u00fcym\u0259, suyun miqdar\u0131n\u0131 t\u0259nziml\u0259m\u0259y\u0259 imkan verir, bel\u0259likl\u0259 su istifad\u0259sini daha effektiv v\u0259 ekoloji c\u0259h\u0259td\u0259n m\u0259qbul edir.<\/p>\n<\/div>\n<\/div>\n<\/div>\n<\/div>\n<div class=\"mb-2 flex gap-3 empty:hidden -ml-2\">\n<div class=\"items-center justify-start rounded-xl p-1 flex\">\n<div class=\"flex items-center\"><button class=\"rounded-lg text-token-text-secondary hover:bg-token-main-surface-secondary\" aria-label=\"Read aloud\" data-testid=\"voice-play-turn-action-button\"><\/button><button class=\"rounded-lg text-token-text-secondary hover:bg-token-main-surface-secondary\" aria-label=\"\u041a\u043e\u043f\u0438\u0440\u043e\u0432\u0430\u0442\u044c\" data-testid=\"copy-turn-action-button\"><\/button><\/p>\n<div class=\"flex\"><\/div>\n<div class=\"flex items-center pb-0\"><\/div>\n<\/div>\n<\/div>\n<\/div>\n","protected":false},"excerpt":{"rendered":"<p>Bu, m\u00fcasir v\u0259 \u015f\u0131k dizaynl\u0131 bir sifon d\u00fcym\u0259sidir. Parlaq metal \u00e7\u0259r\u00e7iv\u0259si il\u0259 bu d\u00fcym\u0259, h\u0259m funksional, h\u0259m d\u0259 estetik bir elementdir. Minimalist v\u0259 d\u00fczbucaql\u0131 x\u0259tt dizayn\u0131 il\u0259, bu d\u00fcym\u0259 m\u00fcasir tualetl\u0259rin dizayn\u0131na asanl\u0131qla inteqrasiya olunur, m\u00fcasir v\u0259 t\u0259miz bir g\u00f6r\u00fcn\u00fc\u015f yarad\u0131r. \u0130ki m\u00fcxt\u0259lif b\u00f6lm\u0259si olan bu d\u00fcym\u0259, suyun miqdar\u0131n\u0131 t\u0259nziml\u0259m\u0259y\u0259 imkan verir, bel\u0259likl\u0259 su istifad\u0259sini daha effektiv v\u0259 ekoloji c\u0259h\u0259td\u0259n\u2026<\/p>","protected":false},"featured_media":19016,"comment_status":"closed","ping_status":"closed","template":"","meta":[],"product_brand":[],"product_cat":[1506],"product_tag":[],"collection":[],"brand":[79],"category_2":[],"catergory_brand":[],"class_list":{"0":"post-19017","1":"product","2":"type-product","3":"status-publish","4":"has-post-thumbnail","6":"product_cat-bathroom-vanity","7":"brand-kerama-marazzi","9":"first","10":"instock","11":"shipping-taxable","12":"product-type-simple"},"_links":{"self":[{"href":"https:\/\/simfoniya.az\/en\/wp-json\/wp\/v2\/product\/19017","targetHints":{"allow":["GET"]}}],"collection":[{"href":"https:\/\/simfoniya.az\/en\/wp-json\/wp\/v2\/product"}],"about":[{"href":"https:\/\/simfoniya.az\/en\/wp-json\/wp\/v2\/types\/product"}],"replies":[{"embeddable":true,"href":"https:\/\/simfoniya.az\/en\/wp-json\/wp\/v2\/comments?post=19017"}],"wp:featuredmedia":[{"embeddable":true,"href":"https:\/\/simfoniya.az\/en\/wp-json\/wp\/v2\/media\/19016"}],"wp:attachment":[{"href":"https:\/\/simfoniya.az\/en\/wp-json\/wp\/v2\/media?parent=19017"}],"wp:term":[{"taxonomy":"product_brand","embeddable":true,"href":"https:\/\/simfoniya.az\/en\/wp-json\/wp\/v2\/product_brand?post=19017"},{"taxonomy":"product_cat","embeddable":true,"href":"https:\/\/simfoniya.az\/en\/wp-json\/wp\/v2\/product_cat?post=19017"},{"taxonomy":"product_tag","embeddable":true,"href":"https:\/\/simfoniya.az\/en\/wp-json\/wp\/v2\/product_tag?post=19017"},{"taxonomy":"collection","embeddable":true,"href":"https:\/\/simfoniya.az\/en\/wp-json\/wp\/v2\/collection?post=19017"},{"taxonomy":"brand","embeddable":true,"href":"https:\/\/simfoniya.az\/en\/wp-json\/wp\/v2\/brand?post=19017"},{"taxonomy":"category_2","embeddable":true,"href":"https:\/\/simfoniya.az\/en\/wp-json\/wp\/v2\/category_2?post=19017"},{"taxonomy":"catergory_brand","embeddable":true,"href":"https:\/\/simfoniya.az\/en\/wp-json\/wp\/v2\/catergory_brand?post=19017"}],"curies":[{"name":"wp","href":"https:\/\/api.w.org\/{rel}","templated":true}]}}