{"id":19025,"date":"2024-06-02T06:01:12","date_gmt":"2024-06-02T06:01:12","guid":{"rendered":"https:\/\/simfoniya.az\/product\/kerama-marazzi-buongiorno-rakovina-60sm\/"},"modified":"2024-11-04T08:54:44","modified_gmt":"2024-11-04T08:54:44","slug":"kerama-marazzi-buongiorno-rakovina-60sm","status":"publish","type":"product","link":"https:\/\/simfoniya.az\/en\/product\/kerama-marazzi-buongiorno-rakovina-60sm\/","title":{"rendered":"Kerama Marazzi \/ Moyka"},"content":{"rendered":"<div class=\"flex max-w-full flex-col flex-grow\">\n<div class=\"min-h-8 text-message flex w-full flex-col items-end gap-2 whitespace-normal break-words [.text-message+&amp;]:mt-5\" dir=\"auto\" data-message-author-role=\"assistant\" data-message-id=\"ec6402d2-e17b-4e5a-9cbf-c0b915d10961\">\n<div class=\"flex w-full flex-col gap-1 empty:hidden first:pt-[3px]\">\n<div class=\"markdown prose w-full break-words dark:prose-invert light\">\n<p>Bu, m\u00fcasir dizaynl\u0131 a\u011f seramik moykad\u0131r. Onun d\u00fczbucaql\u0131 formu v\u0259 geni\u015f s\u0259thi, h\u0259r hans\u0131 bir vanna ota\u011f\u0131na uy\u011fun z\u0259rif v\u0259 t\u0259miz bir g\u00f6r\u00fcn\u00fc\u015f t\u0259min edir. \u0130nteqrasiya edilmi\u015f kran \u00fc\u00e7\u00fcn x\u00fcsusi delikl\u0259r praktik v\u0259 funksional x\u00fcsusiyy\u0259tl\u0259r \u0259lav\u0259 edir. Bu moyka, m\u00fcasir vanna otaqlar\u0131 \u00fc\u00e7\u00fcn ideal v\u0259 davaml\u0131 bir se\u00e7imdir.<\/p>\n<\/div>\n<\/div>\n<\/div>\n<\/div>\n<div class=\"mb-2 flex gap-3 empty:hidden -ml-2\">\n<div class=\"items-center justify-start rounded-xl p-1 flex\">\n<div class=\"flex items-center\">\n<p>&nbsp;<\/p>\n<div class=\"flex\"><\/div>\n<div class=\"flex items-center pb-0\"><\/div>\n<\/div>\n<\/div>\n<\/div>\n","protected":false},"excerpt":{"rendered":"<p>This is a white ceramic sink with a modern design. Its rectangular shape and wide surface provide an elegant and clean look suitable for any bathroom. Special holes for the integrated faucet add practical and functional features. This sink is an ideal and durable choice for modern bathrooms. &nbsp;<\/p>","protected":false},"featured_media":19024,"comment_status":"closed","ping_status":"closed","template":"","meta":[],"product_brand":[],"product_cat":[1461],"product_tag":[],"collection":[],"brand":[79],"category_2":[],"catergory_brand":[],"class_list":{"0":"post-19025","1":"product","2":"type-product","3":"status-publish","4":"has-post-thumbnail","6":"product_cat-wash-basins","7":"brand-kerama-marazzi","9":"first","10":"instock","11":"shipping-taxable","12":"product-type-simple"},"_links":{"self":[{"href":"https:\/\/simfoniya.az\/en\/wp-json\/wp\/v2\/product\/19025","targetHints":{"allow":["GET"]}}],"collection":[{"href":"https:\/\/simfoniya.az\/en\/wp-json\/wp\/v2\/product"}],"about":[{"href":"https:\/\/simfoniya.az\/en\/wp-json\/wp\/v2\/types\/product"}],"replies":[{"embeddable":true,"href":"https:\/\/simfoniya.az\/en\/wp-json\/wp\/v2\/comments?post=19025"}],"wp:featuredmedia":[{"embeddable":true,"href":"https:\/\/simfoniya.az\/en\/wp-json\/wp\/v2\/media\/19024"}],"wp:attachment":[{"href":"https:\/\/simfoniya.az\/en\/wp-json\/wp\/v2\/media?parent=19025"}],"wp:term":[{"taxonomy":"product_brand","embeddable":true,"href":"https:\/\/simfoniya.az\/en\/wp-json\/wp\/v2\/product_brand?post=19025"},{"taxonomy":"product_cat","embeddable":true,"href":"https:\/\/simfoniya.az\/en\/wp-json\/wp\/v2\/product_cat?post=19025"},{"taxonomy":"product_tag","embeddable":true,"href":"https:\/\/simfoniya.az\/en\/wp-json\/wp\/v2\/product_tag?post=19025"},{"taxonomy":"collection","embeddable":true,"href":"https:\/\/simfoniya.az\/en\/wp-json\/wp\/v2\/collection?post=19025"},{"taxonomy":"brand","embeddable":true,"href":"https:\/\/simfoniya.az\/en\/wp-json\/wp\/v2\/brand?post=19025"},{"taxonomy":"category_2","embeddable":true,"href":"https:\/\/simfoniya.az\/en\/wp-json\/wp\/v2\/category_2?post=19025"},{"taxonomy":"catergory_brand","embeddable":true,"href":"https:\/\/simfoniya.az\/en\/wp-json\/wp\/v2\/catergory_brand?post=19025"}],"curies":[{"name":"wp","href":"https:\/\/api.w.org\/{rel}","templated":true}]}}