{"id":19031,"date":"2024-06-02T06:01:26","date_gmt":"2024-06-02T06:01:26","guid":{"rendered":"https:\/\/simfoniya.az\/product\/kerama-marazzi-canaletto-2-siyirtme-ag-100cmdezgah-seriyguzgurakovna\/"},"modified":"2024-10-04T10:31:34","modified_gmt":"2024-10-04T10:31:34","slug":"kerama-marazzi-canaletto-2-siyirtme-ag-100cmdezgah-seriyguzgurakovna","status":"publish","type":"product","link":"https:\/\/simfoniya.az\/en\/product\/kerama-marazzi-canaletto-2-siyirtme-ag-100cmdezgah-seriyguzgurakovna\/","title":{"rendered":"Kerama Marazzi \/ Moyka furniture"},"content":{"rendered":"<div class=\"flex max-w-full flex-col flex-grow\">\n<div class=\"min-h-8 text-message flex w-full flex-col items-end gap-2 whitespace-normal break-words [.text-message+&amp;]:mt-5\" dir=\"auto\" data-message-author-role=\"assistant\" data-message-id=\"48ad5bde-bfc8-4356-b209-a566dc23744c\">\n<div class=\"flex w-full flex-col gap-1 empty:hidden first:pt-[3px]\">\n<div class=\"markdown prose w-full break-words dark:prose-invert light\">\n<p>Bu, a\u011f r\u0259ngli dolabl\u0131 seramik moykad\u0131r. Onun m\u00fcasir v\u0259 t\u0259miz dizayn\u0131, parlaq s\u0259thi il\u0259 h\u0259r hans\u0131 bir vanna ota\u011f\u0131n\u0131 z\u0259nginl\u0259\u015fdirir. Dolabda iki geni\u015f \u00e7\u0259km\u0259c\u0259 yerl\u0259\u015fir, h\u0259r biri \u0259\u015fyalar\u0131 d\u00fcz\u0259nli saxlamaq \u00fc\u00e7\u00fcn kifay\u0259t q\u0259d\u0259r yer t\u0259min edir. \u00c7\u0259km\u0259c\u0259l\u0259rin \u015f\u0259ffaf tutacaqlar\u0131 dizayna z\u0259rif bir toxunu\u015f \u0259lav\u0259 edir. Bu dolabl\u0131 moyka, h\u0259m praktiklik h\u0259m d\u0259 estetik c\u0259h\u0259td\u0259n t\u0259l\u0259b ed\u0259n m\u00fcasir vanna otaqlar\u0131 \u00fc\u00e7\u00fcn m\u00fck\u0259mm\u0259l bir se\u00e7imdir.<\/p>\n<\/div>\n<\/div>\n<\/div>\n<\/div>\n<div class=\"mb-2 flex gap-3 empty:hidden -ml-2\">\n<div class=\"items-center justify-start rounded-xl p-1 flex\">\n<div class=\"flex items-center\"><button class=\"rounded-lg text-token-text-secondary hover:bg-token-main-surface-secondary\" aria-label=\"Read aloud\" data-testid=\"voice-play-turn-action-button\"><\/button><button class=\"rounded-lg text-token-text-secondary hover:bg-token-main-surface-secondary\" aria-label=\"\u041a\u043e\u043f\u0438\u0440\u043e\u0432\u0430\u0442\u044c\" data-testid=\"copy-turn-action-button\"><\/button><\/p>\n<div class=\"flex\"><\/div>\n<div class=\"flex items-center pb-0\"><\/div>\n<\/div>\n<\/div>\n<\/div>\n","protected":false},"excerpt":{"rendered":"<p>This is a white ceramic sink with cabinet. Its modern and clean design will enrich any bathroom with its glossy surface. The cabinet houses two spacious drawers, each providing ample space for keeping things organized. The transparent handles of the drawers add an elegant touch to the design. This sink with cabinet is perfect for modern bathrooms that demand both practicality and aesthetics\u2026<\/p>","protected":false},"featured_media":19030,"comment_status":"closed","ping_status":"closed","template":"","meta":[],"product_brand":[],"product_cat":[1506],"product_tag":[],"collection":[],"brand":[79],"category_2":[],"catergory_brand":[],"class_list":{"0":"post-19031","1":"product","2":"type-product","3":"status-publish","4":"has-post-thumbnail","6":"product_cat-bathroom-vanity","7":"brand-kerama-marazzi","9":"first","10":"instock","11":"shipping-taxable","12":"product-type-simple"},"_links":{"self":[{"href":"https:\/\/simfoniya.az\/en\/wp-json\/wp\/v2\/product\/19031","targetHints":{"allow":["GET"]}}],"collection":[{"href":"https:\/\/simfoniya.az\/en\/wp-json\/wp\/v2\/product"}],"about":[{"href":"https:\/\/simfoniya.az\/en\/wp-json\/wp\/v2\/types\/product"}],"replies":[{"embeddable":true,"href":"https:\/\/simfoniya.az\/en\/wp-json\/wp\/v2\/comments?post=19031"}],"wp:featuredmedia":[{"embeddable":true,"href":"https:\/\/simfoniya.az\/en\/wp-json\/wp\/v2\/media\/19030"}],"wp:attachment":[{"href":"https:\/\/simfoniya.az\/en\/wp-json\/wp\/v2\/media?parent=19031"}],"wp:term":[{"taxonomy":"product_brand","embeddable":true,"href":"https:\/\/simfoniya.az\/en\/wp-json\/wp\/v2\/product_brand?post=19031"},{"taxonomy":"product_cat","embeddable":true,"href":"https:\/\/simfoniya.az\/en\/wp-json\/wp\/v2\/product_cat?post=19031"},{"taxonomy":"product_tag","embeddable":true,"href":"https:\/\/simfoniya.az\/en\/wp-json\/wp\/v2\/product_tag?post=19031"},{"taxonomy":"collection","embeddable":true,"href":"https:\/\/simfoniya.az\/en\/wp-json\/wp\/v2\/collection?post=19031"},{"taxonomy":"brand","embeddable":true,"href":"https:\/\/simfoniya.az\/en\/wp-json\/wp\/v2\/brand?post=19031"},{"taxonomy":"category_2","embeddable":true,"href":"https:\/\/simfoniya.az\/en\/wp-json\/wp\/v2\/category_2?post=19031"},{"taxonomy":"catergory_brand","embeddable":true,"href":"https:\/\/simfoniya.az\/en\/wp-json\/wp\/v2\/catergory_brand?post=19031"}],"curies":[{"name":"wp","href":"https:\/\/api.w.org\/{rel}","templated":true}]}}