{"id":19041,"date":"2024-06-02T06:01:43","date_gmt":"2024-06-02T06:01:43","guid":{"rendered":"https:\/\/simfoniya.az\/product\/kerama-marazzi-canaletto-rakovina-qara-2\/"},"modified":"2024-11-04T08:57:45","modified_gmt":"2024-11-04T08:57:45","slug":"kerama-marazzi-canaletto-rakovina-qara-2","status":"publish","type":"product","link":"https:\/\/simfoniya.az\/en\/product\/kerama-marazzi-canaletto-rakovina-qara-2\/","title":{"rendered":"Kerama Marazzi \/ Moyka"},"content":{"rendered":"<div class=\"flex max-w-full flex-col flex-grow\">\n<div class=\"min-h-8 text-message flex w-full flex-col items-end gap-2 whitespace-normal break-words [.text-message+&amp;]:mt-5\" dir=\"auto\" data-message-author-role=\"assistant\" data-message-id=\"ef0943cb-f2ce-4069-94ba-f636d8ed8649\">\n<div class=\"flex w-full flex-col gap-1 empty:hidden first:pt-[3px]\">\n<div class=\"markdown prose w-full break-words dark:prose-invert light\">\n<p>Bu, qara r\u0259ngli oval seramik moykad\u0131r. Onun sade v\u0259 m\u00fcasir dizayn\u0131, h\u0259r hans\u0131 bir vanna ota\u011f\u0131na \u015f\u0131k bir toxunu\u015f \u0259lav\u0259 edir. Davaml\u0131 material\u0131 v\u0259 asan t\u0259mizl\u0259n\u0259n s\u0259thi, praktik v\u0259 uzun\u00f6m\u00fcrl\u00fc bir se\u00e7im t\u0259klif edir. Moykan\u0131n yumu\u015faq konturlar\u0131 suyun ax\u0131n\u0131n\u0131 effektivl\u0259\u015fdirir, m\u00fcasir v\u0259 funksional vanna otaqlar\u0131 \u00fc\u00e7\u00fcn ideald\u0131r.<\/p>\n<\/div>\n<\/div>\n<\/div>\n<\/div>\n<div class=\"mb-2 flex gap-3 empty:hidden -ml-2\">\n<div class=\"items-center justify-start rounded-xl p-1 flex\">\n<div class=\"flex items-center\">\n<p>&nbsp;<\/p>\n<div class=\"flex\"><\/div>\n<div class=\"flex items-center pb-0\"><\/div>\n<\/div>\n<\/div>\n<\/div>\n","protected":false},"excerpt":{"rendered":"<p>This is a black oval ceramic sink. Its simple and modern design adds a stylish touch to any bathroom. The durable material and easy-to-clean surface offer a practical and long-lasting option. The smooth contours of the sink improve the flow of water, making it ideal for modern and functional bathrooms. &nbsp;<\/p>","protected":false},"featured_media":22161,"comment_status":"closed","ping_status":"closed","template":"","meta":[],"product_brand":[],"product_cat":[1461],"product_tag":[],"collection":[],"brand":[79],"category_2":[],"catergory_brand":[],"class_list":{"0":"post-19041","1":"product","2":"type-product","3":"status-publish","4":"has-post-thumbnail","6":"product_cat-wash-basins","7":"brand-kerama-marazzi","9":"first","10":"instock","11":"shipping-taxable","12":"product-type-simple"},"_links":{"self":[{"href":"https:\/\/simfoniya.az\/en\/wp-json\/wp\/v2\/product\/19041","targetHints":{"allow":["GET"]}}],"collection":[{"href":"https:\/\/simfoniya.az\/en\/wp-json\/wp\/v2\/product"}],"about":[{"href":"https:\/\/simfoniya.az\/en\/wp-json\/wp\/v2\/types\/product"}],"replies":[{"embeddable":true,"href":"https:\/\/simfoniya.az\/en\/wp-json\/wp\/v2\/comments?post=19041"}],"wp:featuredmedia":[{"embeddable":true,"href":"https:\/\/simfoniya.az\/en\/wp-json\/wp\/v2\/media\/22161"}],"wp:attachment":[{"href":"https:\/\/simfoniya.az\/en\/wp-json\/wp\/v2\/media?parent=19041"}],"wp:term":[{"taxonomy":"product_brand","embeddable":true,"href":"https:\/\/simfoniya.az\/en\/wp-json\/wp\/v2\/product_brand?post=19041"},{"taxonomy":"product_cat","embeddable":true,"href":"https:\/\/simfoniya.az\/en\/wp-json\/wp\/v2\/product_cat?post=19041"},{"taxonomy":"product_tag","embeddable":true,"href":"https:\/\/simfoniya.az\/en\/wp-json\/wp\/v2\/product_tag?post=19041"},{"taxonomy":"collection","embeddable":true,"href":"https:\/\/simfoniya.az\/en\/wp-json\/wp\/v2\/collection?post=19041"},{"taxonomy":"brand","embeddable":true,"href":"https:\/\/simfoniya.az\/en\/wp-json\/wp\/v2\/brand?post=19041"},{"taxonomy":"category_2","embeddable":true,"href":"https:\/\/simfoniya.az\/en\/wp-json\/wp\/v2\/category_2?post=19041"},{"taxonomy":"catergory_brand","embeddable":true,"href":"https:\/\/simfoniya.az\/en\/wp-json\/wp\/v2\/catergory_brand?post=19041"}],"curies":[{"name":"wp","href":"https:\/\/api.w.org\/{rel}","templated":true}]}}