{"id":19049,"date":"2024-06-02T06:02:13","date_gmt":"2024-06-02T06:02:13","guid":{"rendered":"https:\/\/simfoniya.az\/product\/kerama-marazzi-cono-guzgu-mat-qara\/"},"modified":"2024-10-04T10:25:26","modified_gmt":"2024-10-04T10:25:26","slug":"kerama-marazzi-cono-guzgu-mat-qara","status":"publish","type":"product","link":"https:\/\/simfoniya.az\/en\/product\/kerama-marazzi-cono-guzgu-mat-qara\/","title":{"rendered":"Kerama Marazzi \/ Mirror"},"content":{"rendered":"<div class=\"flex max-w-full flex-col flex-grow\">\n<div class=\"min-h-8 text-message flex w-full flex-col items-end gap-2 whitespace-normal break-words [.text-message+&amp;]:mt-5\" dir=\"auto\" data-message-author-role=\"assistant\" data-message-id=\"d9c7826a-f301-4939-a920-bac86c4f01c1\">\n<div class=\"flex w-full flex-col gap-1 empty:hidden first:pt-[3px]\">\n<div class=\"markdown prose w-full break-words dark:prose-invert light\">\n<p>Bu, oval formada v\u0259 qara \u00e7\u0259r\u00e7iv\u0259li m\u00fcasir bir aynad\u0131r. Onun sade v\u0259 z\u0259rif dizayn\u0131 h\u0259r hans\u0131 bir ota\u011fa m\u00fcasirlik v\u0259 g\u00f6z\u0259llik \u0259lav\u0259 edir. Qara \u00e7\u0259r\u00e7iv\u0259, aynan\u0131n g\u00f6z\u0259l formalar\u0131n\u0131 daha da vur\u011fulay\u0131r v\u0259 m\u00fcasir v\u0259 klassik interyerl\u0259r\u0259 uy\u011funla\u015fd\u0131r\u0131r. Bu ayna, h\u0259m vanna otaqlar\u0131nda, h\u0259m d\u0259 giri\u015f holunda v\u0259 ya qonaq ota\u011f\u0131nda \u0259la bir dekorativ element kimi istifad\u0259 edil\u0259 bil\u0259r, h\u0259m\u00e7inin ki\u00e7ik m\u0259kanlar\u0131 daha geni\u015f v\u0259 i\u015f\u0131ql\u0131 g\u00f6st\u0259rm\u0259k x\u00fcsusiyy\u0259tin\u0259 malikdir.<\/p>\n<\/div>\n<\/div>\n<\/div>\n<\/div>\n<div class=\"mb-2 flex gap-3 empty:hidden -ml-2\">\n<div class=\"items-center justify-start rounded-xl p-1 flex\">\n<div class=\"flex items-center\"><button class=\"rounded-lg text-token-text-secondary hover:bg-token-main-surface-secondary\" aria-label=\"Read aloud\" data-testid=\"voice-play-turn-action-button\"><\/button><button class=\"rounded-lg text-token-text-secondary hover:bg-token-main-surface-secondary\" aria-label=\"\u041a\u043e\u043f\u0438\u0440\u043e\u0432\u0430\u0442\u044c\" data-testid=\"copy-turn-action-button\"><\/button><\/p>\n<div class=\"flex\"><\/div>\n<div class=\"flex items-center pb-0\"><\/div>\n<\/div>\n<\/div>\n<\/div>\n","protected":false},"excerpt":{"rendered":"<p>Bu, oval formada v\u0259 qara \u00e7\u0259r\u00e7iv\u0259li m\u00fcasir bir aynad\u0131r. Onun sade v\u0259 z\u0259rif dizayn\u0131 h\u0259r hans\u0131 bir ota\u011fa m\u00fcasirlik v\u0259 g\u00f6z\u0259llik \u0259lav\u0259 edir. Qara \u00e7\u0259r\u00e7iv\u0259, aynan\u0131n g\u00f6z\u0259l formalar\u0131n\u0131 daha da vur\u011fulay\u0131r v\u0259 m\u00fcasir v\u0259 klassik interyerl\u0259r\u0259 uy\u011funla\u015fd\u0131r\u0131r. Bu ayna, h\u0259m vanna otaqlar\u0131nda, h\u0259m d\u0259 giri\u015f holunda v\u0259 ya qonaq ota\u011f\u0131nda \u0259la bir dekorativ element kimi istifad\u0259 edil\u0259 bil\u0259r, h\u0259m\u00e7inin ki\u00e7ik\u2026<\/p>","protected":false},"featured_media":22930,"comment_status":"closed","ping_status":"closed","template":"","meta":[],"product_brand":[],"product_cat":[426],"product_tag":[],"collection":[],"brand":[79],"category_2":[],"catergory_brand":[],"class_list":{"0":"post-19049","1":"product","2":"type-product","3":"status-publish","4":"has-post-thumbnail","6":"product_cat-makeup-mirrors","7":"brand-kerama-marazzi","9":"first","10":"instock","11":"shipping-taxable","12":"product-type-simple"},"_links":{"self":[{"href":"https:\/\/simfoniya.az\/en\/wp-json\/wp\/v2\/product\/19049","targetHints":{"allow":["GET"]}}],"collection":[{"href":"https:\/\/simfoniya.az\/en\/wp-json\/wp\/v2\/product"}],"about":[{"href":"https:\/\/simfoniya.az\/en\/wp-json\/wp\/v2\/types\/product"}],"replies":[{"embeddable":true,"href":"https:\/\/simfoniya.az\/en\/wp-json\/wp\/v2\/comments?post=19049"}],"wp:featuredmedia":[{"embeddable":true,"href":"https:\/\/simfoniya.az\/en\/wp-json\/wp\/v2\/media\/22930"}],"wp:attachment":[{"href":"https:\/\/simfoniya.az\/en\/wp-json\/wp\/v2\/media?parent=19049"}],"wp:term":[{"taxonomy":"product_brand","embeddable":true,"href":"https:\/\/simfoniya.az\/en\/wp-json\/wp\/v2\/product_brand?post=19049"},{"taxonomy":"product_cat","embeddable":true,"href":"https:\/\/simfoniya.az\/en\/wp-json\/wp\/v2\/product_cat?post=19049"},{"taxonomy":"product_tag","embeddable":true,"href":"https:\/\/simfoniya.az\/en\/wp-json\/wp\/v2\/product_tag?post=19049"},{"taxonomy":"collection","embeddable":true,"href":"https:\/\/simfoniya.az\/en\/wp-json\/wp\/v2\/collection?post=19049"},{"taxonomy":"brand","embeddable":true,"href":"https:\/\/simfoniya.az\/en\/wp-json\/wp\/v2\/brand?post=19049"},{"taxonomy":"category_2","embeddable":true,"href":"https:\/\/simfoniya.az\/en\/wp-json\/wp\/v2\/category_2?post=19049"},{"taxonomy":"catergory_brand","embeddable":true,"href":"https:\/\/simfoniya.az\/en\/wp-json\/wp\/v2\/catergory_brand?post=19049"}],"curies":[{"name":"wp","href":"https:\/\/api.w.org\/{rel}","templated":true}]}}