{"id":19053,"date":"2024-06-02T06:02:22","date_gmt":"2024-06-02T06:02:22","guid":{"rendered":"https:\/\/simfoniya.az\/product\/kerama-marazzi-cono-yerden-co-97-gen-agrakovina\/"},"modified":"2024-11-04T09:04:47","modified_gmt":"2024-11-04T09:04:47","slug":"kerama-marazzi-cono-yerden-co-97-gen-agrakovina","status":"publish","type":"product","link":"https:\/\/simfoniya.az\/en\/product\/kerama-marazzi-cono-yerden-co-97-gen-agrakovina\/","title":{"rendered":"Kerama Marazzi \/ Moyka furniture"},"content":{"rendered":"<div class=\"flex max-w-full flex-col flex-grow\">\n<div class=\"min-h-8 text-message flex w-full flex-col items-end gap-2 whitespace-normal break-words [.text-message+&amp;]:mt-5\" dir=\"auto\" data-message-author-role=\"assistant\" data-message-id=\"a905ab77-d821-45ce-9f64-3af416390eb9\">\n<div class=\"flex w-full flex-col gap-1 empty:hidden first:pt-[3px]\">\n<div class=\"markdown prose w-full break-words dark:prose-invert light\">\n<p>Bu, m\u00fcasir v\u0259 yarad\u0131c\u0131 dizayna malik dolabl\u0131 moykad\u0131r. A\u011f r\u0259ngli dolab t\u0259miz v\u0259 s\u0259liq\u0259li bir g\u00f6r\u00fcn\u00fc\u015f yaradark\u0259n, mavi r\u0259ngli \u00fcst qism v\u0259 r\u0259f b\u00f6lm\u0259si \u00e7ox c\u0259lbedici v\u0259 d\u0259rin bir t\u0259sir ba\u011f\u0131\u015flay\u0131r. Dolab\u0131n dizayn\u0131nda istifad\u0259 edil\u0259n a\u00e7\u0131q mavi v\u0259 g\u00f6y r\u0259ngl\u0259r, d\u0259niz m\u00f6vzusunu xat\u0131rlad\u0131r v\u0259 ota\u011fa s\u0259rinlik v\u0259 rahatl\u0131q hissi verir. Oval formada a\u011f seramik moyka is\u0259 z\u0259riflik v\u0259 m\u00fcasirlik \u0259lav\u0259 edir. Bu m\u00f6hk\u0259m v\u0259 estetik dolabl\u0131 moyka, m\u00fcxt\u0259lif interyerl\u0259r\u0259 uy\u011funla\u015fmaq v\u0259 g\u00f6z\u0259l bir m\u0259rk\u0259z n\u00f6qt\u0259si yaratmaq qabiliyy\u0259tin\u0259 malikdir.<\/p>\n<\/div>\n<\/div>\n<\/div>\n<\/div>\n<div class=\"mb-2 flex gap-3 empty:hidden -ml-2\">\n<div class=\"items-center justify-start rounded-xl p-1 flex\">\n<div class=\"flex items-center\">\n<p>&nbsp;<\/p>\n<div class=\"flex\"><\/div>\n<div class=\"flex items-center pb-0\"><\/div>\n<\/div>\n<\/div>\n<\/div>\n","protected":false},"excerpt":{"rendered":"<p>Bu, m\u00fcasir v\u0259 yarad\u0131c\u0131 dizayna malik dolabl\u0131 moykad\u0131r. A\u011f r\u0259ngli dolab t\u0259miz v\u0259 s\u0259liq\u0259li bir g\u00f6r\u00fcn\u00fc\u015f yaradark\u0259n, mavi r\u0259ngli \u00fcst qism v\u0259 r\u0259f b\u00f6lm\u0259si \u00e7ox c\u0259lbedici v\u0259 d\u0259rin bir t\u0259sir ba\u011f\u0131\u015flay\u0131r. Dolab\u0131n dizayn\u0131nda istifad\u0259 edil\u0259n a\u00e7\u0131q mavi v\u0259 g\u00f6y r\u0259ngl\u0259r, d\u0259niz m\u00f6vzusunu xat\u0131rlad\u0131r v\u0259 ota\u011fa s\u0259rinlik v\u0259 rahatl\u0131q hissi verir. Oval formada a\u011f seramik moyka is\u0259 z\u0259riflik v\u0259 m\u00fcasirlik \u0259lav\u0259\u2026<\/p>","protected":false},"featured_media":22155,"comment_status":"closed","ping_status":"closed","template":"","meta":[],"product_brand":[],"product_cat":[1506],"product_tag":[],"collection":[],"brand":[79],"category_2":[],"catergory_brand":[],"class_list":{"0":"post-19053","1":"product","2":"type-product","3":"status-publish","4":"has-post-thumbnail","6":"product_cat-bathroom-vanity","7":"brand-kerama-marazzi","9":"first","10":"instock","11":"shipping-taxable","12":"product-type-simple"},"_links":{"self":[{"href":"https:\/\/simfoniya.az\/en\/wp-json\/wp\/v2\/product\/19053","targetHints":{"allow":["GET"]}}],"collection":[{"href":"https:\/\/simfoniya.az\/en\/wp-json\/wp\/v2\/product"}],"about":[{"href":"https:\/\/simfoniya.az\/en\/wp-json\/wp\/v2\/types\/product"}],"replies":[{"embeddable":true,"href":"https:\/\/simfoniya.az\/en\/wp-json\/wp\/v2\/comments?post=19053"}],"wp:featuredmedia":[{"embeddable":true,"href":"https:\/\/simfoniya.az\/en\/wp-json\/wp\/v2\/media\/22155"}],"wp:attachment":[{"href":"https:\/\/simfoniya.az\/en\/wp-json\/wp\/v2\/media?parent=19053"}],"wp:term":[{"taxonomy":"product_brand","embeddable":true,"href":"https:\/\/simfoniya.az\/en\/wp-json\/wp\/v2\/product_brand?post=19053"},{"taxonomy":"product_cat","embeddable":true,"href":"https:\/\/simfoniya.az\/en\/wp-json\/wp\/v2\/product_cat?post=19053"},{"taxonomy":"product_tag","embeddable":true,"href":"https:\/\/simfoniya.az\/en\/wp-json\/wp\/v2\/product_tag?post=19053"},{"taxonomy":"collection","embeddable":true,"href":"https:\/\/simfoniya.az\/en\/wp-json\/wp\/v2\/collection?post=19053"},{"taxonomy":"brand","embeddable":true,"href":"https:\/\/simfoniya.az\/en\/wp-json\/wp\/v2\/brand?post=19053"},{"taxonomy":"category_2","embeddable":true,"href":"https:\/\/simfoniya.az\/en\/wp-json\/wp\/v2\/category_2?post=19053"},{"taxonomy":"catergory_brand","embeddable":true,"href":"https:\/\/simfoniya.az\/en\/wp-json\/wp\/v2\/catergory_brand?post=19053"}],"curies":[{"name":"wp","href":"https:\/\/api.w.org\/{rel}","templated":true}]}}